{"id":2902,"date":"2016-12-22T11:47:33","date_gmt":"2016-12-22T13:47:33","guid":{"rendered":"http:\/\/totallubri.com.br\/wp\/?post_type=product&#038;p=2902"},"modified":"2024-12-22T15:20:00","modified_gmt":"2024-12-22T18:20:00","slug":"bomba-manual-2008","status":"publish","type":"product","link":"https:\/\/totallubri.com.br\/?product=bomba-manual-2008","title":{"rendered":"Bomba Manual \u2013 2008 -LUPUS"},"content":{"rendered":"<p>Utilizado para aplica\u00e7\u00e3o de \u00d3leo, em pequena quantidade e em pontos espec\u00edficos devido ao bico fino e pr\u00e1tico no manuseio.<\/p>\n<p>Descri\u00e7\u00e3o: Bomba Manual<\/p>\n<p>Em a\u00e7o.<\/p>\n<p>Capacidade 500 ml<br \/>\nBico r\u00edgido<\/p>\n<p>Peso 310 g<br \/>\nMedidas (A) 195 mm x (L) 230 mm<\/p>\n","protected":false},"excerpt":{"rendered":"<p>Utilizado para aplica\u00e7\u00e3o de \u00d3leo, em pequena quantidade e em pontos espec\u00edficos devido ao bico fino e pr\u00e1tico no manuseio. Descri\u00e7\u00e3o: Bomba Manual Em a\u00e7o. Capacidade 500 ml Bico r\u00edgido Peso 310 g Medidas (A) 195 mm x (L) 230 mm<\/p>\n","protected":false},"featured_media":2906,"comment_status":"open","ping_status":"closed","template":"","meta":{"_exactmetrics_skip_tracking":false,"_exactmetrics_sitenote_active":false,"_exactmetrics_sitenote_note":"","_exactmetrics_sitenote_category":0},"product_brand":[],"product_cat":[99],"product_tag":[],"class_list":{"0":"post-2902","1":"product","2":"type-product","3":"status-publish","4":"has-post-thumbnail","6":"product_cat-bomba-manual-para-liquidos","8":"first","9":"instock","10":"shipping-taxable","11":"product-type-simple"},"_links":{"self":[{"href":"https:\/\/totallubri.com.br\/index.php?rest_route=\/wp\/v2\/product\/2902","targetHints":{"allow":["GET"]}}],"collection":[{"href":"https:\/\/totallubri.com.br\/index.php?rest_route=\/wp\/v2\/product"}],"about":[{"href":"https:\/\/totallubri.com.br\/index.php?rest_route=\/wp\/v2\/types\/product"}],"replies":[{"embeddable":true,"href":"https:\/\/totallubri.com.br\/index.php?rest_route=%2Fwp%2Fv2%2Fcomments&post=2902"}],"wp:featuredmedia":[{"embeddable":true,"href":"https:\/\/totallubri.com.br\/index.php?rest_route=\/wp\/v2\/media\/2906"}],"wp:attachment":[{"href":"https:\/\/totallubri.com.br\/index.php?rest_route=%2Fwp%2Fv2%2Fmedia&parent=2902"}],"wp:term":[{"taxonomy":"product_brand","embeddable":true,"href":"https:\/\/totallubri.com.br\/index.php?rest_route=%2Fwp%2Fv2%2Fproduct_brand&post=2902"},{"taxonomy":"product_cat","embeddable":true,"href":"https:\/\/totallubri.com.br\/index.php?rest_route=%2Fwp%2Fv2%2Fproduct_cat&post=2902"},{"taxonomy":"product_tag","embeddable":true,"href":"https:\/\/totallubri.com.br\/index.php?rest_route=%2Fwp%2Fv2%2Fproduct_tag&post=2902"}],"curies":[{"name":"wp","href":"https:\/\/api.w.org\/{rel}","templated":true}]}}