{"id":2907,"date":"2016-12-22T11:49:23","date_gmt":"2016-12-22T13:49:23","guid":{"rendered":"http:\/\/totallubri.com.br\/wp\/?post_type=product&#038;p=2907"},"modified":"2025-01-19T20:49:54","modified_gmt":"2025-01-19T23:49:54","slug":"graxeira-curva-90o-1017-lupus","status":"publish","type":"product","link":"https:\/\/totallubri.com.br\/?product=graxeira-curva-90o-1017-lupus","title":{"rendered":"Graxeira Curva 90\u00ba &#8211; 1017 -Lupus"},"content":{"rendered":"<p>Pinos Graxeiros facilitam a Introdu\u00e7\u00e3o da Graxa nos equipamentos e evitam a entrada de Poeira e umidade, evitando contamina\u00e7\u00e3o. Trabalhamos com diversos tipos, marcas e medidas, efetuamos a convers\u00e3o entre fabricantes. Consulte nos.<\/p>\n<p>Descri\u00e7\u00e3o:Graxeira Curva 90\u00ba<br \/>\nEm a\u00e7o galvanizado.<\/p>\n<p>Rosca 1\/8&#8243; NPT<br \/>\nEmbalagem 100 unidades<\/p>\n<p>Peso 5 g<br \/>\nMedidas (A) 19,5 mm x (L) 18,5 mm<\/p>\n","protected":false},"excerpt":{"rendered":"<p>Pinos Graxeiros facilitam a Introdu\u00e7\u00e3o da Graxa nos equipamentos e evitam a entrada de Poeira e umidade, evitando contamina\u00e7\u00e3o. Trabalhamos com diversos tipos, marcas e medidas, efetuamos a convers\u00e3o entre fabricantes. Consulte nos. Descri\u00e7\u00e3o:Graxeira Curva 90\u00ba Em a\u00e7o galvanizado. Rosca 1\/8&#8243; NPT Embalagem 100 unidades Peso 5 g Medidas (A) 19,5 mm x (L) 18,5 [&hellip;]<\/p>\n","protected":false},"featured_media":2909,"comment_status":"open","ping_status":"closed","template":"","meta":{"_exactmetrics_skip_tracking":false,"_exactmetrics_sitenote_active":false,"_exactmetrics_sitenote_note":"","_exactmetrics_sitenote_category":0},"product_brand":[],"product_cat":[130],"product_tag":[],"class_list":{"0":"post-2907","1":"product","2":"type-product","3":"status-publish","4":"has-post-thumbnail","6":"product_cat-itens-para-manutencao-em-geral","8":"first","9":"instock","10":"shipping-taxable","11":"product-type-simple"},"_links":{"self":[{"href":"https:\/\/totallubri.com.br\/index.php?rest_route=\/wp\/v2\/product\/2907","targetHints":{"allow":["GET"]}}],"collection":[{"href":"https:\/\/totallubri.com.br\/index.php?rest_route=\/wp\/v2\/product"}],"about":[{"href":"https:\/\/totallubri.com.br\/index.php?rest_route=\/wp\/v2\/types\/product"}],"replies":[{"embeddable":true,"href":"https:\/\/totallubri.com.br\/index.php?rest_route=%2Fwp%2Fv2%2Fcomments&post=2907"}],"wp:featuredmedia":[{"embeddable":true,"href":"https:\/\/totallubri.com.br\/index.php?rest_route=\/wp\/v2\/media\/2909"}],"wp:attachment":[{"href":"https:\/\/totallubri.com.br\/index.php?rest_route=%2Fwp%2Fv2%2Fmedia&parent=2907"}],"wp:term":[{"taxonomy":"product_brand","embeddable":true,"href":"https:\/\/totallubri.com.br\/index.php?rest_route=%2Fwp%2Fv2%2Fproduct_brand&post=2907"},{"taxonomy":"product_cat","embeddable":true,"href":"https:\/\/totallubri.com.br\/index.php?rest_route=%2Fwp%2Fv2%2Fproduct_cat&post=2907"},{"taxonomy":"product_tag","embeddable":true,"href":"https:\/\/totallubri.com.br\/index.php?rest_route=%2Fwp%2Fv2%2Fproduct_tag&post=2907"}],"curies":[{"name":"wp","href":"https:\/\/api.w.org\/{rel}","templated":true}]}}