{"id":2911,"date":"2016-12-22T11:49:19","date_gmt":"2016-12-22T13:49:19","guid":{"rendered":"http:\/\/totallubri.com.br\/wp\/?post_type=product&#038;p=2911"},"modified":"2024-12-22T15:11:51","modified_gmt":"2024-12-22T18:11:51","slug":"bomba-almotolia-2010","status":"publish","type":"product","link":"https:\/\/totallubri.com.br\/?product=bomba-almotolia-2010","title":{"rendered":"Bomba Almotolia \u2013 2010 -LUPUS"},"content":{"rendered":"<p>Utilizado para aplica\u00e7\u00e3o de \u00d3leo, em pequena quantidade e em pontos espec\u00edficos devido ao bico fino e pr\u00e1tico no manuseio.<\/p>\n<p>Descri\u00e7\u00e3o: Bomba Almotolia<\/p>\n<p>Em a\u00e7o.<\/p>\n<p>Capacidade 500 ml<br \/>\nBico flex\u00edvel<\/p>\n<p>Peso 310 g<br \/>\nMedidas (A) 190 mm x (L) 230 mm<\/p>\n","protected":false},"excerpt":{"rendered":"<p>Utilizado para aplica\u00e7\u00e3o de \u00d3leo, em pequena quantidade e em pontos espec\u00edficos devido ao bico fino e pr\u00e1tico no manuseio. Descri\u00e7\u00e3o: Bomba Almotolia Em a\u00e7o. Capacidade 500 ml Bico flex\u00edvel Peso 310 g Medidas (A) 190 mm x (L) 230 mm<\/p>\n","protected":false},"featured_media":2912,"comment_status":"open","ping_status":"closed","template":"","meta":{"_exactmetrics_skip_tracking":false,"_exactmetrics_sitenote_active":false,"_exactmetrics_sitenote_note":"","_exactmetrics_sitenote_category":0},"product_brand":[],"product_cat":[99],"product_tag":[],"class_list":{"0":"post-2911","1":"product","2":"type-product","3":"status-publish","4":"has-post-thumbnail","6":"product_cat-bomba-manual-para-liquidos","8":"first","9":"instock","10":"shipping-taxable","11":"product-type-simple"},"_links":{"self":[{"href":"https:\/\/totallubri.com.br\/index.php?rest_route=\/wp\/v2\/product\/2911","targetHints":{"allow":["GET"]}}],"collection":[{"href":"https:\/\/totallubri.com.br\/index.php?rest_route=\/wp\/v2\/product"}],"about":[{"href":"https:\/\/totallubri.com.br\/index.php?rest_route=\/wp\/v2\/types\/product"}],"replies":[{"embeddable":true,"href":"https:\/\/totallubri.com.br\/index.php?rest_route=%2Fwp%2Fv2%2Fcomments&post=2911"}],"wp:featuredmedia":[{"embeddable":true,"href":"https:\/\/totallubri.com.br\/index.php?rest_route=\/wp\/v2\/media\/2912"}],"wp:attachment":[{"href":"https:\/\/totallubri.com.br\/index.php?rest_route=%2Fwp%2Fv2%2Fmedia&parent=2911"}],"wp:term":[{"taxonomy":"product_brand","embeddable":true,"href":"https:\/\/totallubri.com.br\/index.php?rest_route=%2Fwp%2Fv2%2Fproduct_brand&post=2911"},{"taxonomy":"product_cat","embeddable":true,"href":"https:\/\/totallubri.com.br\/index.php?rest_route=%2Fwp%2Fv2%2Fproduct_cat&post=2911"},{"taxonomy":"product_tag","embeddable":true,"href":"https:\/\/totallubri.com.br\/index.php?rest_route=%2Fwp%2Fv2%2Fproduct_tag&post=2911"}],"curies":[{"name":"wp","href":"https:\/\/api.w.org\/{rel}","templated":true}]}}