{"id":2933,"date":"2016-12-22T11:55:49","date_gmt":"2016-12-22T13:55:49","guid":{"rendered":"http:\/\/totallubri.com.br\/wp\/?post_type=product&#038;p=2933"},"modified":"2024-11-22T10:48:04","modified_gmt":"2024-11-22T13:48:04","slug":"bomba-manual-para-oleo-lubrificante-9005-s","status":"publish","type":"product","link":"https:\/\/totallubri.com.br\/?product=bomba-manual-para-oleo-lubrificante-9005-s","title":{"rendered":"Bomba manual para \u00f3leo lubrificante \u2013 9005-S-LUPUS"},"content":{"rendered":"<p>Descri\u00e7\u00e3o: Bomba manual para \u00f3leo lubrificante<\/p>\n<p>Em chapa de a\u00e7o, \u00e0 prova de vazamento, para \u00f3leo lubrificante de alta viscosidade, bomba por a\u00e7\u00e3o de alavanca de m\u00e9dia press\u00e3o, com mangueira com v\u00e1lvula de corte e bengala.<\/p>\n<p>Capacidade 16 L<br \/>\nVaz\u00e3o livre 100 ml\/ciclo<br \/>\nPress\u00e3o m\u00e1xima de opera\u00e7\u00e3o 50 PSI<br \/>\nMangueira 1,5 m<\/p>\n<p>Peso 9,5 kg<\/p>\n","protected":false},"excerpt":{"rendered":"<p>Descri\u00e7\u00e3o: Bomba manual para \u00f3leo lubrificante Em chapa de a\u00e7o, \u00e0 prova de vazamento, para \u00f3leo lubrificante de alta viscosidade, bomba por a\u00e7\u00e3o de alavanca de m\u00e9dia press\u00e3o, com mangueira com v\u00e1lvula de corte e bengala. Capacidade 16 L Vaz\u00e3o livre 100 ml\/ciclo Press\u00e3o m\u00e1xima de opera\u00e7\u00e3o 50 PSI Mangueira 1,5 m Peso 9,5 kg<\/p>\n","protected":false},"featured_media":2935,"comment_status":"open","ping_status":"closed","template":"","meta":{"_exactmetrics_skip_tracking":false,"_exactmetrics_sitenote_active":false,"_exactmetrics_sitenote_note":"","_exactmetrics_sitenote_category":0},"product_brand":[],"product_cat":[99],"product_tag":[],"class_list":{"0":"post-2933","1":"product","2":"type-product","3":"status-publish","4":"has-post-thumbnail","6":"product_cat-bomba-manual-para-liquidos","8":"first","9":"instock","10":"shipping-taxable","11":"product-type-simple"},"_links":{"self":[{"href":"https:\/\/totallubri.com.br\/index.php?rest_route=\/wp\/v2\/product\/2933","targetHints":{"allow":["GET"]}}],"collection":[{"href":"https:\/\/totallubri.com.br\/index.php?rest_route=\/wp\/v2\/product"}],"about":[{"href":"https:\/\/totallubri.com.br\/index.php?rest_route=\/wp\/v2\/types\/product"}],"replies":[{"embeddable":true,"href":"https:\/\/totallubri.com.br\/index.php?rest_route=%2Fwp%2Fv2%2Fcomments&post=2933"}],"wp:featuredmedia":[{"embeddable":true,"href":"https:\/\/totallubri.com.br\/index.php?rest_route=\/wp\/v2\/media\/2935"}],"wp:attachment":[{"href":"https:\/\/totallubri.com.br\/index.php?rest_route=%2Fwp%2Fv2%2Fmedia&parent=2933"}],"wp:term":[{"taxonomy":"product_brand","embeddable":true,"href":"https:\/\/totallubri.com.br\/index.php?rest_route=%2Fwp%2Fv2%2Fproduct_brand&post=2933"},{"taxonomy":"product_cat","embeddable":true,"href":"https:\/\/totallubri.com.br\/index.php?rest_route=%2Fwp%2Fv2%2Fproduct_cat&post=2933"},{"taxonomy":"product_tag","embeddable":true,"href":"https:\/\/totallubri.com.br\/index.php?rest_route=%2Fwp%2Fv2%2Fproduct_tag&post=2933"}],"curies":[{"name":"wp","href":"https:\/\/api.w.org\/{rel}","templated":true}]}}