{"id":2942,"date":"2016-12-22T11:58:14","date_gmt":"2016-12-22T13:58:14","guid":{"rendered":"http:\/\/totallubri.com.br\/wp\/?post_type=product&#038;p=2942"},"modified":"2025-01-19T20:35:57","modified_gmt":"2025-01-19T23:35:57","slug":"graxeira-reta-1009-lupus","status":"publish","type":"product","link":"https:\/\/totallubri.com.br\/?product=graxeira-reta-1009-lupus","title":{"rendered":"Graxeira Reta &#8211; 1009 &#8211; Lupus"},"content":{"rendered":"<p>Pinos Graxeiros facilitam a Introdu\u00e7\u00e3o da Graxa nos equipamentos e evitam a entrada de Poeira e umidade, evitando contamina\u00e7\u00e3o.Trabalhamos com v\u00e1rios tipos, marcas e medidas, efetuamos a convers\u00e3o entre fabricantes. Consulte-nos.<\/p>\n<p>Descri\u00e7\u00e3o:Graxeira Reta<br \/>\nEm a\u00e7o galvanizado.<\/p>\n<p>Rosca M10X1<br \/>\nEmbalagem 100 unidades<\/p>\n<p>Peso 4 g<br \/>\nMedidas (A) 14,2 mm x (L) 9,6 mm<\/p>\n","protected":false},"excerpt":{"rendered":"<p>Pinos Graxeiros facilitam a Introdu\u00e7\u00e3o da Graxa nos equipamentos e evitam a entrada de Poeira e umidade, evitando contamina\u00e7\u00e3o.Trabalhamos com v\u00e1rios tipos, marcas e medidas, efetuamos a convers\u00e3o entre fabricantes. Consulte-nos. Descri\u00e7\u00e3o:Graxeira Reta Em a\u00e7o galvanizado. Rosca M10X1 Embalagem 100 unidades Peso 4 g Medidas (A) 14,2 mm x (L) 9,6 mm<\/p>\n","protected":false},"featured_media":2943,"comment_status":"open","ping_status":"closed","template":"","meta":{"_exactmetrics_skip_tracking":false,"_exactmetrics_sitenote_active":false,"_exactmetrics_sitenote_note":"","_exactmetrics_sitenote_category":0},"product_brand":[],"product_cat":[130],"product_tag":[],"class_list":{"0":"post-2942","1":"product","2":"type-product","3":"status-publish","4":"has-post-thumbnail","6":"product_cat-itens-para-manutencao-em-geral","8":"first","9":"instock","10":"shipping-taxable","11":"product-type-simple"},"_links":{"self":[{"href":"https:\/\/totallubri.com.br\/index.php?rest_route=\/wp\/v2\/product\/2942","targetHints":{"allow":["GET"]}}],"collection":[{"href":"https:\/\/totallubri.com.br\/index.php?rest_route=\/wp\/v2\/product"}],"about":[{"href":"https:\/\/totallubri.com.br\/index.php?rest_route=\/wp\/v2\/types\/product"}],"replies":[{"embeddable":true,"href":"https:\/\/totallubri.com.br\/index.php?rest_route=%2Fwp%2Fv2%2Fcomments&post=2942"}],"wp:featuredmedia":[{"embeddable":true,"href":"https:\/\/totallubri.com.br\/index.php?rest_route=\/wp\/v2\/media\/2943"}],"wp:attachment":[{"href":"https:\/\/totallubri.com.br\/index.php?rest_route=%2Fwp%2Fv2%2Fmedia&parent=2942"}],"wp:term":[{"taxonomy":"product_brand","embeddable":true,"href":"https:\/\/totallubri.com.br\/index.php?rest_route=%2Fwp%2Fv2%2Fproduct_brand&post=2942"},{"taxonomy":"product_cat","embeddable":true,"href":"https:\/\/totallubri.com.br\/index.php?rest_route=%2Fwp%2Fv2%2Fproduct_cat&post=2942"},{"taxonomy":"product_tag","embeddable":true,"href":"https:\/\/totallubri.com.br\/index.php?rest_route=%2Fwp%2Fv2%2Fproduct_tag&post=2942"}],"curies":[{"name":"wp","href":"https:\/\/api.w.org\/{rel}","templated":true}]}}