{"id":2960,"date":"2016-12-22T12:11:55","date_gmt":"2016-12-22T14:11:55","guid":{"rendered":"http:\/\/totallubri.com.br\/wp\/?post_type=product&#038;p=2960"},"modified":"2025-01-19T20:14:33","modified_gmt":"2025-01-19T23:14:33","slug":"graxeira-tipo-botao-1028-lupus","status":"publish","type":"product","link":"https:\/\/totallubri.com.br\/?product=graxeira-tipo-botao-1028-lupus","title":{"rendered":"Graxeira Standard Tipo Botao &#8211; 1028 &#8211; LUPUS"},"content":{"rendered":"<p>Pinos Graxeiros facilitam a Introdu\u00e7\u00e3o da Graxa nos equipamentos e evitam a entrada de Poeira e umidade, evitando contamina\u00e7\u00e3o.<\/p>\n<p>Descri\u00e7\u00e3o:Graxeira Standard Tipo Bot\u00e3o<br \/>\nEm a\u00e7o galvanizado.<\/p>\n<p>Rosca 3\/8&#8243; NPT<br \/>\nEmbalagem 01 unidades<\/p>\n<p>Peso 34 g<br \/>\nMedidas (A) 25 mm x (L) 19 mm<\/p>\n","protected":false},"excerpt":{"rendered":"<p>Pinos Graxeiros facilitam a Introdu\u00e7\u00e3o da Graxa nos equipamentos e evitam a entrada de Poeira e umidade, evitando contamina\u00e7\u00e3o. Descri\u00e7\u00e3o:Graxeira Standard Tipo Bot\u00e3o Em a\u00e7o galvanizado. Rosca 3\/8&#8243; NPT Embalagem 01 unidades Peso 34 g Medidas (A) 25 mm x (L) 19 mm<\/p>\n","protected":false},"featured_media":2961,"comment_status":"open","ping_status":"closed","template":"","meta":{"_exactmetrics_skip_tracking":false,"_exactmetrics_sitenote_active":false,"_exactmetrics_sitenote_note":"","_exactmetrics_sitenote_category":0},"product_brand":[],"product_cat":[130],"product_tag":[],"class_list":{"0":"post-2960","1":"product","2":"type-product","3":"status-publish","4":"has-post-thumbnail","6":"product_cat-itens-para-manutencao-em-geral","8":"first","9":"instock","10":"shipping-taxable","11":"product-type-simple"},"_links":{"self":[{"href":"https:\/\/totallubri.com.br\/index.php?rest_route=\/wp\/v2\/product\/2960","targetHints":{"allow":["GET"]}}],"collection":[{"href":"https:\/\/totallubri.com.br\/index.php?rest_route=\/wp\/v2\/product"}],"about":[{"href":"https:\/\/totallubri.com.br\/index.php?rest_route=\/wp\/v2\/types\/product"}],"replies":[{"embeddable":true,"href":"https:\/\/totallubri.com.br\/index.php?rest_route=%2Fwp%2Fv2%2Fcomments&post=2960"}],"wp:featuredmedia":[{"embeddable":true,"href":"https:\/\/totallubri.com.br\/index.php?rest_route=\/wp\/v2\/media\/2961"}],"wp:attachment":[{"href":"https:\/\/totallubri.com.br\/index.php?rest_route=%2Fwp%2Fv2%2Fmedia&parent=2960"}],"wp:term":[{"taxonomy":"product_brand","embeddable":true,"href":"https:\/\/totallubri.com.br\/index.php?rest_route=%2Fwp%2Fv2%2Fproduct_brand&post=2960"},{"taxonomy":"product_cat","embeddable":true,"href":"https:\/\/totallubri.com.br\/index.php?rest_route=%2Fwp%2Fv2%2Fproduct_cat&post=2960"},{"taxonomy":"product_tag","embeddable":true,"href":"https:\/\/totallubri.com.br\/index.php?rest_route=%2Fwp%2Fv2%2Fproduct_tag&post=2960"}],"curies":[{"name":"wp","href":"https:\/\/api.w.org\/{rel}","templated":true}]}}