{"id":2968,"date":"2016-12-22T12:16:57","date_gmt":"2016-12-22T14:16:57","guid":{"rendered":"http:\/\/totallubri.com.br\/wp\/?post_type=product&#038;p=2968"},"modified":"2025-01-19T18:41:35","modified_gmt":"2025-01-19T21:41:35","slug":"graxeira-tipo-botao-1032-lupus","status":"publish","type":"product","link":"https:\/\/totallubri.com.br\/?product=graxeira-tipo-botao-1032-lupus","title":{"rendered":"Graxeira Gigante Tipo Botao \u2013 1032 \u2013 LUPUS"},"content":{"rendered":"<p>Pinos Graxeiros facilitam a Introdu\u00e7\u00e3o da Graxa nos equipamentos e evitam a entrada de Poeira e umidade, evitando contamina\u00e7\u00e3o.<\/p>\n<p>Descri\u00e7\u00e3o:Graxeira Gigante Tipo Bot\u00e3o<br \/>\nEm a\u00e7o galvanizado.<\/p>\n<p>Rosca 1\/2&#8243; NPT<br \/>\nEmbalagem 01 unidades<\/p>\n<p>Peso 60 g<br \/>\nMedidas (A) 33 mm x (L) 22,2 mm<\/p>\n","protected":false},"excerpt":{"rendered":"<p>Pinos Graxeiros facilitam a Introdu\u00e7\u00e3o da Graxa nos equipamentos e evitam a entrada de Poeira e umidade, evitando contamina\u00e7\u00e3o. Descri\u00e7\u00e3o:Graxeira Gigante Tipo Bot\u00e3o Em a\u00e7o galvanizado. Rosca 1\/2&#8243; NPT Embalagem 01 unidades Peso 60 g Medidas (A) 33 mm x (L) 22,2 mm<\/p>\n","protected":false},"featured_media":2969,"comment_status":"open","ping_status":"closed","template":"","meta":{"_exactmetrics_skip_tracking":false,"_exactmetrics_sitenote_active":false,"_exactmetrics_sitenote_note":"","_exactmetrics_sitenote_category":0},"product_brand":[],"product_cat":[130],"product_tag":[],"class_list":{"0":"post-2968","1":"product","2":"type-product","3":"status-publish","4":"has-post-thumbnail","6":"product_cat-itens-para-manutencao-em-geral","8":"first","9":"instock","10":"shipping-taxable","11":"product-type-simple"},"_links":{"self":[{"href":"https:\/\/totallubri.com.br\/index.php?rest_route=\/wp\/v2\/product\/2968","targetHints":{"allow":["GET"]}}],"collection":[{"href":"https:\/\/totallubri.com.br\/index.php?rest_route=\/wp\/v2\/product"}],"about":[{"href":"https:\/\/totallubri.com.br\/index.php?rest_route=\/wp\/v2\/types\/product"}],"replies":[{"embeddable":true,"href":"https:\/\/totallubri.com.br\/index.php?rest_route=%2Fwp%2Fv2%2Fcomments&post=2968"}],"wp:featuredmedia":[{"embeddable":true,"href":"https:\/\/totallubri.com.br\/index.php?rest_route=\/wp\/v2\/media\/2969"}],"wp:attachment":[{"href":"https:\/\/totallubri.com.br\/index.php?rest_route=%2Fwp%2Fv2%2Fmedia&parent=2968"}],"wp:term":[{"taxonomy":"product_brand","embeddable":true,"href":"https:\/\/totallubri.com.br\/index.php?rest_route=%2Fwp%2Fv2%2Fproduct_brand&post=2968"},{"taxonomy":"product_cat","embeddable":true,"href":"https:\/\/totallubri.com.br\/index.php?rest_route=%2Fwp%2Fv2%2Fproduct_cat&post=2968"},{"taxonomy":"product_tag","embeddable":true,"href":"https:\/\/totallubri.com.br\/index.php?rest_route=%2Fwp%2Fv2%2Fproduct_tag&post=2968"}],"curies":[{"name":"wp","href":"https:\/\/api.w.org\/{rel}","templated":true}]}}