{"id":2976,"date":"2016-12-22T12:23:12","date_gmt":"2016-12-22T14:23:12","guid":{"rendered":"http:\/\/totallubri.com.br\/wp\/?post_type=product&#038;p=2976"},"modified":"2016-12-22T12:23:12","modified_gmt":"2016-12-22T14:23:12","slug":"lubrificador-automatico-com-mola-4534-lupus","status":"publish","type":"product","link":"https:\/\/totallubri.com.br\/?product=lubrificador-automatico-com-mola-4534-lupus","title":{"rendered":"Lubrificador Autom\u00e1tico com Mola &#8211; 4534 &#8211; Lupus"},"content":{"rendered":"<p>Lubrificador Autom\u00e1tico com Mola<br \/>\nEm alum\u00ednio, com mola ajust\u00e1vel.<\/p>\n<p>Capacidade do recipiente 75 cc<br \/>\nTemperatura m\u00e1xima de opera\u00e7\u00e3o 100\u00b0<br \/>\nConex\u00e3o 1\/4&#8243; NPT<br \/>\nGraxas NLGI 0 a NLGI 3<br \/>\nPress\u00e3o de mola<br \/>\nleve (5 PSI)<br \/>\nm\u00e9dia (10 PSI)<br \/>\npesada (15 PSI)<br \/>\nLubrifica\u00e7\u00e3o cont\u00ednua<br \/>\nPrograma\u00e7\u00e3o N\/A<\/p>\n<p>Peso 310 g<br \/>\nMedidas (A) 121 mm x 63 mm<br \/>\nOBS: Produto recarreg\u00e1vel<\/p>\n","protected":false},"excerpt":{"rendered":"<p>Lubrificador Autom\u00e1tico com Mola Em alum\u00ednio, com mola ajust\u00e1vel. Capacidade do recipiente 75 cc Temperatura m\u00e1xima de opera\u00e7\u00e3o 100\u00b0 Conex\u00e3o 1\/4&#8243; NPT Graxas NLGI 0 a NLGI 3 Press\u00e3o de mola leve (5 PSI) m\u00e9dia (10 PSI) pesada (15 PSI) Lubrifica\u00e7\u00e3o cont\u00ednua Programa\u00e7\u00e3o N\/A Peso 310 g Medidas (A) 121 mm x 63 mm OBS: [&hellip;]<\/p>\n","protected":false},"featured_media":2977,"comment_status":"open","ping_status":"closed","template":"","meta":{"_exactmetrics_skip_tracking":false,"_exactmetrics_sitenote_active":false,"_exactmetrics_sitenote_note":"","_exactmetrics_sitenote_category":0},"product_brand":[],"product_cat":[56],"product_tag":[],"class_list":{"0":"post-2976","1":"product","2":"type-product","3":"status-publish","4":"has-post-thumbnail","6":"product_cat-graxa","8":"first","9":"instock","10":"shipping-taxable","11":"product-type-simple"},"_links":{"self":[{"href":"https:\/\/totallubri.com.br\/index.php?rest_route=\/wp\/v2\/product\/2976","targetHints":{"allow":["GET"]}}],"collection":[{"href":"https:\/\/totallubri.com.br\/index.php?rest_route=\/wp\/v2\/product"}],"about":[{"href":"https:\/\/totallubri.com.br\/index.php?rest_route=\/wp\/v2\/types\/product"}],"replies":[{"embeddable":true,"href":"https:\/\/totallubri.com.br\/index.php?rest_route=%2Fwp%2Fv2%2Fcomments&post=2976"}],"wp:featuredmedia":[{"embeddable":true,"href":"https:\/\/totallubri.com.br\/index.php?rest_route=\/wp\/v2\/media\/2977"}],"wp:attachment":[{"href":"https:\/\/totallubri.com.br\/index.php?rest_route=%2Fwp%2Fv2%2Fmedia&parent=2976"}],"wp:term":[{"taxonomy":"product_brand","embeddable":true,"href":"https:\/\/totallubri.com.br\/index.php?rest_route=%2Fwp%2Fv2%2Fproduct_brand&post=2976"},{"taxonomy":"product_cat","embeddable":true,"href":"https:\/\/totallubri.com.br\/index.php?rest_route=%2Fwp%2Fv2%2Fproduct_cat&post=2976"},{"taxonomy":"product_tag","embeddable":true,"href":"https:\/\/totallubri.com.br\/index.php?rest_route=%2Fwp%2Fv2%2Fproduct_tag&post=2976"}],"curies":[{"name":"wp","href":"https:\/\/api.w.org\/{rel}","templated":true}]}}