{"id":2986,"date":"2016-12-22T12:29:08","date_gmt":"2016-12-22T14:29:08","guid":{"rendered":"http:\/\/totallubri.com.br\/wp\/?post_type=product&#038;p=2986"},"modified":"2016-12-22T12:29:08","modified_gmt":"2016-12-22T14:29:08","slug":"lubrificador-automatico-eletromecanico-a-bateria-4539-lupus","status":"publish","type":"product","link":"https:\/\/totallubri.com.br\/?product=lubrificador-automatico-eletromecanico-a-bateria-4539-lupus","title":{"rendered":"Lubrificador Autom\u00e1tico Eletromec\u00e2nico \u00e1 Bateria &#8211; 4539 &#8211; Lupus"},"content":{"rendered":"<p>Lubrificador Autom\u00e1tico Eletromec\u00e2nico \u00e1 Prova de Explos\u00e3o \u00e1 Bateria<br \/>\nEm acr\u00edlico, para motor Ex-UL microprocessado, multiponto.<\/p>\n<p>Capacidade do recipiente 250 cc<br \/>\nPress\u00e3o de opera\u00e7\u00e3o 280 PSI<br \/>\nTemperatura de opera\u00e7\u00e3o -10\u00b0 a 50\u00b0 C<br \/>\nConex\u00e3o 3\/8&#8243; NPT<br \/>\nCertifica\u00e7\u00e3o Ex-UL<br \/>\nGrau de prote\u00e7\u00e3o ausente<br \/>\nGraxas NLGI2<br \/>\nVolume\/ciclo 0,33 cc<br \/>\nPrograma\u00e7\u00e3o 15 dias 1\/ 2\/ 3\/ 6\/ 12 meses<br \/>\nPontos \/ Tubula\u00e7\u00e3o sob consulta dos departamentos t\u00e9cnicos Lupus<br \/>\nAlimenta\u00e7\u00e3o 4,5 V DC \/ bateria inclusa<\/p>\n<p>Peso 710 g<br \/>\nMedidas (A) 205 mm x 92 mm<br \/>\nOBS: Troca da bateria: a cada substitui\u00e7\u00e3o de refil de graxa.<\/p>\n","protected":false},"excerpt":{"rendered":"<p>Lubrificador Autom\u00e1tico Eletromec\u00e2nico \u00e1 Prova de Explos\u00e3o \u00e1 Bateria Em acr\u00edlico, para motor Ex-UL microprocessado, multiponto. Capacidade do recipiente 250 cc Press\u00e3o de opera\u00e7\u00e3o 280 PSI Temperatura de opera\u00e7\u00e3o -10\u00b0 a 50\u00b0 C Conex\u00e3o 3\/8&#8243; NPT Certifica\u00e7\u00e3o Ex-UL Grau de prote\u00e7\u00e3o ausente Graxas NLGI2 Volume\/ciclo 0,33 cc Programa\u00e7\u00e3o 15 dias 1\/ 2\/ 3\/ 6\/ 12 [&hellip;]<\/p>\n","protected":false},"featured_media":2987,"comment_status":"open","ping_status":"closed","template":"","meta":{"_exactmetrics_skip_tracking":false,"_exactmetrics_sitenote_active":false,"_exactmetrics_sitenote_note":"","_exactmetrics_sitenote_category":0},"product_brand":[],"product_cat":[56],"product_tag":[],"class_list":{"0":"post-2986","1":"product","2":"type-product","3":"status-publish","4":"has-post-thumbnail","6":"product_cat-graxa","8":"first","9":"instock","10":"shipping-taxable","11":"product-type-simple"},"_links":{"self":[{"href":"https:\/\/totallubri.com.br\/index.php?rest_route=\/wp\/v2\/product\/2986","targetHints":{"allow":["GET"]}}],"collection":[{"href":"https:\/\/totallubri.com.br\/index.php?rest_route=\/wp\/v2\/product"}],"about":[{"href":"https:\/\/totallubri.com.br\/index.php?rest_route=\/wp\/v2\/types\/product"}],"replies":[{"embeddable":true,"href":"https:\/\/totallubri.com.br\/index.php?rest_route=%2Fwp%2Fv2%2Fcomments&post=2986"}],"wp:featuredmedia":[{"embeddable":true,"href":"https:\/\/totallubri.com.br\/index.php?rest_route=\/wp\/v2\/media\/2987"}],"wp:attachment":[{"href":"https:\/\/totallubri.com.br\/index.php?rest_route=%2Fwp%2Fv2%2Fmedia&parent=2986"}],"wp:term":[{"taxonomy":"product_brand","embeddable":true,"href":"https:\/\/totallubri.com.br\/index.php?rest_route=%2Fwp%2Fv2%2Fproduct_brand&post=2986"},{"taxonomy":"product_cat","embeddable":true,"href":"https:\/\/totallubri.com.br\/index.php?rest_route=%2Fwp%2Fv2%2Fproduct_cat&post=2986"},{"taxonomy":"product_tag","embeddable":true,"href":"https:\/\/totallubri.com.br\/index.php?rest_route=%2Fwp%2Fv2%2Fproduct_tag&post=2986"}],"curies":[{"name":"wp","href":"https:\/\/api.w.org\/{rel}","templated":true}]}}