{"id":2988,"date":"2016-12-22T12:31:28","date_gmt":"2016-12-22T14:31:28","guid":{"rendered":"http:\/\/totallubri.com.br\/wp\/?post_type=product&#038;p=2988"},"modified":"2016-12-22T12:31:28","modified_gmt":"2016-12-22T14:31:28","slug":"lubrificador-automatico-eletromecanico-com-sincronismo-4518-lupus","status":"publish","type":"product","link":"https:\/\/totallubri.com.br\/?product=lubrificador-automatico-eletromecanico-com-sincronismo-4518-lupus","title":{"rendered":"Lubrificador Autom\u00e1tico Eletromec\u00e2nico com Sincronismo &#8211; 4518 &#8211; Lupus"},"content":{"rendered":"<p>Lubrificador Autom\u00e1tico Eletromec\u00e2nico com Sincronismo<br \/>\nEm acr\u00edlico, microprocessado com rel\u00e9 de sincronismo multiponto.<\/p>\n<p>Capacidade do recipiente 250 cc<br \/>\nPress\u00e3o de opera\u00e7\u00e3o 425 a 850 PSI<br \/>\nTemperatura de opera\u00e7\u00e3o -15\u00ba a 60\u00ba C<br \/>\nConex\u00e3o \u00f8 3\/8\u201d NPT \/ macho<br \/>\nCertifica\u00e7\u00e3o . CE<br \/>\nGrau de Prote\u00e7\u00e3o . IP54<br \/>\nGraxas . NLGI 2<br \/>\nVolume\/ciclo 0,33 cc<br \/>\nPrograma\u00e7\u00e3o . 15 dias<br \/>\n1 \/ 2 \/ 3 \/ 6 \/ 12 meses<br \/>\nPontos . at\u00e9 08<br \/>\nTubula\u00e7\u00e3o at\u00e9 08 pontos \/ 6 m por ponto<br \/>\nAlimenta\u00e7\u00e3o 4,5 V DC \/ bateria inclusa<br \/>\nRel\u00e9 . tens\u00e3o de entrada<br \/>\n100 a 480 V \/ 0,5 A \/ 50 a 60 Hz<\/p>\n<p>Peso: 1,05 kg . Medidas: (A) 210 mm x (\u00d8) 91 mm<\/p>\n<p>OBS: Troca da bateria: a cada substitui\u00e7\u00e3o de refi l de graxa<\/p>\n","protected":false},"excerpt":{"rendered":"<p>Lubrificador Autom\u00e1tico Eletromec\u00e2nico com Sincronismo Em acr\u00edlico, microprocessado com rel\u00e9 de sincronismo multiponto. Capacidade do recipiente 250 cc Press\u00e3o de opera\u00e7\u00e3o 425 a 850 PSI Temperatura de opera\u00e7\u00e3o -15\u00ba a 60\u00ba C Conex\u00e3o \u00f8 3\/8\u201d NPT \/ macho Certifica\u00e7\u00e3o . CE Grau de Prote\u00e7\u00e3o . IP54 Graxas . NLGI 2 Volume\/ciclo 0,33 cc Programa\u00e7\u00e3o . [&hellip;]<\/p>\n","protected":false},"featured_media":2990,"comment_status":"open","ping_status":"closed","template":"","meta":{"_exactmetrics_skip_tracking":false,"_exactmetrics_sitenote_active":false,"_exactmetrics_sitenote_note":"","_exactmetrics_sitenote_category":0},"product_brand":[],"product_cat":[56],"product_tag":[],"class_list":{"0":"post-2988","1":"product","2":"type-product","3":"status-publish","4":"has-post-thumbnail","6":"product_cat-graxa","8":"first","9":"instock","10":"shipping-taxable","11":"product-type-simple"},"_links":{"self":[{"href":"https:\/\/totallubri.com.br\/index.php?rest_route=\/wp\/v2\/product\/2988","targetHints":{"allow":["GET"]}}],"collection":[{"href":"https:\/\/totallubri.com.br\/index.php?rest_route=\/wp\/v2\/product"}],"about":[{"href":"https:\/\/totallubri.com.br\/index.php?rest_route=\/wp\/v2\/types\/product"}],"replies":[{"embeddable":true,"href":"https:\/\/totallubri.com.br\/index.php?rest_route=%2Fwp%2Fv2%2Fcomments&post=2988"}],"wp:featuredmedia":[{"embeddable":true,"href":"https:\/\/totallubri.com.br\/index.php?rest_route=\/wp\/v2\/media\/2990"}],"wp:attachment":[{"href":"https:\/\/totallubri.com.br\/index.php?rest_route=%2Fwp%2Fv2%2Fmedia&parent=2988"}],"wp:term":[{"taxonomy":"product_brand","embeddable":true,"href":"https:\/\/totallubri.com.br\/index.php?rest_route=%2Fwp%2Fv2%2Fproduct_brand&post=2988"},{"taxonomy":"product_cat","embeddable":true,"href":"https:\/\/totallubri.com.br\/index.php?rest_route=%2Fwp%2Fv2%2Fproduct_cat&post=2988"},{"taxonomy":"product_tag","embeddable":true,"href":"https:\/\/totallubri.com.br\/index.php?rest_route=%2Fwp%2Fv2%2Fproduct_tag&post=2988"}],"curies":[{"name":"wp","href":"https:\/\/api.w.org\/{rel}","templated":true}]}}