{"id":2995,"date":"2016-12-22T12:37:34","date_gmt":"2016-12-22T14:37:34","guid":{"rendered":"http:\/\/totallubri.com.br\/wp\/?post_type=product&#038;p=2995"},"modified":"2016-12-22T12:37:34","modified_gmt":"2016-12-22T14:37:34","slug":"lubrificador-automatico-eletromecanico-e-alimentacao-4521-lupus","status":"publish","type":"product","link":"https:\/\/totallubri.com.br\/?product=lubrificador-automatico-eletromecanico-e-alimentacao-4521-lupus","title":{"rendered":"Lubrificador Autom\u00e1tico Eletromec\u00e2nico e Alimenta\u00e7\u00e3o &#8211; 4521 &#8211; Lupus"},"content":{"rendered":"<p>Lubrificador Autom\u00e1tico Eletromec\u00e2nico com sincronismo e Alimenta\u00e7\u00e3o externa<br \/>\nEm acr\u00edlico, microprocessado com rel\u00e9 de sincronismo multiponto e fonte de alimenta\u00e7\u00e3o externa.<\/p>\n<p>Capacidade do recipiente 250 cc<br \/>\nPress\u00e3o de opera\u00e7\u00e3o 425 a 850 PSI<br \/>\nTemperatura de opera\u00e7\u00e3o -15\u00ba a 60\u00ba C<br \/>\nConex\u00e3o \u00f8 3\/8\u201d NPT \/ macho<br \/>\nCertifica\u00e7\u00e3o . CE<br \/>\nGrau de Prote\u00e7\u00e3o . IP54<br \/>\nGraxas . NLGI 2<br \/>\nVolume\/ciclo 0,33 cc<br \/>\nPrograma\u00e7\u00e3o . 15 dias<br \/>\n1 \/ 2 \/ 4 \/ 6 \/ 12 \/ 18 \/ 24 meses<br \/>\nPontos . at\u00e9 08<br \/>\nTubula\u00e7\u00e3o at\u00e9 08 pontos \/ 6 m por ponto<br \/>\nAlimenta\u00e7\u00e3o 100 a 220 V \/ 0,5 A \/ 50 a 60 Hz<\/p>\n<p>Peso: 1,3 kg . Medidas: (A) 210 mm x (\u00d8) 91 mm<\/p>\n","protected":false},"excerpt":{"rendered":"<p>Lubrificador Autom\u00e1tico Eletromec\u00e2nico com sincronismo e Alimenta\u00e7\u00e3o externa Em acr\u00edlico, microprocessado com rel\u00e9 de sincronismo multiponto e fonte de alimenta\u00e7\u00e3o externa. Capacidade do recipiente 250 cc Press\u00e3o de opera\u00e7\u00e3o 425 a 850 PSI Temperatura de opera\u00e7\u00e3o -15\u00ba a 60\u00ba C Conex\u00e3o \u00f8 3\/8\u201d NPT \/ macho Certifica\u00e7\u00e3o . CE Grau de Prote\u00e7\u00e3o . IP54 Graxas [&hellip;]<\/p>\n","protected":false},"featured_media":2996,"comment_status":"open","ping_status":"closed","template":"","meta":{"_exactmetrics_skip_tracking":false,"_exactmetrics_sitenote_active":false,"_exactmetrics_sitenote_note":"","_exactmetrics_sitenote_category":0},"product_brand":[],"product_cat":[56],"product_tag":[],"class_list":{"0":"post-2995","1":"product","2":"type-product","3":"status-publish","4":"has-post-thumbnail","6":"product_cat-graxa","8":"first","9":"instock","10":"shipping-taxable","11":"product-type-simple"},"_links":{"self":[{"href":"https:\/\/totallubri.com.br\/index.php?rest_route=\/wp\/v2\/product\/2995","targetHints":{"allow":["GET"]}}],"collection":[{"href":"https:\/\/totallubri.com.br\/index.php?rest_route=\/wp\/v2\/product"}],"about":[{"href":"https:\/\/totallubri.com.br\/index.php?rest_route=\/wp\/v2\/types\/product"}],"replies":[{"embeddable":true,"href":"https:\/\/totallubri.com.br\/index.php?rest_route=%2Fwp%2Fv2%2Fcomments&post=2995"}],"wp:featuredmedia":[{"embeddable":true,"href":"https:\/\/totallubri.com.br\/index.php?rest_route=\/wp\/v2\/media\/2996"}],"wp:attachment":[{"href":"https:\/\/totallubri.com.br\/index.php?rest_route=%2Fwp%2Fv2%2Fmedia&parent=2995"}],"wp:term":[{"taxonomy":"product_brand","embeddable":true,"href":"https:\/\/totallubri.com.br\/index.php?rest_route=%2Fwp%2Fv2%2Fproduct_brand&post=2995"},{"taxonomy":"product_cat","embeddable":true,"href":"https:\/\/totallubri.com.br\/index.php?rest_route=%2Fwp%2Fv2%2Fproduct_cat&post=2995"},{"taxonomy":"product_tag","embeddable":true,"href":"https:\/\/totallubri.com.br\/index.php?rest_route=%2Fwp%2Fv2%2Fproduct_tag&post=2995"}],"curies":[{"name":"wp","href":"https:\/\/api.w.org\/{rel}","templated":true}]}}