{"id":3001,"date":"2016-12-22T12:41:27","date_gmt":"2016-12-22T14:41:27","guid":{"rendered":"http:\/\/totallubri.com.br\/wp\/?post_type=product&#038;p=3001"},"modified":"2016-12-22T12:41:27","modified_gmt":"2016-12-22T14:41:27","slug":"lubrificador-automatico-eletroquimico-4511-lupus","status":"publish","type":"product","link":"https:\/\/totallubri.com.br\/?product=lubrificador-automatico-eletroquimico-4511-lupus","title":{"rendered":"Lubrificador Autom\u00e1tico Eletroquimico &#8211; 4511 &#8211; Lupus"},"content":{"rendered":"<p>Lubrificador Autom\u00e1tico Eletroquimico<br \/>\nEm pl\u00e1stico transparente, com graxa NLGI 2, para uso em rolamentos de motores el\u00e9tricos, rolamentos de esferas e rolos sob altas temperaturas e rolamentos selados.<\/p>\n<p>Capacidade do recipiente 120 cc<br \/>\nPress\u00e3o de opera\u00e7\u00e3o 70 PSI<br \/>\nTemperatura m\u00e1xima de opera\u00e7\u00e3o -20\u00b0 a 55\u00b0C<br \/>\nConex\u00e3o 1\/4&#8243; NPT\/ macho<br \/>\nG\u00e1s nitrog\u00eanio (N2)<br \/>\nCertifica\u00e7\u00e3o ATEX\/ CE\/ UL<br \/>\nGrau de prote\u00e7\u00e3o IP68<br \/>\nGraxas NLGI 2<br \/>\nVolume\/ciclo 0,33 cc<br \/>\nPrograma\u00e7\u00e3o 1\/ 2\/ 3\/ 6\/ 9\/ 12 meses<br \/>\nPontos 01<br \/>\nTubula\u00e7\u00e3o at\u00e9 1 m\/ 8 mm<\/p>\n<p>Peso 305 g<br \/>\nMedidas (A) 112 mm x77 mm<br \/>\nOBS: Produto descart\u00e1vel.<\/p>\n","protected":false},"excerpt":{"rendered":"<p>Lubrificador Autom\u00e1tico Eletroquimico Em pl\u00e1stico transparente, com graxa NLGI 2, para uso em rolamentos de motores el\u00e9tricos, rolamentos de esferas e rolos sob altas temperaturas e rolamentos selados. Capacidade do recipiente 120 cc Press\u00e3o de opera\u00e7\u00e3o 70 PSI Temperatura m\u00e1xima de opera\u00e7\u00e3o -20\u00b0 a 55\u00b0C Conex\u00e3o 1\/4&#8243; NPT\/ macho G\u00e1s nitrog\u00eanio (N2) Certifica\u00e7\u00e3o ATEX\/ CE\/ [&hellip;]<\/p>\n","protected":false},"featured_media":3002,"comment_status":"open","ping_status":"closed","template":"","meta":{"_exactmetrics_skip_tracking":false,"_exactmetrics_sitenote_active":false,"_exactmetrics_sitenote_note":"","_exactmetrics_sitenote_category":0},"product_brand":[],"product_cat":[56],"product_tag":[],"class_list":{"0":"post-3001","1":"product","2":"type-product","3":"status-publish","4":"has-post-thumbnail","6":"product_cat-graxa","8":"first","9":"instock","10":"shipping-taxable","11":"product-type-simple"},"_links":{"self":[{"href":"https:\/\/totallubri.com.br\/index.php?rest_route=\/wp\/v2\/product\/3001","targetHints":{"allow":["GET"]}}],"collection":[{"href":"https:\/\/totallubri.com.br\/index.php?rest_route=\/wp\/v2\/product"}],"about":[{"href":"https:\/\/totallubri.com.br\/index.php?rest_route=\/wp\/v2\/types\/product"}],"replies":[{"embeddable":true,"href":"https:\/\/totallubri.com.br\/index.php?rest_route=%2Fwp%2Fv2%2Fcomments&post=3001"}],"wp:featuredmedia":[{"embeddable":true,"href":"https:\/\/totallubri.com.br\/index.php?rest_route=\/wp\/v2\/media\/3002"}],"wp:attachment":[{"href":"https:\/\/totallubri.com.br\/index.php?rest_route=%2Fwp%2Fv2%2Fmedia&parent=3001"}],"wp:term":[{"taxonomy":"product_brand","embeddable":true,"href":"https:\/\/totallubri.com.br\/index.php?rest_route=%2Fwp%2Fv2%2Fproduct_brand&post=3001"},{"taxonomy":"product_cat","embeddable":true,"href":"https:\/\/totallubri.com.br\/index.php?rest_route=%2Fwp%2Fv2%2Fproduct_cat&post=3001"},{"taxonomy":"product_tag","embeddable":true,"href":"https:\/\/totallubri.com.br\/index.php?rest_route=%2Fwp%2Fv2%2Fproduct_tag&post=3001"}],"curies":[{"name":"wp","href":"https:\/\/api.w.org\/{rel}","templated":true}]}}