{"id":3007,"date":"2016-12-22T12:45:02","date_gmt":"2016-12-22T14:45:02","guid":{"rendered":"http:\/\/totallubri.com.br\/wp\/?post_type=product&#038;p=3007"},"modified":"2016-12-22T12:45:02","modified_gmt":"2016-12-22T14:45:02","slug":"lubrificador-automatico-eletroquimico-digital-4514-lupus","status":"publish","type":"product","link":"https:\/\/totallubri.com.br\/?product=lubrificador-automatico-eletroquimico-digital-4514-lupus","title":{"rendered":"Lubrificador Autom\u00e1tico Eletroqu\u00edmico Digital &#8211; 4514 &#8211; Lupus"},"content":{"rendered":"<p>Lubrificador Autom\u00e1tico Eletroqu\u00edmico Digital<br \/>\nEm pl\u00e1stico transparente, com graxa NLGI 2 com \u00f3leo base de alta viscosidade (aplica\u00e7\u00f5es de alta capacidade de carga).<\/p>\n<p>Capacidade do recipiente 250cc<br \/>\nPress\u00e3o de opera\u00e7\u00e3o 70 PSI<br \/>\nTemperatura de opera\u00e7\u00e3o -20\u00b0 a 55\u00b0C<br \/>\nConex\u00e3o 3\/8&#8243; BSP<br \/>\nG\u00e1s nitrog\u00eanio (N2)<br \/>\nCertiica\u00e7\u00e3o Ex ia IIC T4<br \/>\nGrau de prote\u00e7\u00e3o IP68<br \/>\nGraxas NLGI2<br \/>\nVolume\/ciclo 0,33 cc<br \/>\nPrograma\u00e7\u00e3o 1\/ 2\/ 3\/ 6\/ 12 meses &amp; drenar<br \/>\nPontos 01<br \/>\nTubula\u00e7\u00e3o at\u00e9 1 m \/ 8 mm<\/p>\n<p>Peso 570 g<br \/>\nMedidas (A) 152 mm x 97 mm<br \/>\nOBS: Produto descart\u00e1vel<\/p>\n","protected":false},"excerpt":{"rendered":"<p>Lubrificador Autom\u00e1tico Eletroqu\u00edmico Digital Em pl\u00e1stico transparente, com graxa NLGI 2 com \u00f3leo base de alta viscosidade (aplica\u00e7\u00f5es de alta capacidade de carga). Capacidade do recipiente 250cc Press\u00e3o de opera\u00e7\u00e3o 70 PSI Temperatura de opera\u00e7\u00e3o -20\u00b0 a 55\u00b0C Conex\u00e3o 3\/8&#8243; BSP G\u00e1s nitrog\u00eanio (N2) Certiica\u00e7\u00e3o Ex ia IIC T4 Grau de prote\u00e7\u00e3o IP68 Graxas NLGI2 [&hellip;]<\/p>\n","protected":false},"featured_media":3008,"comment_status":"open","ping_status":"closed","template":"","meta":{"_exactmetrics_skip_tracking":false,"_exactmetrics_sitenote_active":false,"_exactmetrics_sitenote_note":"","_exactmetrics_sitenote_category":0},"product_brand":[],"product_cat":[56],"product_tag":[],"class_list":{"0":"post-3007","1":"product","2":"type-product","3":"status-publish","4":"has-post-thumbnail","6":"product_cat-graxa","8":"first","9":"instock","10":"shipping-taxable","11":"product-type-simple"},"_links":{"self":[{"href":"https:\/\/totallubri.com.br\/index.php?rest_route=\/wp\/v2\/product\/3007","targetHints":{"allow":["GET"]}}],"collection":[{"href":"https:\/\/totallubri.com.br\/index.php?rest_route=\/wp\/v2\/product"}],"about":[{"href":"https:\/\/totallubri.com.br\/index.php?rest_route=\/wp\/v2\/types\/product"}],"replies":[{"embeddable":true,"href":"https:\/\/totallubri.com.br\/index.php?rest_route=%2Fwp%2Fv2%2Fcomments&post=3007"}],"wp:featuredmedia":[{"embeddable":true,"href":"https:\/\/totallubri.com.br\/index.php?rest_route=\/wp\/v2\/media\/3008"}],"wp:attachment":[{"href":"https:\/\/totallubri.com.br\/index.php?rest_route=%2Fwp%2Fv2%2Fmedia&parent=3007"}],"wp:term":[{"taxonomy":"product_brand","embeddable":true,"href":"https:\/\/totallubri.com.br\/index.php?rest_route=%2Fwp%2Fv2%2Fproduct_brand&post=3007"},{"taxonomy":"product_cat","embeddable":true,"href":"https:\/\/totallubri.com.br\/index.php?rest_route=%2Fwp%2Fv2%2Fproduct_cat&post=3007"},{"taxonomy":"product_tag","embeddable":true,"href":"https:\/\/totallubri.com.br\/index.php?rest_route=%2Fwp%2Fv2%2Fproduct_tag&post=3007"}],"curies":[{"name":"wp","href":"https:\/\/api.w.org\/{rel}","templated":true}]}}