{"id":3011,"date":"2016-12-22T12:47:57","date_gmt":"2016-12-22T14:47:57","guid":{"rendered":"http:\/\/totallubri.com.br\/wp\/?post_type=product&#038;p=3011"},"modified":"2016-12-22T12:47:57","modified_gmt":"2016-12-22T14:47:57","slug":"lubrificador-automatico-mecanico-com-mola-dupla-4515-lupus","status":"publish","type":"product","link":"https:\/\/totallubri.com.br\/?product=lubrificador-automatico-mecanico-com-mola-dupla-4515-lupus","title":{"rendered":"Lubrificador Autom\u00e1tico Mec\u00e2nico com mola Dupla &#8211; 4515 &#8211; Lupus"},"content":{"rendered":"<p>C\u00f3d.: 4515<br \/>\nProduto: Lubrificador autom\u00e1tico mec\u00e2nico com mola dupla<br \/>\nDescri\u00e7\u00e3o:<br \/>\nEm pl\u00e1stico transparente.<\/p>\n<p>Capacidade do recipiente 100 cc<br \/>\nPress\u00e3o de opera\u00e7\u00e3o N\/A<br \/>\nTemperatura m\u00e1xima de opera\u00e7\u00e3o -23\u00b0 a 121\u00b0C<br \/>\nConex\u00e3o 1\/4&#8243; NPT\/ macho<br \/>\nLubrifica\u00e7\u00e3o cont\u00ednua<br \/>\nPrograma\u00e7\u00e3o 5 presets<br \/>\nGraxas NLGI 2<br \/>\nPontos 01<br \/>\nTubula\u00e7\u00e3o N\/A<\/p>\n<p>Peso 260g<br \/>\nMedidas (A) 129mm x67 mm<br \/>\nOBS: Produto recarreg\u00e1vel.<\/p>\n","protected":false},"excerpt":{"rendered":"<p>C\u00f3d.: 4515 Produto: Lubrificador autom\u00e1tico mec\u00e2nico com mola dupla Descri\u00e7\u00e3o: Em pl\u00e1stico transparente. Capacidade do recipiente 100 cc Press\u00e3o de opera\u00e7\u00e3o N\/A Temperatura m\u00e1xima de opera\u00e7\u00e3o -23\u00b0 a 121\u00b0C Conex\u00e3o 1\/4&#8243; NPT\/ macho Lubrifica\u00e7\u00e3o cont\u00ednua Programa\u00e7\u00e3o 5 presets Graxas NLGI 2 Pontos 01 Tubula\u00e7\u00e3o N\/A Peso 260g Medidas (A) 129mm x67 mm OBS: Produto recarreg\u00e1vel.<\/p>\n","protected":false},"featured_media":3012,"comment_status":"open","ping_status":"closed","template":"","meta":{"_exactmetrics_skip_tracking":false,"_exactmetrics_sitenote_active":false,"_exactmetrics_sitenote_note":"","_exactmetrics_sitenote_category":0},"product_brand":[],"product_cat":[56],"product_tag":[],"class_list":{"0":"post-3011","1":"product","2":"type-product","3":"status-publish","4":"has-post-thumbnail","6":"product_cat-graxa","8":"first","9":"instock","10":"shipping-taxable","11":"product-type-simple"},"_links":{"self":[{"href":"https:\/\/totallubri.com.br\/index.php?rest_route=\/wp\/v2\/product\/3011","targetHints":{"allow":["GET"]}}],"collection":[{"href":"https:\/\/totallubri.com.br\/index.php?rest_route=\/wp\/v2\/product"}],"about":[{"href":"https:\/\/totallubri.com.br\/index.php?rest_route=\/wp\/v2\/types\/product"}],"replies":[{"embeddable":true,"href":"https:\/\/totallubri.com.br\/index.php?rest_route=%2Fwp%2Fv2%2Fcomments&post=3011"}],"wp:featuredmedia":[{"embeddable":true,"href":"https:\/\/totallubri.com.br\/index.php?rest_route=\/wp\/v2\/media\/3012"}],"wp:attachment":[{"href":"https:\/\/totallubri.com.br\/index.php?rest_route=%2Fwp%2Fv2%2Fmedia&parent=3011"}],"wp:term":[{"taxonomy":"product_brand","embeddable":true,"href":"https:\/\/totallubri.com.br\/index.php?rest_route=%2Fwp%2Fv2%2Fproduct_brand&post=3011"},{"taxonomy":"product_cat","embeddable":true,"href":"https:\/\/totallubri.com.br\/index.php?rest_route=%2Fwp%2Fv2%2Fproduct_cat&post=3011"},{"taxonomy":"product_tag","embeddable":true,"href":"https:\/\/totallubri.com.br\/index.php?rest_route=%2Fwp%2Fv2%2Fproduct_tag&post=3011"}],"curies":[{"name":"wp","href":"https:\/\/api.w.org\/{rel}","templated":true}]}}