{"id":3015,"date":"2016-12-22T12:51:21","date_gmt":"2016-12-22T14:51:21","guid":{"rendered":"http:\/\/totallubri.com.br\/wp\/?post_type=product&#038;p=3015"},"modified":"2025-03-17T13:23:09","modified_gmt":"2025-03-17T16:23:09","slug":"mangote-8005-lupus","status":"publish","type":"product","link":"https:\/\/totallubri.com.br\/?product=mangote-8005-lupus","title":{"rendered":"Mangote \u2013 8005 \u2013 Lupus"},"content":{"rendered":"<p>Ideal para trabalhos com Graxa, j\u00e1 \u00e9 montada com terminais e adaptador para mangueiras de 1\/4&#8243; 2 tramas 100R2.<\/p>\n<p>Descri\u00e7\u00e3o: Mangote<br \/>\nAcompanha terminais e adaptador, para mangueiras \u00f8 1\/4\u201d 2 tramas 100R2.<\/p>\n<p>Comprimento linear . 1 m<br \/>\nEntrada \u00f8 3\/8\u201d NPT \/ macho<\/p>\n<table class=\"woocommerce-product-attributes shop_attributes\">\n<tbody>\n<tr class=\"woocommerce-product-attributes-item woocommerce-product-attributes-item--attribute_pa_saida\">\n<td class=\"woocommerce-product-attributes-item__value\">SAIDA: &#8211; JIC \/ \u00d8 7\/16&#8243; UNF f\u00eamea adaptador \u00d8 7\/16&#8243; UNF x \u00d8 3\/8&#8243; NPT \/ macho<\/td>\n<\/tr>\n<\/tbody>\n<\/table>\n<p>Para carret\u00e9is 3003 \/ 3005 \/ 3006<\/p>\n<p>+ DETALHES SOBRE ESTE PRODUTO:<\/p>\n<p>OBS: FALAR COM NOSSOS VENDEDORES:<\/p>\n<table width=\"1198\">\n<tbody>\n<tr>\n<td width=\"96\">CODIGO<\/td>\n<td width=\"249\">\u00a0DESCRI\u00c7\u00c3O<\/td>\n<td width=\"120\">COMP-LINEAR<\/td>\n<td width=\"87\">PRESSAO<\/td>\n<td width=\"238\">ENTRADA<\/td>\n<td width=\"408\">\u00a0SAIDAS<\/td>\n<\/tr>\n<tr>\n<td>8005<\/td>\n<td>\u00a0MANGOTE P\/CARRETEL 3003\/3005\/3006<\/td>\n<td width=\"120\">1<\/td>\n<td>5100PSI<\/td>\n<td>\u00f8 3\/8\u201d NPT \/ macho<\/td>\n<td width=\"408\">JIC \/ \u00d8 7\/16&#8243; UNF f\u00eamea adaptador \u00d8 7\/16&#8243; UNF x \u00d8 3\/8&#8243; NPT \/ macho<\/td>\n<\/tr>\n<tr>\n<td>8006<\/td>\n<td>\u00a0MANGOTE P\/CARRETEL 3003\/3005\/3006<\/td>\n<td>2<\/td>\n<td>5100PSI<\/td>\n<td>\u00f8 3\/8\u201d NPT \/ macho<\/td>\n<td>JIC \/ \u00f8 7\/16\u201d UNF \/ f\u00eamea \/ girat\u00f3rio<\/td>\n<\/tr>\n<tr>\n<td>8009<\/td>\n<td>\u00a0MANGOTE P\/CARRETEL 3003\/3005\/3006<\/td>\n<td width=\"120\">1,5<\/td>\n<td>5100PSI<\/td>\n<td>\u00f8 3\/8\u201d NPT \/ macho<\/td>\n<td>JIC \/ \u00d8 7\/16&#8243; UNF f\u00eamea adaptador \u00d8 7\/16&#8243; UNF x \u00d8 3\/8&#8243; NPT \/ macho<\/td>\n<\/tr>\n<tr>\n<td>8005-C<\/td>\n<td>\u00a0MANGOTE P\/CARRETEL 3024\/3025<\/td>\n<td width=\"120\">1,5<\/td>\n<td>5100PSI<\/td>\n<td>Entrada . \u00f8 3\/8\u201d NPT macho \/ fi xo \/ reto<\/td>\n<td>Sa\u00edda . boleada \u00f8 3\/8\u201d BSP \/ f\u00eamea \/ curvo \/ girat\u00f3rio<\/td>\n<\/tr>\n<tr>\n<td>8006-C<\/td>\n<td>\u00a0MANGOTE P\/CARRETEL 3024\/3026<\/td>\n<td>2<\/td>\n<td>5100PSI<\/td>\n<td>Entrada . \u00f8 3\/8\u201d NPT \/macho \/ fixo \/reto<\/td>\n<td>Sa\u00edda . boleada \u00f8 3\/8\u201d BSP \/ f\u00eamea \/ curvo \/ girat\u00f3rio<\/td>\n<\/tr>\n<tr>\n<td>8009-C<\/td>\n<td>\u00a0MANGOTE P\/CARRETEL 3024\/3025<\/td>\n<td>1,5<\/td>\n<td>5100PSI<\/td>\n<td>\u00f8 3\/8\u201d NPT \/ macho\/ fixo\/ reto<\/td>\n<td>Boleada \u00f8 3\/8\u201d BSP\/ Femea curvo \/ Girat\u00f3rio<\/td>\n<\/tr>\n<\/tbody>\n<\/table>\n<p>&nbsp;<\/p>\n","protected":false},"excerpt":{"rendered":"<p>Ideal para trabalhos com Graxa, j\u00e1 \u00e9 montada com terminais e adaptador para mangueiras de 1\/4&#8243; 2 tramas 100R2. Descri\u00e7\u00e3o: Mangote Acompanha terminais e adaptador, para mangueiras \u00f8 1\/4\u201d 2 tramas 100R2. Comprimento linear . 1 m Entrada \u00f8 3\/8\u201d NPT \/ macho SAIDA: &#8211; JIC \/ \u00d8 7\/16&#8243; UNF f\u00eamea adaptador \u00d8 7\/16&#8243; UNF [&hellip;]<\/p>\n","protected":false},"featured_media":3016,"comment_status":"open","ping_status":"closed","template":"","meta":{"_exactmetrics_skip_tracking":false,"_exactmetrics_sitenote_active":false,"_exactmetrics_sitenote_note":"","_exactmetrics_sitenote_category":0},"product_brand":[],"product_cat":[97],"product_tag":[],"class_list":{"0":"post-3015","1":"product","2":"type-product","3":"status-publish","4":"has-post-thumbnail","6":"product_cat-mangueiras-terminais-e-acessorios-para-mangueiras","8":"first","9":"instock","10":"shipping-taxable","11":"product-type-simple"},"_links":{"self":[{"href":"https:\/\/totallubri.com.br\/index.php?rest_route=\/wp\/v2\/product\/3015","targetHints":{"allow":["GET"]}}],"collection":[{"href":"https:\/\/totallubri.com.br\/index.php?rest_route=\/wp\/v2\/product"}],"about":[{"href":"https:\/\/totallubri.com.br\/index.php?rest_route=\/wp\/v2\/types\/product"}],"replies":[{"embeddable":true,"href":"https:\/\/totallubri.com.br\/index.php?rest_route=%2Fwp%2Fv2%2Fcomments&post=3015"}],"wp:featuredmedia":[{"embeddable":true,"href":"https:\/\/totallubri.com.br\/index.php?rest_route=\/wp\/v2\/media\/3016"}],"wp:attachment":[{"href":"https:\/\/totallubri.com.br\/index.php?rest_route=%2Fwp%2Fv2%2Fmedia&parent=3015"}],"wp:term":[{"taxonomy":"product_brand","embeddable":true,"href":"https:\/\/totallubri.com.br\/index.php?rest_route=%2Fwp%2Fv2%2Fproduct_brand&post=3015"},{"taxonomy":"product_cat","embeddable":true,"href":"https:\/\/totallubri.com.br\/index.php?rest_route=%2Fwp%2Fv2%2Fproduct_cat&post=3015"},{"taxonomy":"product_tag","embeddable":true,"href":"https:\/\/totallubri.com.br\/index.php?rest_route=%2Fwp%2Fv2%2Fproduct_tag&post=3015"}],"curies":[{"name":"wp","href":"https:\/\/api.w.org\/{rel}","templated":true}]}}