{"id":3022,"date":"2016-12-22T12:56:31","date_gmt":"2016-12-22T14:56:31","guid":{"rendered":"http:\/\/totallubri.com.br\/wp\/?post_type=product&#038;p=3022"},"modified":"2025-02-27T10:38:15","modified_gmt":"2025-02-27T13:38:15","slug":"adaptador-magnetico-9932-piusi","status":"publish","type":"product","link":"https:\/\/totallubri.com.br\/?product=adaptador-magnetico-9932-piusi","title":{"rendered":"Receptor magn\u00e9tico para tanques de abastecimento \u2013 9932 \u2013 PIUSI"},"content":{"rendered":"<p>Descri\u00e7\u00e3o:Adaptador Magn\u00e9tico<br \/>\nEm acetal, para tanques de abastecimento de arla 32, para bico de abastecimento magn\u00e9tico.<\/p>\n<p><strong>UTILIZADO PARA MODELOS:<\/strong><\/p>\n<p><strong>2100-ARK \/ 2100-ARM<\/strong><\/p>\n<p>Peso 660 g<\/p>\n","protected":false},"excerpt":{"rendered":"<p>Descri\u00e7\u00e3o:Adaptador Magn\u00e9tico Em acetal, para tanques de abastecimento de arla 32, para bico de abastecimento magn\u00e9tico. UTILIZADO PARA MODELOS: 2100-ARK \/ 2100-ARM Peso 660 g<\/p>\n","protected":false},"featured_media":3030,"comment_status":"open","ping_status":"closed","template":"","meta":{"_exactmetrics_skip_tracking":false,"_exactmetrics_sitenote_active":false,"_exactmetrics_sitenote_note":"","_exactmetrics_sitenote_category":0},"product_brand":[],"product_cat":[106],"product_tag":[],"class_list":{"0":"post-3022","1":"product","2":"type-product","3":"status-publish","4":"has-post-thumbnail","6":"product_cat-bico-de-abastecimento-para-combustiveis","8":"first","9":"instock","10":"shipping-taxable","11":"product-type-simple"},"_links":{"self":[{"href":"https:\/\/totallubri.com.br\/index.php?rest_route=\/wp\/v2\/product\/3022","targetHints":{"allow":["GET"]}}],"collection":[{"href":"https:\/\/totallubri.com.br\/index.php?rest_route=\/wp\/v2\/product"}],"about":[{"href":"https:\/\/totallubri.com.br\/index.php?rest_route=\/wp\/v2\/types\/product"}],"replies":[{"embeddable":true,"href":"https:\/\/totallubri.com.br\/index.php?rest_route=%2Fwp%2Fv2%2Fcomments&post=3022"}],"wp:featuredmedia":[{"embeddable":true,"href":"https:\/\/totallubri.com.br\/index.php?rest_route=\/wp\/v2\/media\/3030"}],"wp:attachment":[{"href":"https:\/\/totallubri.com.br\/index.php?rest_route=%2Fwp%2Fv2%2Fmedia&parent=3022"}],"wp:term":[{"taxonomy":"product_brand","embeddable":true,"href":"https:\/\/totallubri.com.br\/index.php?rest_route=%2Fwp%2Fv2%2Fproduct_brand&post=3022"},{"taxonomy":"product_cat","embeddable":true,"href":"https:\/\/totallubri.com.br\/index.php?rest_route=%2Fwp%2Fv2%2Fproduct_cat&post=3022"},{"taxonomy":"product_tag","embeddable":true,"href":"https:\/\/totallubri.com.br\/index.php?rest_route=%2Fwp%2Fv2%2Fproduct_tag&post=3022"}],"curies":[{"name":"wp","href":"https:\/\/api.w.org\/{rel}","templated":true}]}}