{"id":3033,"date":"2016-12-22T12:59:31","date_gmt":"2016-12-22T14:59:31","guid":{"rendered":"http:\/\/totallubri.com.br\/wp\/?post_type=product&#038;p=3033"},"modified":"2024-11-28T15:33:03","modified_gmt":"2024-11-28T18:33:03","slug":"bico-para-arla-32-bozza","status":"publish","type":"product","link":"https:\/\/totallubri.com.br\/?product=bico-para-arla-32-bozza","title":{"rendered":"Bico para Arla 32 &#8211; Bozza"},"content":{"rendered":"<p>Indicado para abastecimento de Arla 32, temos as melhores marcas do mercado solicite or\u00e7amento.<\/p>\n<p>detalhes do produto<\/p>\n<p>Bico de abastecimento indicado para Arla 32.<\/p>\n<p>Caracter\u00edsticas<br \/>\n| Bico de abastecimento manual de 3\/4\u201d<br \/>\n| Largura x Altura: 380 mm\/15\u201d x 150 mm\/5,9\u201d<br \/>\n| Embalagem sob consulta<\/p>\n<p>Dados T\u00e9cnicos<br \/>\n| Vaz\u00e3o m\u00e1xima 60 L\/min<br \/>\n| Di\u00e2metro de entrada 3\/4\u201d NPT<\/p>\n","protected":false},"excerpt":{"rendered":"<p>Indicado para abastecimento de Arla 32, temos as melhores marcas do mercado solicite or\u00e7amento. detalhes do produto Bico de abastecimento indicado para Arla 32. Caracter\u00edsticas | Bico de abastecimento manual de 3\/4\u201d | Largura x Altura: 380 mm\/15\u201d x 150 mm\/5,9\u201d | Embalagem sob consulta Dados T\u00e9cnicos | Vaz\u00e3o m\u00e1xima 60 L\/min | Di\u00e2metro de [&hellip;]<\/p>\n","protected":false},"featured_media":3036,"comment_status":"open","ping_status":"closed","template":"","meta":{"_exactmetrics_skip_tracking":false,"_exactmetrics_sitenote_active":false,"_exactmetrics_sitenote_note":"","_exactmetrics_sitenote_category":0},"product_brand":[],"product_cat":[106],"product_tag":[],"class_list":{"0":"post-3033","1":"product","2":"type-product","3":"status-publish","4":"has-post-thumbnail","6":"product_cat-bico-de-abastecimento-para-combustiveis","8":"first","9":"instock","10":"shipping-taxable","11":"product-type-simple"},"_links":{"self":[{"href":"https:\/\/totallubri.com.br\/index.php?rest_route=\/wp\/v2\/product\/3033","targetHints":{"allow":["GET"]}}],"collection":[{"href":"https:\/\/totallubri.com.br\/index.php?rest_route=\/wp\/v2\/product"}],"about":[{"href":"https:\/\/totallubri.com.br\/index.php?rest_route=\/wp\/v2\/types\/product"}],"replies":[{"embeddable":true,"href":"https:\/\/totallubri.com.br\/index.php?rest_route=%2Fwp%2Fv2%2Fcomments&post=3033"}],"wp:featuredmedia":[{"embeddable":true,"href":"https:\/\/totallubri.com.br\/index.php?rest_route=\/wp\/v2\/media\/3036"}],"wp:attachment":[{"href":"https:\/\/totallubri.com.br\/index.php?rest_route=%2Fwp%2Fv2%2Fmedia&parent=3033"}],"wp:term":[{"taxonomy":"product_brand","embeddable":true,"href":"https:\/\/totallubri.com.br\/index.php?rest_route=%2Fwp%2Fv2%2Fproduct_brand&post=3033"},{"taxonomy":"product_cat","embeddable":true,"href":"https:\/\/totallubri.com.br\/index.php?rest_route=%2Fwp%2Fv2%2Fproduct_cat&post=3033"},{"taxonomy":"product_tag","embeddable":true,"href":"https:\/\/totallubri.com.br\/index.php?rest_route=%2Fwp%2Fv2%2Fproduct_tag&post=3033"}],"curies":[{"name":"wp","href":"https:\/\/api.w.org\/{rel}","templated":true}]}}