{"id":3042,"date":"2016-12-22T13:01:19","date_gmt":"2016-12-22T15:01:19","guid":{"rendered":"http:\/\/totallubri.com.br\/wp\/?post_type=product&#038;p=3042"},"modified":"2025-03-18T12:28:02","modified_gmt":"2025-03-18T15:28:02","slug":"mangueira-hidraulica-8004-lupus","status":"publish","type":"product","link":"https:\/\/totallubri.com.br\/?product=mangueira-hidraulica-8004-lupus","title":{"rendered":"Mangueira Hidraulica \u2013 8004 \u2013 Lupus"},"content":{"rendered":"<p>Ideal para trabalhos com Graxa, j\u00e1 \u00e9 montada com terminais para mangueiras de 1\/4&#8243; 2 tramas 100R2.<\/p>\n<h2>Descri\u00e7\u00e3o<\/h2>\n<p>Mangueira \u00d8 1\/4\u201d SAE 100R2AT, acompanha terminais.<\/p>\n<h2>Informa\u00e7\u00e3o adicional<\/h2>\n<table class=\"woocommerce-product-attributes shop_attributes\">\n<tbody>\n<tr class=\"woocommerce-product-attributes-item woocommerce-product-attributes-item--attribute_pa_entrada\">\n<th class=\"woocommerce-product-attributes-item__label\">Entrada<\/th>\n<td class=\"woocommerce-product-attributes-item__value\">\u00d8 3\/8&#8243; NPT \/ macho<\/td>\n<\/tr>\n<tr class=\"woocommerce-product-attributes-item woocommerce-product-attributes-item--attribute_pa_saida\">\n<th class=\"woocommerce-product-attributes-item__label\">Sa\u00edda<\/th>\n<td class=\"woocommerce-product-attributes-item__value\">\u00d8 1\/2&#8243; \/ NS-27 \/ f\u00eamea \/ fixo<\/td>\n<\/tr>\n<tr class=\"woocommerce-product-attributes-item woocommerce-product-attributes-item--attribute_pa_pressao-de-trabalho\">\n<th class=\"woocommerce-product-attributes-item__label\">Press\u00e3o de trabalho<\/th>\n<td class=\"woocommerce-product-attributes-item__value\">5.100 psi<\/td>\n<\/tr>\n<tr class=\"woocommerce-product-attributes-item woocommerce-product-attributes-item--attribute_pa_comprimento-linear\">\n<th class=\"woocommerce-product-attributes-item__label\">Comprimento linear<\/th>\n<td class=\"woocommerce-product-attributes-item__value\">3 m<\/td>\n<\/tr>\n<\/tbody>\n<\/table>\n<p>Peso: 1 Kg<\/p>\n","protected":false},"excerpt":{"rendered":"<p>Ideal para trabalhos com Graxa, j\u00e1 \u00e9 montada com terminais para mangueiras de 1\/4&#8243; 2 tramas 100R2. Descri\u00e7\u00e3o Mangueira \u00d8 1\/4\u201d SAE 100R2AT, acompanha terminais. Informa\u00e7\u00e3o adicional Entrada \u00d8 3\/8&#8243; NPT \/ macho Sa\u00edda \u00d8 1\/2&#8243; \/ NS-27 \/ f\u00eamea \/ fixo Press\u00e3o de trabalho 5.100 psi Comprimento linear 3 m Peso: 1 Kg<\/p>\n","protected":false},"featured_media":3044,"comment_status":"open","ping_status":"closed","template":"","meta":{"_exactmetrics_skip_tracking":false,"_exactmetrics_sitenote_active":false,"_exactmetrics_sitenote_note":"","_exactmetrics_sitenote_category":0},"product_brand":[],"product_cat":[97],"product_tag":[],"class_list":{"0":"post-3042","1":"product","2":"type-product","3":"status-publish","4":"has-post-thumbnail","6":"product_cat-mangueiras-terminais-e-acessorios-para-mangueiras","8":"first","9":"instock","10":"shipping-taxable","11":"product-type-simple"},"_links":{"self":[{"href":"https:\/\/totallubri.com.br\/index.php?rest_route=\/wp\/v2\/product\/3042","targetHints":{"allow":["GET"]}}],"collection":[{"href":"https:\/\/totallubri.com.br\/index.php?rest_route=\/wp\/v2\/product"}],"about":[{"href":"https:\/\/totallubri.com.br\/index.php?rest_route=\/wp\/v2\/types\/product"}],"replies":[{"embeddable":true,"href":"https:\/\/totallubri.com.br\/index.php?rest_route=%2Fwp%2Fv2%2Fcomments&post=3042"}],"wp:featuredmedia":[{"embeddable":true,"href":"https:\/\/totallubri.com.br\/index.php?rest_route=\/wp\/v2\/media\/3044"}],"wp:attachment":[{"href":"https:\/\/totallubri.com.br\/index.php?rest_route=%2Fwp%2Fv2%2Fmedia&parent=3042"}],"wp:term":[{"taxonomy":"product_brand","embeddable":true,"href":"https:\/\/totallubri.com.br\/index.php?rest_route=%2Fwp%2Fv2%2Fproduct_brand&post=3042"},{"taxonomy":"product_cat","embeddable":true,"href":"https:\/\/totallubri.com.br\/index.php?rest_route=%2Fwp%2Fv2%2Fproduct_cat&post=3042"},{"taxonomy":"product_tag","embeddable":true,"href":"https:\/\/totallubri.com.br\/index.php?rest_route=%2Fwp%2Fv2%2Fproduct_tag&post=3042"}],"curies":[{"name":"wp","href":"https:\/\/api.w.org\/{rel}","templated":true}]}}