{"id":3054,"date":"2016-12-22T13:04:27","date_gmt":"2016-12-22T15:04:27","guid":{"rendered":"http:\/\/totallubri.com.br\/wp\/?post_type=product&#038;p=3054"},"modified":"2024-11-20T21:18:56","modified_gmt":"2024-11-21T00:18:56","slug":"bomba-de-duplo-diafragma-para-arla-32-9199-samoa","status":"publish","type":"product","link":"https:\/\/totallubri.com.br\/?product=bomba-de-duplo-diafragma-para-arla-32-9199-samoa","title":{"rendered":"Bomba de Duplo Diafragma para arla 32- 9199 &#8211; 9202 -Samoa"},"content":{"rendered":"<p>Produto da marca Samoa ideal para transfer\u00eancia de ARLA 32 que \u00e9 uma solu\u00e7\u00e3o n\u00e3o inflam\u00e1vel, n\u00e3o t\u00f3xica, n\u00e3o perigosa e n\u00e3o explosiva e, portanto, muito segura. N\u00e3o \u00e9 nocivo ao meio ambiente , e atua nos sistemas de exaust\u00e3o como agente redutor de emiss\u00f5es de \u00f3xidos de nitrog\u00eanio (NOx), menor custo beneficio do mercado<\/p>\n<p>Descri\u00e7\u00e3o:Bomba de Duplo Diafragma<br \/>\nEm acetal, revestida em alum\u00ednio, pneum\u00e1tica, com diafragma em hytrel e esferas em acetal.<\/p>\n<table width=\"423\">\n<tbody>\n<tr>\n<td width=\"293\">CODIGO &#8211; 9199<\/td>\n<td width=\"130\">SAMOA<\/td>\n<\/tr>\n<tr>\n<td>VAZ\u00c3O LIVRE<\/td>\n<td>50 L\/MIN<\/td>\n<\/tr>\n<tr>\n<td>PRESSAO MAXIMA DE OPERA\u00c7AO<\/td>\n<td>45 A 100psi<\/td>\n<\/tr>\n<tr>\n<td>ENTRADA E SAIDA DO FLU\u00cdDO<\/td>\n<td>1\/2&#8243; BSP<\/td>\n<\/tr>\n<tr>\n<td>ENTRADA DE AR<\/td>\n<td>3\/8&#8243;<\/td>\n<\/tr>\n<tr>\n<td>CONSUMO DE AR<\/td>\n<td>10,5 FT3\/MIN<\/td>\n<\/tr>\n<\/tbody>\n<\/table>\n<p>&nbsp;<\/p>\n<table width=\"423\">\n<tbody>\n<tr>\n<td width=\"293\">CODIGO &#8211; 9202<\/td>\n<td width=\"130\">SAMOA<\/td>\n<\/tr>\n<tr>\n<td>VAZ\u00c3O LIVRE<\/td>\n<td>100 L\/MIN<\/td>\n<\/tr>\n<tr>\n<td>PRESSAO MAXIMA DE OPERA\u00c7AO<\/td>\n<td>45 A 100psi<\/td>\n<\/tr>\n<tr>\n<td>ENTRADA E SAIDA DO FLU\u00cdDO<\/td>\n<td>1&#8243; BSP<\/td>\n<\/tr>\n<tr>\n<td>ENTRADA DE AR<\/td>\n<td>3\/8&#8243;<\/td>\n<\/tr>\n<tr>\n<td>CONSUMO DE AR<\/td>\n<td>10,5 FT3\/MIN<\/td>\n<\/tr>\n<\/tbody>\n<\/table>\n<p>Peso 3,5 kg<\/p>\n<p>Medidas: (A) 165 mm x (L) 160 mm<\/p>\n","protected":false},"excerpt":{"rendered":"<p>Produto da marca Samoa ideal para transfer\u00eancia de ARLA 32 que \u00e9 uma solu\u00e7\u00e3o n\u00e3o inflam\u00e1vel, n\u00e3o t\u00f3xica, n\u00e3o perigosa e n\u00e3o explosiva e, portanto, muito segura. N\u00e3o \u00e9 nocivo ao meio ambiente , e atua nos sistemas de exaust\u00e3o como agente redutor de emiss\u00f5es de \u00f3xidos de nitrog\u00eanio (NOx), menor custo beneficio do mercado [&hellip;]<\/p>\n","protected":false},"featured_media":3056,"comment_status":"open","ping_status":"closed","template":"","meta":{"_exactmetrics_skip_tracking":false,"_exactmetrics_sitenote_active":false,"_exactmetrics_sitenote_note":"","_exactmetrics_sitenote_category":0},"product_brand":[],"product_cat":[95],"product_tag":[],"class_list":{"0":"post-3054","1":"product","2":"type-product","3":"status-publish","4":"has-post-thumbnail","6":"product_cat-bomba-diafragma-palhetas-e-engrenagens","8":"first","9":"instock","10":"shipping-taxable","11":"product-type-simple"},"_links":{"self":[{"href":"https:\/\/totallubri.com.br\/index.php?rest_route=\/wp\/v2\/product\/3054","targetHints":{"allow":["GET"]}}],"collection":[{"href":"https:\/\/totallubri.com.br\/index.php?rest_route=\/wp\/v2\/product"}],"about":[{"href":"https:\/\/totallubri.com.br\/index.php?rest_route=\/wp\/v2\/types\/product"}],"replies":[{"embeddable":true,"href":"https:\/\/totallubri.com.br\/index.php?rest_route=%2Fwp%2Fv2%2Fcomments&post=3054"}],"wp:featuredmedia":[{"embeddable":true,"href":"https:\/\/totallubri.com.br\/index.php?rest_route=\/wp\/v2\/media\/3056"}],"wp:attachment":[{"href":"https:\/\/totallubri.com.br\/index.php?rest_route=%2Fwp%2Fv2%2Fmedia&parent=3054"}],"wp:term":[{"taxonomy":"product_brand","embeddable":true,"href":"https:\/\/totallubri.com.br\/index.php?rest_route=%2Fwp%2Fv2%2Fproduct_brand&post=3054"},{"taxonomy":"product_cat","embeddable":true,"href":"https:\/\/totallubri.com.br\/index.php?rest_route=%2Fwp%2Fv2%2Fproduct_cat&post=3054"},{"taxonomy":"product_tag","embeddable":true,"href":"https:\/\/totallubri.com.br\/index.php?rest_route=%2Fwp%2Fv2%2Fproduct_tag&post=3054"}],"curies":[{"name":"wp","href":"https:\/\/api.w.org\/{rel}","templated":true}]}}