{"id":3081,"date":"2016-12-22T14:05:32","date_gmt":"2016-12-22T16:05:32","guid":{"rendered":"http:\/\/totallubri.com.br\/wp\/?post_type=product&#038;p=3081"},"modified":"2024-12-01T22:33:20","modified_gmt":"2024-12-02T01:33:20","slug":"propulsora-pneumatica-9010-lupus","status":"publish","type":"product","link":"https:\/\/totallubri.com.br\/?product=propulsora-pneumatica-9010-lupus","title":{"rendered":"Propulsora Pneum\u00e1tica &#8211; 9010 &#8211; Lupus"},"content":{"rendered":"<p>Propulsora Pneum\u00e1tica para Graxa com Reservat\u00f3rio de 35kg, Indicada para engraxar Todos Tipos de Maquin\u00e1rios Agr\u00edcolas, Caminh\u00f5es, Colheitadeiras entre Outros.<\/p>\n<p>Descri\u00e7\u00e3o:Propulsora Pneumatica<br \/>\nEm a\u00e7o, com filtro regulador de ar, conector para engate r\u00e1pido, conex\u00e3o girat\u00f3ria, comando de graxa, uni\u00e3o de sa\u00edda, oleador, carrinho e recipiente de 35 kg.<\/p>\n<p>Vaz\u00e3o livre 500 g\/min<br \/>\nRateio . 50\/1<br \/>\nEntrada de ar conector para engate r\u00e1pido \u00f8 1\/4\u201d<br \/>\nPress\u00e3o de entrada de ar 80 a 100 PSI<br \/>\nConsumo de ar 7 pes\u00b3\/min (vaz\u00e3o livre)<br \/>\nSa\u00edda de graxa \u00f8 3\/8\u201d NPT<br \/>\nPress\u00e3o de sa\u00edda de graxa 4.000 a 5.000 PSI<br \/>\nMangueira 3 m \/ \u00f8 1\/4\u201d<\/p>\n<p>Peso: 22 kg<br \/>\nMedidas: (A) 1000 mm x (L) 520 mm x (C) 400 mm<\/p>\n","protected":false},"excerpt":{"rendered":"<p>Propulsora Pneum\u00e1tica para Graxa com Reservat\u00f3rio de 35kg, Indicada para engraxar Todos Tipos de Maquin\u00e1rios Agr\u00edcolas, Caminh\u00f5es, Colheitadeiras entre Outros. Descri\u00e7\u00e3o:Propulsora Pneumatica Em a\u00e7o, com filtro regulador de ar, conector para engate r\u00e1pido, conex\u00e3o girat\u00f3ria, comando de graxa, uni\u00e3o de sa\u00edda, oleador, carrinho e recipiente de 35 kg. Vaz\u00e3o livre 500 g\/min Rateio . 50\/1 [&hellip;]<\/p>\n","protected":false},"featured_media":3084,"comment_status":"open","ping_status":"closed","template":"","meta":{"_exactmetrics_skip_tracking":false,"_exactmetrics_sitenote_active":false,"_exactmetrics_sitenote_note":"","_exactmetrics_sitenote_category":0},"product_brand":[],"product_cat":[111],"product_tag":[],"class_list":{"0":"post-3081","1":"product","2":"type-product","3":"status-publish","4":"has-post-thumbnail","6":"product_cat-propulsora-pneumatica-para-graxa","8":"first","9":"instock","10":"shipping-taxable","11":"product-type-simple"},"_links":{"self":[{"href":"https:\/\/totallubri.com.br\/index.php?rest_route=\/wp\/v2\/product\/3081","targetHints":{"allow":["GET"]}}],"collection":[{"href":"https:\/\/totallubri.com.br\/index.php?rest_route=\/wp\/v2\/product"}],"about":[{"href":"https:\/\/totallubri.com.br\/index.php?rest_route=\/wp\/v2\/types\/product"}],"replies":[{"embeddable":true,"href":"https:\/\/totallubri.com.br\/index.php?rest_route=%2Fwp%2Fv2%2Fcomments&post=3081"}],"wp:featuredmedia":[{"embeddable":true,"href":"https:\/\/totallubri.com.br\/index.php?rest_route=\/wp\/v2\/media\/3084"}],"wp:attachment":[{"href":"https:\/\/totallubri.com.br\/index.php?rest_route=%2Fwp%2Fv2%2Fmedia&parent=3081"}],"wp:term":[{"taxonomy":"product_brand","embeddable":true,"href":"https:\/\/totallubri.com.br\/index.php?rest_route=%2Fwp%2Fv2%2Fproduct_brand&post=3081"},{"taxonomy":"product_cat","embeddable":true,"href":"https:\/\/totallubri.com.br\/index.php?rest_route=%2Fwp%2Fv2%2Fproduct_cat&post=3081"},{"taxonomy":"product_tag","embeddable":true,"href":"https:\/\/totallubri.com.br\/index.php?rest_route=%2Fwp%2Fv2%2Fproduct_tag&post=3081"}],"curies":[{"name":"wp","href":"https:\/\/api.w.org\/{rel}","templated":true}]}}