{"id":3118,"date":"2016-12-22T14:17:11","date_gmt":"2016-12-22T16:17:11","guid":{"rendered":"http:\/\/totallubri.com.br\/wp\/?post_type=product&#038;p=3118"},"modified":"2024-12-02T09:32:59","modified_gmt":"2024-12-02T12:32:59","slug":"propulsora-pneumatica-de-alta-vazao-9027-samoa","status":"publish","type":"product","link":"https:\/\/totallubri.com.br\/?product=propulsora-pneumatica-de-alta-vazao-9027-samoa","title":{"rendered":"Propulsora Pneum\u00e1tica de Alta Vaz\u00e3o \u2013 9027 \u2013 Samoa"},"content":{"rendered":"<p>Propulsora Pneum\u00e1tica de alta vaz\u00e3o, para aplica\u00e7\u00f5es industriais especiais.<\/p>\n<p>Descri\u00e7\u00e3o:Propulsora Pneum\u00e1tica de Alta Vaz\u00e3o<br \/>\nPropulsora de alta vaz\u00e3o, adapt\u00e1vel a tambores de 200 kg. Para aplica\u00e7\u00f5es industriais especiais. Com motor pneum\u00e1tico de alum\u00ednio com cilindros em alum\u00ednio anodizado, com apenas 03 partes m\u00f3veis, aus\u00eancia de molas, o que reduz as falhas, o consumo de ar comprimido e de energia. Baixo n\u00edvel de ru\u00eddo, de acordo com as prescri\u00e7\u00f5es normativas OSHA, em todas as press\u00f5es de opera\u00e7\u00e3o.<\/p>\n<p>Vaz\u00e3o livre . 6 kg\/min (graxa NLGI 3)<br \/>\nRateio . 80\/1<br \/>\nEntrada de ar \u00f8 1\/2\u201d BSP<br \/>\nPress\u00e3o de entrada de ar 22 a 100 PSI<br \/>\nConsumo de ar Consultar Curvas de Capacidade (PxQ) com o Dep. T\u00e9cnico Lupus<br \/>\nSa\u00edda de graxa \u00f8 1\/2\u201d BSP<br \/>\nPress\u00e3o de sa\u00edda de graxa 1.760 a 8.000 PSI<br \/>\nN\u00edvel de ru\u00eddo 80 dB a 1 m<\/p>\n<p>Peso: 19 kg . Medidas: (A) 1315 mm x (L) 150 mm<br \/>\nOBS: Pode se adaptado exaustor remoto no lugar do eliminador de ru\u00eddo, atrav\u00e9s de uma mangueira apropriada.<\/p>\n","protected":false},"excerpt":{"rendered":"<p>Propulsora Pneum\u00e1tica de alta vaz\u00e3o, para aplica\u00e7\u00f5es industriais especiais. Descri\u00e7\u00e3o:Propulsora Pneum\u00e1tica de Alta Vaz\u00e3o Propulsora de alta vaz\u00e3o, adapt\u00e1vel a tambores de 200 kg. Para aplica\u00e7\u00f5es industriais especiais. Com motor pneum\u00e1tico de alum\u00ednio com cilindros em alum\u00ednio anodizado, com apenas 03 partes m\u00f3veis, aus\u00eancia de molas, o que reduz as falhas, o consumo de ar [&hellip;]<\/p>\n","protected":false},"featured_media":3121,"comment_status":"open","ping_status":"closed","template":"","meta":{"_exactmetrics_skip_tracking":false,"_exactmetrics_sitenote_active":false,"_exactmetrics_sitenote_note":"","_exactmetrics_sitenote_category":0},"product_brand":[],"product_cat":[112],"product_tag":[],"class_list":{"0":"post-3118","1":"product","2":"type-product","3":"status-publish","4":"has-post-thumbnail","6":"product_cat-propulsoras-especiais-e-alta-vazao-suportes-e-acessorios-para-propulsoras","8":"first","9":"instock","10":"shipping-taxable","11":"product-type-simple"},"_links":{"self":[{"href":"https:\/\/totallubri.com.br\/index.php?rest_route=\/wp\/v2\/product\/3118","targetHints":{"allow":["GET"]}}],"collection":[{"href":"https:\/\/totallubri.com.br\/index.php?rest_route=\/wp\/v2\/product"}],"about":[{"href":"https:\/\/totallubri.com.br\/index.php?rest_route=\/wp\/v2\/types\/product"}],"replies":[{"embeddable":true,"href":"https:\/\/totallubri.com.br\/index.php?rest_route=%2Fwp%2Fv2%2Fcomments&post=3118"}],"wp:featuredmedia":[{"embeddable":true,"href":"https:\/\/totallubri.com.br\/index.php?rest_route=\/wp\/v2\/media\/3121"}],"wp:attachment":[{"href":"https:\/\/totallubri.com.br\/index.php?rest_route=%2Fwp%2Fv2%2Fmedia&parent=3118"}],"wp:term":[{"taxonomy":"product_brand","embeddable":true,"href":"https:\/\/totallubri.com.br\/index.php?rest_route=%2Fwp%2Fv2%2Fproduct_brand&post=3118"},{"taxonomy":"product_cat","embeddable":true,"href":"https:\/\/totallubri.com.br\/index.php?rest_route=%2Fwp%2Fv2%2Fproduct_cat&post=3118"},{"taxonomy":"product_tag","embeddable":true,"href":"https:\/\/totallubri.com.br\/index.php?rest_route=%2Fwp%2Fv2%2Fproduct_tag&post=3118"}],"curies":[{"name":"wp","href":"https:\/\/api.w.org\/{rel}","templated":true}]}}