{"id":3143,"date":"2016-12-22T14:24:51","date_gmt":"2016-12-22T16:24:51","guid":{"rendered":"http:\/\/totallubri.com.br\/wp\/?post_type=product&#038;p=3143"},"modified":"2024-12-02T09:54:09","modified_gmt":"2024-12-02T12:54:09","slug":"propulsora-pneumatica-para-graxa-bozza-12020-t-g2","status":"publish","type":"product","link":"https:\/\/totallubri.com.br\/?product=propulsora-pneumatica-para-graxa-bozza-12020-t-g2","title":{"rendered":"Propulsora Pneum\u00e1tica para Graxa &#8211; 12020-T- G4 Bozza"},"content":{"rendered":"<p>Equipamento com excelente custo benef\u00edcio nesta categoria, marca l\u00edder de mercado, e grande estoque de pe\u00e7as para reposi\u00e7\u00e3o em caso de assist\u00eancia t\u00e9cnica, temos o melhor p\u00f3s vendas do Brasil, conhe\u00e7a e comprove.<\/p>\n<p>Indicada para lubrifica\u00e7\u00e3o com graxa em sistemas de lubrifica\u00e7\u00e3o centralizada, valetas de lubrifica\u00e7\u00e3o e comboios. ideal para empresas que utilizam tambores de graxa de 50 KG.<\/p>\n<p>+ detalhes do produto<\/p>\n<p>Propulsora Pneum\u00e1tica para Graxa<br \/>\n&#8211; Adapt\u00e1vel a tambores* de 50 kg<br \/>\n&#8211; Tampa para tambor de 50 kg (mod. 4040-T)<br \/>\n&#8211; Compactador de graxa (mod. 12020TA2)<br \/>\n&#8211; Acompanha Filtro Regulador de Press\u00e3o de 1\/4&#8243;<br \/>\n&#8211; Filtro interno no sistema de suc\u00e7\u00e3o<br \/>\n&#8211; Condutor de ar met\u00e1lico e silenciador<br \/>\n&#8211; Peso l\u00edquido: 7.200 kg<br \/>\n&#8211; Peso bruto: 8,200 kg<br \/>\n&#8211; Vaz\u00e3o livre: 1580 gramas\/min<br \/>\n&#8211; Rateio: 60:1<br \/>\n&#8211; Entrada de ar: 1\/4&#8243; rosca NPT<br \/>\n&#8211; Sa\u00edda de produto: 1\/2&#8243; rosca NPT<br \/>\n&#8211; Recipiente de aplica\u00e7\u00e3o: 50 kg<br \/>\n&#8211; Press\u00e3o de trabalho: 80 &#8211; 100 PSI<br \/>\n&#8211; Press\u00e3o de sa\u00edda: 4800 &#8211; 6000 PSI<br \/>\n&#8211; Consumo de ar: 10,0 p\u00e9s\u00b3\/min<br \/>\n&#8211; Quantidade de volumes: 2<\/p>\n<p>Volume 1: Propulsora Pneum\u00e1tica<br \/>\n&#8211; Peso l\u00edquido: 7,149 kg<br \/>\n&#8211; Peso bruto: 8,149 kg<br \/>\n&#8211; Dimens\u00f5es da embalagem: 1240 mm (C) X 140 mm (L) X 140 mm (A)<\/p>\n<p>Volume 2: Tampa + Compactador de Graxa<br \/>\n&#8211; Peso l\u00edquido: 7,588 kg<br \/>\n&#8211; Peso bruto: 8,600 kg<br \/>\n&#8211; Dimens\u00f5es da embalagem: 650 mm (C) X 100 mm (L) X 620 mm (A)<\/p>\n<p>ITENS OPCIONAIS:<\/p>\n<div>\u00a0Medidor digital (mod. BZ-2000)<\/div>\n<div>| V\u00e1lvula de controle (mod. 5040)<\/div>\n<div>| Mangueira de 1,5 metro (mod. 5680-1,5)<\/div>\n<div>| Mangueira de 3 metros (mod. 5680-3)<\/div>\n<div>| Mangueira de 6 metros (mod. 5680-6)<\/div>\n<div>| Mangueira de 10 metros (mod. 5680-10)<\/div>\n<div>| Mangueira de 15 metros (mod. 5680-15)<\/div>\n<div>| Mangueira de 20 metros (mod. 5680-20)<\/div>\n<div>| Carretel retr\u00e1til c\/ mangueira 15 metros (mod. 17100RET-GR15)<\/div>\n<div>| Conex\u00e3o girat\u00f3ria em Z (mod. 7302)<\/div>\n<p>*Tambor n\u00e3o fornecido<\/p>\n<p>Obs.: Os resultados apresentados foram obtidos de bombas com vaz\u00e3o livre. Lubrificantes utilizados: Graxa de consist\u00eancia grau 2 NLGI. Temperatura ambiente. Outra consist\u00eancia de graxa, sob consulta.<\/p>\n","protected":false},"excerpt":{"rendered":"<p>Equipamento com excelente custo benef\u00edcio nesta categoria, marca l\u00edder de mercado, e grande estoque de pe\u00e7as para reposi\u00e7\u00e3o em caso de assist\u00eancia t\u00e9cnica, temos o melhor p\u00f3s vendas do Brasil, conhe\u00e7a e comprove. Indicada para lubrifica\u00e7\u00e3o com graxa em sistemas de lubrifica\u00e7\u00e3o centralizada, valetas de lubrifica\u00e7\u00e3o e comboios. ideal para empresas que utilizam tambores de [&hellip;]<\/p>\n","protected":false},"featured_media":6736,"comment_status":"open","ping_status":"closed","template":"","meta":{"_exactmetrics_skip_tracking":false,"_exactmetrics_sitenote_active":false,"_exactmetrics_sitenote_note":"","_exactmetrics_sitenote_category":0},"product_brand":[],"product_cat":[111],"product_tag":[],"class_list":{"0":"post-3143","1":"product","2":"type-product","3":"status-publish","4":"has-post-thumbnail","6":"product_cat-propulsora-pneumatica-para-graxa","8":"first","9":"instock","10":"shipping-taxable","11":"product-type-simple"},"_links":{"self":[{"href":"https:\/\/totallubri.com.br\/index.php?rest_route=\/wp\/v2\/product\/3143","targetHints":{"allow":["GET"]}}],"collection":[{"href":"https:\/\/totallubri.com.br\/index.php?rest_route=\/wp\/v2\/product"}],"about":[{"href":"https:\/\/totallubri.com.br\/index.php?rest_route=\/wp\/v2\/types\/product"}],"replies":[{"embeddable":true,"href":"https:\/\/totallubri.com.br\/index.php?rest_route=%2Fwp%2Fv2%2Fcomments&post=3143"}],"wp:featuredmedia":[{"embeddable":true,"href":"https:\/\/totallubri.com.br\/index.php?rest_route=\/wp\/v2\/media\/6736"}],"wp:attachment":[{"href":"https:\/\/totallubri.com.br\/index.php?rest_route=%2Fwp%2Fv2%2Fmedia&parent=3143"}],"wp:term":[{"taxonomy":"product_brand","embeddable":true,"href":"https:\/\/totallubri.com.br\/index.php?rest_route=%2Fwp%2Fv2%2Fproduct_brand&post=3143"},{"taxonomy":"product_cat","embeddable":true,"href":"https:\/\/totallubri.com.br\/index.php?rest_route=%2Fwp%2Fv2%2Fproduct_cat&post=3143"},{"taxonomy":"product_tag","embeddable":true,"href":"https:\/\/totallubri.com.br\/index.php?rest_route=%2Fwp%2Fv2%2Fproduct_tag&post=3143"}],"curies":[{"name":"wp","href":"https:\/\/api.w.org\/{rel}","templated":true}]}}