{"id":3162,"date":"2016-12-22T14:30:51","date_gmt":"2016-12-22T16:30:51","guid":{"rendered":"http:\/\/totallubri.com.br\/wp\/?post_type=product&#038;p=3162"},"modified":"2024-12-02T09:44:45","modified_gmt":"2024-12-02T12:44:45","slug":"propulsora-pneumatica-pgraxa-9000-lupus","status":"publish","type":"product","link":"https:\/\/totallubri.com.br\/?product=propulsora-pneumatica-pgraxa-9000-lupus","title":{"rendered":"Propulsora Pneum\u00e1tica p\/Graxa &#8211; 9000 &#8211; Lupus"},"content":{"rendered":"<p>Este modelo \u00e9 da Marca Lupus \u00e9 uma Propulsora Pneum\u00e1tica para tambor de 200kg de graxa com vaz\u00e3o de 500 g\/min. Muito indicada tanto para uso interno como para uso em comboios de lubrifica\u00e7\u00e3o, que leva a solu\u00e7\u00e3o para o campo\/obras.<\/p>\n<p>Descri\u00e7\u00e3o:<br \/>\nEm a\u00e7o, adapt\u00e1vel a tambores de 200KG,<br \/>\ncom filtro regulador de ar, conector para engate r\u00e1pido,<br \/>\nuni\u00e3o de sa\u00edda, oleador, adaptador e tampa.<\/p>\n<p>Vaz\u00e3o livre &#8211; 500g\/min<br \/>\nrateio 50\/1<br \/>\nentrada de ar<br \/>\nconector para engate r\u00e1pido 1\/4&#8243;<br \/>\nPress\u00e3o de entrada de ar<br \/>\n80 a 100 PSI<br \/>\nConsumo de Ar.<br \/>\n7 P\u00e9s\u00b3\/min(vaz\u00e3o livre)<br \/>\nsa\u00edda de graxa 3\/8 &#8221; NPT<br \/>\nPress\u00e3o de sa\u00edda de graxa<br \/>\n4000 a 5000 Psi<\/p>\n","protected":false},"excerpt":{"rendered":"<p>Este modelo \u00e9 da Marca Lupus \u00e9 uma Propulsora Pneum\u00e1tica para tambor de 200kg de graxa com vaz\u00e3o de 500 g\/min. Muito indicada tanto para uso interno como para uso em comboios de lubrifica\u00e7\u00e3o, que leva a solu\u00e7\u00e3o para o campo\/obras. Descri\u00e7\u00e3o: Em a\u00e7o, adapt\u00e1vel a tambores de 200KG, com filtro regulador de ar, conector [&hellip;]<\/p>\n","protected":false},"featured_media":3164,"comment_status":"open","ping_status":"closed","template":"","meta":{"_exactmetrics_skip_tracking":false,"_exactmetrics_sitenote_active":false,"_exactmetrics_sitenote_note":"","_exactmetrics_sitenote_category":0},"product_brand":[],"product_cat":[111],"product_tag":[],"class_list":{"0":"post-3162","1":"product","2":"type-product","3":"status-publish","4":"has-post-thumbnail","6":"product_cat-propulsora-pneumatica-para-graxa","8":"first","9":"instock","10":"shipping-taxable","11":"product-type-simple"},"_links":{"self":[{"href":"https:\/\/totallubri.com.br\/index.php?rest_route=\/wp\/v2\/product\/3162","targetHints":{"allow":["GET"]}}],"collection":[{"href":"https:\/\/totallubri.com.br\/index.php?rest_route=\/wp\/v2\/product"}],"about":[{"href":"https:\/\/totallubri.com.br\/index.php?rest_route=\/wp\/v2\/types\/product"}],"replies":[{"embeddable":true,"href":"https:\/\/totallubri.com.br\/index.php?rest_route=%2Fwp%2Fv2%2Fcomments&post=3162"}],"wp:featuredmedia":[{"embeddable":true,"href":"https:\/\/totallubri.com.br\/index.php?rest_route=\/wp\/v2\/media\/3164"}],"wp:attachment":[{"href":"https:\/\/totallubri.com.br\/index.php?rest_route=%2Fwp%2Fv2%2Fmedia&parent=3162"}],"wp:term":[{"taxonomy":"product_brand","embeddable":true,"href":"https:\/\/totallubri.com.br\/index.php?rest_route=%2Fwp%2Fv2%2Fproduct_brand&post=3162"},{"taxonomy":"product_cat","embeddable":true,"href":"https:\/\/totallubri.com.br\/index.php?rest_route=%2Fwp%2Fv2%2Fproduct_cat&post=3162"},{"taxonomy":"product_tag","embeddable":true,"href":"https:\/\/totallubri.com.br\/index.php?rest_route=%2Fwp%2Fv2%2Fproduct_tag&post=3162"}],"curies":[{"name":"wp","href":"https:\/\/api.w.org\/{rel}","templated":true}]}}