{"id":3188,"date":"2016-12-22T14:37:44","date_gmt":"2016-12-22T16:37:44","guid":{"rendered":"http:\/\/totallubri.com.br\/wp\/?post_type=product&#038;p=3188"},"modified":"2025-01-19T18:20:25","modified_gmt":"2025-01-19T21:20:25","slug":"protecao-para-pino-graxeiro-reto-1000-pv-lupus","status":"publish","type":"product","link":"https:\/\/totallubri.com.br\/?product=protecao-para-pino-graxeiro-reto-1000-pv-lupus","title":{"rendered":"Prote\u00e7ao para Pino Graxeiro Reto &#8211; 1000-PV &#8211; Lupus"},"content":{"rendered":"<p>Utilizado para controle da contamina\u00e7\u00e3o atrav\u00e9s do Pino graxeiro evitando quebras antecipadas nos equipamentos. utiliza identifica\u00e7\u00e3o visual por cores para evitar contamina\u00e7\u00e3o cruzada.<\/p>\n<p>Descri\u00e7\u00e3o:Prote\u00e7ao para Pino Graxeiro Reto<br \/>\nEm polipropileno, item prim\u00e1rio para o controle de contamina\u00e7\u00e3o.<\/p>\n<p>Adapt\u00e1vel: \u00e1 pinos graxeiros M6 X 1<\/p>\n<p>Embalagem 100 unidades<br \/>\nCor vermelha<\/p>\n<p>Peso 1 g<\/p>\n","protected":false},"excerpt":{"rendered":"<p>Utilizado para controle da contamina\u00e7\u00e3o atrav\u00e9s do Pino graxeiro evitando quebras antecipadas nos equipamentos. utiliza identifica\u00e7\u00e3o visual por cores para evitar contamina\u00e7\u00e3o cruzada. Descri\u00e7\u00e3o:Prote\u00e7ao para Pino Graxeiro Reto Em polipropileno, item prim\u00e1rio para o controle de contamina\u00e7\u00e3o. Adapt\u00e1vel: \u00e1 pinos graxeiros M6 X 1 Embalagem 100 unidades Cor vermelha Peso 1 g<\/p>\n","protected":false},"featured_media":3189,"comment_status":"open","ping_status":"closed","template":"","meta":{"_exactmetrics_skip_tracking":false,"_exactmetrics_sitenote_active":false,"_exactmetrics_sitenote_note":"","_exactmetrics_sitenote_category":0},"product_brand":[],"product_cat":[130],"product_tag":[],"class_list":{"0":"post-3188","1":"product","2":"type-product","3":"status-publish","4":"has-post-thumbnail","6":"product_cat-itens-para-manutencao-em-geral","8":"first","9":"instock","10":"shipping-taxable","11":"product-type-simple"},"_links":{"self":[{"href":"https:\/\/totallubri.com.br\/index.php?rest_route=\/wp\/v2\/product\/3188","targetHints":{"allow":["GET"]}}],"collection":[{"href":"https:\/\/totallubri.com.br\/index.php?rest_route=\/wp\/v2\/product"}],"about":[{"href":"https:\/\/totallubri.com.br\/index.php?rest_route=\/wp\/v2\/types\/product"}],"replies":[{"embeddable":true,"href":"https:\/\/totallubri.com.br\/index.php?rest_route=%2Fwp%2Fv2%2Fcomments&post=3188"}],"wp:featuredmedia":[{"embeddable":true,"href":"https:\/\/totallubri.com.br\/index.php?rest_route=\/wp\/v2\/media\/3189"}],"wp:attachment":[{"href":"https:\/\/totallubri.com.br\/index.php?rest_route=%2Fwp%2Fv2%2Fmedia&parent=3188"}],"wp:term":[{"taxonomy":"product_brand","embeddable":true,"href":"https:\/\/totallubri.com.br\/index.php?rest_route=%2Fwp%2Fv2%2Fproduct_brand&post=3188"},{"taxonomy":"product_cat","embeddable":true,"href":"https:\/\/totallubri.com.br\/index.php?rest_route=%2Fwp%2Fv2%2Fproduct_cat&post=3188"},{"taxonomy":"product_tag","embeddable":true,"href":"https:\/\/totallubri.com.br\/index.php?rest_route=%2Fwp%2Fv2%2Fproduct_tag&post=3188"}],"curies":[{"name":"wp","href":"https:\/\/api.w.org\/{rel}","templated":true}]}}