{"id":3194,"date":"2016-12-22T14:41:12","date_gmt":"2016-12-22T16:41:12","guid":{"rendered":"http:\/\/totallubri.com.br\/wp\/?post_type=product&#038;p=3194"},"modified":"2024-12-05T16:34:58","modified_gmt":"2024-12-05T19:34:58","slug":"valvula-de-alivio-para-propulsoras-pequenas-9040-va","status":"publish","type":"product","link":"https:\/\/totallubri.com.br\/?product=valvula-de-alivio-para-propulsoras-pequenas-9040-va","title":{"rendered":"Valvula de Al\u00edvio para Propulsoras pequenas -9040-VA-LUPUS"},"content":{"rendered":"<p>Descri\u00e7\u00e3o:Valvula de al\u00edvio<br \/>\nObrigat\u00f3ria quando utilizado sistema de controle de abastecimento, para propulsora 9040.<\/p>\n<p>Press\u00e3o de abertura 60 bar<br \/>\nConex\u00f5es espig\u00e3o para mangueira de 1\/4&#8243; ou conector 1\/8&#8243; BSP\/ macho<\/p>\n<p>Peso 200 g<\/p>\n","protected":false},"excerpt":{"rendered":"<p>Descri\u00e7\u00e3o:Valvula de al\u00edvio Obrigat\u00f3ria quando utilizado sistema de controle de abastecimento, para propulsora 9040. Press\u00e3o de abertura 60 bar Conex\u00f5es espig\u00e3o para mangueira de 1\/4&#8243; ou conector 1\/8&#8243; BSP\/ macho Peso 200 g<\/p>\n","protected":false},"featured_media":3196,"comment_status":"open","ping_status":"closed","template":"","meta":{"_exactmetrics_skip_tracking":false,"_exactmetrics_sitenote_active":false,"_exactmetrics_sitenote_note":"","_exactmetrics_sitenote_category":0},"product_brand":[],"product_cat":[114],"product_tag":[],"class_list":{"0":"post-3194","1":"product","2":"type-product","3":"status-publish","4":"has-post-thumbnail","6":"product_cat-solucoes-para-abastecimento","8":"first","9":"instock","10":"shipping-taxable","11":"product-type-simple"},"_links":{"self":[{"href":"https:\/\/totallubri.com.br\/index.php?rest_route=\/wp\/v2\/product\/3194","targetHints":{"allow":["GET"]}}],"collection":[{"href":"https:\/\/totallubri.com.br\/index.php?rest_route=\/wp\/v2\/product"}],"about":[{"href":"https:\/\/totallubri.com.br\/index.php?rest_route=\/wp\/v2\/types\/product"}],"replies":[{"embeddable":true,"href":"https:\/\/totallubri.com.br\/index.php?rest_route=%2Fwp%2Fv2%2Fcomments&post=3194"}],"wp:featuredmedia":[{"embeddable":true,"href":"https:\/\/totallubri.com.br\/index.php?rest_route=\/wp\/v2\/media\/3196"}],"wp:attachment":[{"href":"https:\/\/totallubri.com.br\/index.php?rest_route=%2Fwp%2Fv2%2Fmedia&parent=3194"}],"wp:term":[{"taxonomy":"product_brand","embeddable":true,"href":"https:\/\/totallubri.com.br\/index.php?rest_route=%2Fwp%2Fv2%2Fproduct_brand&post=3194"},{"taxonomy":"product_cat","embeddable":true,"href":"https:\/\/totallubri.com.br\/index.php?rest_route=%2Fwp%2Fv2%2Fproduct_cat&post=3194"},{"taxonomy":"product_tag","embeddable":true,"href":"https:\/\/totallubri.com.br\/index.php?rest_route=%2Fwp%2Fv2%2Fproduct_tag&post=3194"}],"curies":[{"name":"wp","href":"https:\/\/api.w.org\/{rel}","templated":true}]}}