{"id":3195,"date":"2016-12-22T14:41:53","date_gmt":"2016-12-22T16:41:53","guid":{"rendered":"http:\/\/totallubri.com.br\/wp\/?post_type=product&#038;p=3195"},"modified":"2016-12-22T14:41:53","modified_gmt":"2016-12-22T16:41:53","slug":"registro-de-graxa-2001-lupus","status":"publish","type":"product","link":"https:\/\/totallubri.com.br\/?product=registro-de-graxa-2001-lupus","title":{"rendered":"Registro de Graxa &#8211; 2001 &#8211; Lupus"},"content":{"rendered":"<p>Descri\u00e7\u00e3o:Registro de Graxa<br \/>\nEm a\u00e7o.<\/p>\n<p>Entrada 1\/2&#8243; NPT \/ macho<br \/>\nSa\u00edda 1\/8&#8243; NPT<br \/>\nPress\u00e3o m\u00e1xima de opera\u00e7\u00e3o 12.000 PSI<\/p>\n<p>Peso 300g<br \/>\nMedidas (A) 65 mm x (L) 55 mm<\/p>\n","protected":false},"excerpt":{"rendered":"<p>Descri\u00e7\u00e3o:Registro de Graxa Em a\u00e7o. Entrada 1\/2&#8243; NPT \/ macho Sa\u00edda 1\/8&#8243; NPT Press\u00e3o m\u00e1xima de opera\u00e7\u00e3o 12.000 PSI Peso 300g Medidas (A) 65 mm x (L) 55 mm<\/p>\n","protected":false},"featured_media":3197,"comment_status":"open","ping_status":"closed","template":"","meta":{"_exactmetrics_skip_tracking":false,"_exactmetrics_sitenote_active":false,"_exactmetrics_sitenote_note":"","_exactmetrics_sitenote_category":0},"product_brand":[],"product_cat":[56],"product_tag":[],"class_list":{"0":"post-3195","1":"product","2":"type-product","3":"status-publish","4":"has-post-thumbnail","6":"product_cat-graxa","8":"first","9":"instock","10":"shipping-taxable","11":"product-type-simple"},"_links":{"self":[{"href":"https:\/\/totallubri.com.br\/index.php?rest_route=\/wp\/v2\/product\/3195","targetHints":{"allow":["GET"]}}],"collection":[{"href":"https:\/\/totallubri.com.br\/index.php?rest_route=\/wp\/v2\/product"}],"about":[{"href":"https:\/\/totallubri.com.br\/index.php?rest_route=\/wp\/v2\/types\/product"}],"replies":[{"embeddable":true,"href":"https:\/\/totallubri.com.br\/index.php?rest_route=%2Fwp%2Fv2%2Fcomments&post=3195"}],"wp:featuredmedia":[{"embeddable":true,"href":"https:\/\/totallubri.com.br\/index.php?rest_route=\/wp\/v2\/media\/3197"}],"wp:attachment":[{"href":"https:\/\/totallubri.com.br\/index.php?rest_route=%2Fwp%2Fv2%2Fmedia&parent=3195"}],"wp:term":[{"taxonomy":"product_brand","embeddable":true,"href":"https:\/\/totallubri.com.br\/index.php?rest_route=%2Fwp%2Fv2%2Fproduct_brand&post=3195"},{"taxonomy":"product_cat","embeddable":true,"href":"https:\/\/totallubri.com.br\/index.php?rest_route=%2Fwp%2Fv2%2Fproduct_cat&post=3195"},{"taxonomy":"product_tag","embeddable":true,"href":"https:\/\/totallubri.com.br\/index.php?rest_route=%2Fwp%2Fv2%2Fproduct_tag&post=3195"}],"curies":[{"name":"wp","href":"https:\/\/api.w.org\/{rel}","templated":true}]}}