{"id":3198,"date":"2016-12-22T14:42:36","date_gmt":"2016-12-22T16:42:36","guid":{"rendered":"http:\/\/totallubri.com.br\/wp\/?post_type=product&#038;p=3198"},"modified":"2024-12-05T17:02:40","modified_gmt":"2024-12-05T20:02:40","slug":"valvula-de-controle-de-oleo-1974-bp","status":"publish","type":"product","link":"https:\/\/totallubri.com.br\/?product=valvula-de-controle-de-oleo-1974-bp","title":{"rendered":"V\u00c1LVULA DE CONTROLE DE \u00d3LEO \u2013 1974-BP- LUPUS"},"content":{"rendered":"<p>Aplica\u00e7\u00e3o manual do \u00f3leo atrav\u00e9s do comando e serve para controlar a sa\u00edda de \u00f3leo da Propulsora com v\u00e1lvula dosadora.<\/p>\n<p>Descri\u00e7\u00e3o: V\u00c1LVULA DE CONTROLE DE \u00d3LEO<\/p>\n<p>Em a\u00e7o, adapt\u00e1vel em propulsoras, com adaptador, v\u00e1lvula dosadora e filtro interno.<\/p>\n<p>Entrada 1\/2&#8243; NPT<br \/>\nPress\u00e3o m\u00e1xima de opera\u00e7\u00e3o 1.000 PSI<\/p>\n<p>Peso 1,5 kg<br \/>\nMedidas (A) 370 mm x (L) 260 mm<\/p>\n","protected":false},"excerpt":{"rendered":"<p>Aplica\u00e7\u00e3o manual do \u00f3leo atrav\u00e9s do comando e serve para controlar a sa\u00edda de \u00f3leo da Propulsora com v\u00e1lvula dosadora. Descri\u00e7\u00e3o: V\u00c1LVULA DE CONTROLE DE \u00d3LEO Em a\u00e7o, adapt\u00e1vel em propulsoras, com adaptador, v\u00e1lvula dosadora e filtro interno. Entrada 1\/2&#8243; NPT Press\u00e3o m\u00e1xima de opera\u00e7\u00e3o 1.000 PSI Peso 1,5 kg Medidas (A) 370 mm x [&hellip;]<\/p>\n","protected":false},"featured_media":3200,"comment_status":"open","ping_status":"closed","template":"","meta":{"_exactmetrics_skip_tracking":false,"_exactmetrics_sitenote_active":false,"_exactmetrics_sitenote_note":"","_exactmetrics_sitenote_category":0},"product_brand":[],"product_cat":[114],"product_tag":[],"class_list":{"0":"post-3198","1":"product","2":"type-product","3":"status-publish","4":"has-post-thumbnail","6":"product_cat-solucoes-para-abastecimento","8":"first","9":"instock","10":"shipping-taxable","11":"product-type-simple"},"_links":{"self":[{"href":"https:\/\/totallubri.com.br\/index.php?rest_route=\/wp\/v2\/product\/3198","targetHints":{"allow":["GET"]}}],"collection":[{"href":"https:\/\/totallubri.com.br\/index.php?rest_route=\/wp\/v2\/product"}],"about":[{"href":"https:\/\/totallubri.com.br\/index.php?rest_route=\/wp\/v2\/types\/product"}],"replies":[{"embeddable":true,"href":"https:\/\/totallubri.com.br\/index.php?rest_route=%2Fwp%2Fv2%2Fcomments&post=3198"}],"wp:featuredmedia":[{"embeddable":true,"href":"https:\/\/totallubri.com.br\/index.php?rest_route=\/wp\/v2\/media\/3200"}],"wp:attachment":[{"href":"https:\/\/totallubri.com.br\/index.php?rest_route=%2Fwp%2Fv2%2Fmedia&parent=3198"}],"wp:term":[{"taxonomy":"product_brand","embeddable":true,"href":"https:\/\/totallubri.com.br\/index.php?rest_route=%2Fwp%2Fv2%2Fproduct_brand&post=3198"},{"taxonomy":"product_cat","embeddable":true,"href":"https:\/\/totallubri.com.br\/index.php?rest_route=%2Fwp%2Fv2%2Fproduct_cat&post=3198"},{"taxonomy":"product_tag","embeddable":true,"href":"https:\/\/totallubri.com.br\/index.php?rest_route=%2Fwp%2Fv2%2Fproduct_tag&post=3198"}],"curies":[{"name":"wp","href":"https:\/\/api.w.org\/{rel}","templated":true}]}}