{"id":3209,"date":"2016-12-22T14:45:07","date_gmt":"2016-12-22T16:45:07","guid":{"rendered":"http:\/\/totallubri.com.br\/wp\/?post_type=product&#038;p=3209"},"modified":"2024-12-05T16:59:30","modified_gmt":"2024-12-05T19:59:30","slug":"vet-valvula-de-esfera-tripartida-com-dispositivo-de-bloqueio-automatico","status":"publish","type":"product","link":"https:\/\/totallubri.com.br\/?product=vet-valvula-de-esfera-tripartida-com-dispositivo-de-bloqueio-automatico","title":{"rendered":"VET \u2013 V\u00e1lvula de Esfera Tripartida com Dispositivo de Bloqueio Autom\u00e1tico-LUPUS"},"content":{"rendered":"<p>VET &#8211; V\u00e1lvula de Esfera Tripartida com Dispositivo de Bloqueio Autom\u00e1tico<br \/>\nV\u00e1lvula indicada para locais que exijam seguran\u00e7a total tais como: centrais de g\u00e1s, postos de combust\u00edveis, drenagem de tanques, filtros, vasos de press\u00e3o, seguran\u00e7a ambiental, descarga de fundo, etc.<\/p>\n<p>Acionamento atrav\u00e9s de dispositivo de retorno \u00e0 posi\u00e7\u00e3o inicial ap\u00f3s o operador soltar a alavanca.<\/p>\n<p>Constru\u00e7\u00e3o tripartida (um corpo e duas tampas), facilitando a manuten\u00e7\u00e3o sem a necessidade de desconectar as extremidades da linha.<\/p>\n<p>Bitolas dispon\u00edveis de 1\/4&#8243;\u201d a 2.1\/2&#8243; &#8211; CL 300\u201d.<\/p>\n<p>Haste \u00e0 prova de expuls\u00e3o.<\/p>\n<p>Dispon\u00edvel tamb\u00e9m na constru\u00e7\u00e3o com dupla veda\u00e7\u00e3o, o que proporciona maior seguran\u00e7a quando utilizadas em linha de vapor.<\/p>\n","protected":false},"excerpt":{"rendered":"<p>VET &#8211; V\u00e1lvula de Esfera Tripartida com Dispositivo de Bloqueio Autom\u00e1tico V\u00e1lvula indicada para locais que exijam seguran\u00e7a total tais como: centrais de g\u00e1s, postos de combust\u00edveis, drenagem de tanques, filtros, vasos de press\u00e3o, seguran\u00e7a ambiental, descarga de fundo, etc. Acionamento atrav\u00e9s de dispositivo de retorno \u00e0 posi\u00e7\u00e3o inicial ap\u00f3s o operador soltar a alavanca. [&hellip;]<\/p>\n","protected":false},"featured_media":3211,"comment_status":"open","ping_status":"closed","template":"","meta":{"_exactmetrics_skip_tracking":false,"_exactmetrics_sitenote_active":false,"_exactmetrics_sitenote_note":"","_exactmetrics_sitenote_category":0},"product_brand":[],"product_cat":[114],"product_tag":[],"class_list":{"0":"post-3209","1":"product","2":"type-product","3":"status-publish","4":"has-post-thumbnail","6":"product_cat-solucoes-para-abastecimento","8":"first","9":"instock","10":"shipping-taxable","11":"product-type-simple"},"_links":{"self":[{"href":"https:\/\/totallubri.com.br\/index.php?rest_route=\/wp\/v2\/product\/3209","targetHints":{"allow":["GET"]}}],"collection":[{"href":"https:\/\/totallubri.com.br\/index.php?rest_route=\/wp\/v2\/product"}],"about":[{"href":"https:\/\/totallubri.com.br\/index.php?rest_route=\/wp\/v2\/types\/product"}],"replies":[{"embeddable":true,"href":"https:\/\/totallubri.com.br\/index.php?rest_route=%2Fwp%2Fv2%2Fcomments&post=3209"}],"wp:featuredmedia":[{"embeddable":true,"href":"https:\/\/totallubri.com.br\/index.php?rest_route=\/wp\/v2\/media\/3211"}],"wp:attachment":[{"href":"https:\/\/totallubri.com.br\/index.php?rest_route=%2Fwp%2Fv2%2Fmedia&parent=3209"}],"wp:term":[{"taxonomy":"product_brand","embeddable":true,"href":"https:\/\/totallubri.com.br\/index.php?rest_route=%2Fwp%2Fv2%2Fproduct_brand&post=3209"},{"taxonomy":"product_cat","embeddable":true,"href":"https:\/\/totallubri.com.br\/index.php?rest_route=%2Fwp%2Fv2%2Fproduct_cat&post=3209"},{"taxonomy":"product_tag","embeddable":true,"href":"https:\/\/totallubri.com.br\/index.php?rest_route=%2Fwp%2Fv2%2Fproduct_tag&post=3209"}],"curies":[{"name":"wp","href":"https:\/\/api.w.org\/{rel}","templated":true}]}}