{"id":3212,"date":"2016-12-22T14:45:52","date_gmt":"2016-12-22T16:45:52","guid":{"rendered":"http:\/\/totallubri.com.br\/wp\/?post_type=product&#038;p=3212"},"modified":"2024-12-05T16:41:00","modified_gmt":"2024-12-05T19:41:00","slug":"valvula-de-esfera-para-tambor-2","status":"publish","type":"product","link":"https:\/\/totallubri.com.br\/?product=valvula-de-esfera-para-tambor-2","title":{"rendered":"V\u00e1lvula de Esfera para Tambor -LUPUS"},"content":{"rendered":"<p>VEM &#8211; V\u00e1lvula de Esfera Monobloco para Tambor<br \/>\nV\u00e1lvula de bloqueio de fluxo ideal para utiliza\u00e7\u00e3o em tambores, tanques de \u00f3leo e l\u00edquidos em geral.<\/p>\n<p>Possui corpo em \u00fanica pe\u00e7a com tampa roscada em uma das extremidades.<\/p>\n<p>Dispon\u00edvel no tamanho de 2\u201d&#8221; com Passagem Reduzida.<\/p>\n<p>Acionamento por alavanca, tubo e dispositivo de trava para cadeado, ou manual e dispositivo de fechamento autom\u00e1tico.<\/p>\n<p>O dispositivo de fechamento autom\u00e1tico proporciona seguran\u00e7a, pois obriga a opera\u00e7\u00e3o for\u00e7ada da v\u00e1lvula. Isto \u00e9, a v\u00e1lvula s\u00f3 se mant\u00e9m acionada por a\u00e7\u00e3o do operador. Este sistema \u00e9 muito utilizado em tambores com l\u00edquidos inflam\u00e1veis, pois obriga o operador a ficar observando a v\u00e1lvula enquanto acionada.<\/p>\n","protected":false},"excerpt":{"rendered":"<p>VEM &#8211; V\u00e1lvula de Esfera Monobloco para Tambor V\u00e1lvula de bloqueio de fluxo ideal para utiliza\u00e7\u00e3o em tambores, tanques de \u00f3leo e l\u00edquidos em geral. Possui corpo em \u00fanica pe\u00e7a com tampa roscada em uma das extremidades. Dispon\u00edvel no tamanho de 2\u201d&#8221; com Passagem Reduzida. Acionamento por alavanca, tubo e dispositivo de trava para cadeado, [&hellip;]<\/p>\n","protected":false},"featured_media":3214,"comment_status":"open","ping_status":"closed","template":"","meta":{"_exactmetrics_skip_tracking":false,"_exactmetrics_sitenote_active":false,"_exactmetrics_sitenote_note":"","_exactmetrics_sitenote_category":0},"product_brand":[],"product_cat":[114],"product_tag":[],"class_list":{"0":"post-3212","1":"product","2":"type-product","3":"status-publish","4":"has-post-thumbnail","6":"product_cat-solucoes-para-abastecimento","8":"first","9":"instock","10":"shipping-taxable","11":"product-type-simple"},"_links":{"self":[{"href":"https:\/\/totallubri.com.br\/index.php?rest_route=\/wp\/v2\/product\/3212","targetHints":{"allow":["GET"]}}],"collection":[{"href":"https:\/\/totallubri.com.br\/index.php?rest_route=\/wp\/v2\/product"}],"about":[{"href":"https:\/\/totallubri.com.br\/index.php?rest_route=\/wp\/v2\/types\/product"}],"replies":[{"embeddable":true,"href":"https:\/\/totallubri.com.br\/index.php?rest_route=%2Fwp%2Fv2%2Fcomments&post=3212"}],"wp:featuredmedia":[{"embeddable":true,"href":"https:\/\/totallubri.com.br\/index.php?rest_route=\/wp\/v2\/media\/3214"}],"wp:attachment":[{"href":"https:\/\/totallubri.com.br\/index.php?rest_route=%2Fwp%2Fv2%2Fmedia&parent=3212"}],"wp:term":[{"taxonomy":"product_brand","embeddable":true,"href":"https:\/\/totallubri.com.br\/index.php?rest_route=%2Fwp%2Fv2%2Fproduct_brand&post=3212"},{"taxonomy":"product_cat","embeddable":true,"href":"https:\/\/totallubri.com.br\/index.php?rest_route=%2Fwp%2Fv2%2Fproduct_cat&post=3212"},{"taxonomy":"product_tag","embeddable":true,"href":"https:\/\/totallubri.com.br\/index.php?rest_route=%2Fwp%2Fv2%2Fproduct_tag&post=3212"}],"curies":[{"name":"wp","href":"https:\/\/api.w.org\/{rel}","templated":true}]}}