{"id":3216,"date":"2016-12-22T14:46:43","date_gmt":"2016-12-22T16:46:43","guid":{"rendered":"http:\/\/totallubri.com.br\/wp\/?post_type=product&#038;p=3216"},"modified":"2024-12-15T13:31:38","modified_gmt":"2024-12-15T16:31:38","slug":"valvula-para-controle-de-fluidos-9811","status":"publish","type":"product","link":"https:\/\/totallubri.com.br\/?product=valvula-para-controle-de-fluidos-9811","title":{"rendered":"V\u00e1lvula para Controle de Fluidos \u2013 9811-LUPUS"},"content":{"rendered":"<p>Descri\u00e7\u00e3o: V\u00e1lvula para Controle de Fluidos Digital, usada junto com a central de controle, aciona o abastecimento autom\u00e1tico do flu\u00eddo com quantidade indicada na ordem de servi\u00e7o por carretel.<\/p>\n<p>Vaz\u00e3o livre 20 L\/min<br \/>\nEntrada e sa\u00edda 1\/2&#8243;<\/p>\n<p>Peso 780 g<br \/>\nMedidas (A) 165 mm x (L) 90 mm<\/p>\n","protected":false},"excerpt":{"rendered":"<p>Descri\u00e7\u00e3o: V\u00e1lvula para Controle de Fluidos Digital, usada junto com a central de controle, aciona o abastecimento autom\u00e1tico do flu\u00eddo com quantidade indicada na ordem de servi\u00e7o por carretel. Vaz\u00e3o livre 20 L\/min Entrada e sa\u00edda 1\/2&#8243; Peso 780 g Medidas (A) 165 mm x (L) 90 mm<\/p>\n","protected":false},"featured_media":3218,"comment_status":"open","ping_status":"closed","template":"","meta":{"_exactmetrics_skip_tracking":false,"_exactmetrics_sitenote_active":false,"_exactmetrics_sitenote_note":"","_exactmetrics_sitenote_category":0},"product_brand":[],"product_cat":[114],"product_tag":[],"class_list":{"0":"post-3216","1":"product","2":"type-product","3":"status-publish","4":"has-post-thumbnail","6":"product_cat-solucoes-para-abastecimento","8":"first","9":"instock","10":"shipping-taxable","11":"product-type-simple"},"_links":{"self":[{"href":"https:\/\/totallubri.com.br\/index.php?rest_route=\/wp\/v2\/product\/3216","targetHints":{"allow":["GET"]}}],"collection":[{"href":"https:\/\/totallubri.com.br\/index.php?rest_route=\/wp\/v2\/product"}],"about":[{"href":"https:\/\/totallubri.com.br\/index.php?rest_route=\/wp\/v2\/types\/product"}],"replies":[{"embeddable":true,"href":"https:\/\/totallubri.com.br\/index.php?rest_route=%2Fwp%2Fv2%2Fcomments&post=3216"}],"wp:featuredmedia":[{"embeddable":true,"href":"https:\/\/totallubri.com.br\/index.php?rest_route=\/wp\/v2\/media\/3218"}],"wp:attachment":[{"href":"https:\/\/totallubri.com.br\/index.php?rest_route=%2Fwp%2Fv2%2Fmedia&parent=3216"}],"wp:term":[{"taxonomy":"product_brand","embeddable":true,"href":"https:\/\/totallubri.com.br\/index.php?rest_route=%2Fwp%2Fv2%2Fproduct_brand&post=3216"},{"taxonomy":"product_cat","embeddable":true,"href":"https:\/\/totallubri.com.br\/index.php?rest_route=%2Fwp%2Fv2%2Fproduct_cat&post=3216"},{"taxonomy":"product_tag","embeddable":true,"href":"https:\/\/totallubri.com.br\/index.php?rest_route=%2Fwp%2Fv2%2Fproduct_tag&post=3216"}],"curies":[{"name":"wp","href":"https:\/\/api.w.org\/{rel}","templated":true}]}}