{"id":3217,"date":"2016-12-22T14:47:14","date_gmt":"2016-12-22T16:47:14","guid":{"rendered":"http:\/\/totallubri.com.br\/wp\/?post_type=product&#038;p=3217"},"modified":"2024-12-02T12:17:54","modified_gmt":"2024-12-02T15:17:54","slug":"tampa-9027-01-samoa","status":"publish","type":"product","link":"https:\/\/totallubri.com.br\/?product=tampa-9027-01-samoa","title":{"rendered":"Tampa &#8211; 9027-01 &#8211; Samoa"},"content":{"rendered":"<p>Necess\u00e1ria a utiliza\u00e7\u00e3o junto da Propulsora 9021\/9022\/9023\/9025\/9027\/9028 E 9032, para ter um bom desenvolvimento do equipamento.<\/p>\n<p>Descri\u00e7\u00e3o:Tampa &#8211; 9027-01<br \/>\nEm a\u00e7o, adapt\u00e1vel a tambores de graxa de 200 kg.<\/p>\n<p>Para propulsoras . alta vaz\u00e3o 9021 \/ 9022 \/ 9023 \/ 9025 \/ 9027 \/ 9028 \/ 9032<\/p>\n<p>Peso: 3 kg . Medida: (\u00d8) 620 mm<\/p>\n","protected":false},"excerpt":{"rendered":"<p>Necess\u00e1ria a utiliza\u00e7\u00e3o junto da Propulsora 9021\/9022\/9023\/9025\/9027\/9028 E 9032, para ter um bom desenvolvimento do equipamento. Descri\u00e7\u00e3o:Tampa &#8211; 9027-01 Em a\u00e7o, adapt\u00e1vel a tambores de graxa de 200 kg. Para propulsoras . alta vaz\u00e3o 9021 \/ 9022 \/ 9023 \/ 9025 \/ 9027 \/ 9028 \/ 9032 Peso: 3 kg . Medida: (\u00d8) 620 mm<\/p>\n","protected":false},"featured_media":3219,"comment_status":"open","ping_status":"closed","template":"","meta":{"_exactmetrics_skip_tracking":false,"_exactmetrics_sitenote_active":false,"_exactmetrics_sitenote_note":"","_exactmetrics_sitenote_category":0},"product_brand":[],"product_cat":[112],"product_tag":[],"class_list":{"0":"post-3217","1":"product","2":"type-product","3":"status-publish","4":"has-post-thumbnail","6":"product_cat-propulsoras-especiais-e-alta-vazao-suportes-e-acessorios-para-propulsoras","8":"first","9":"instock","10":"shipping-taxable","11":"product-type-simple"},"_links":{"self":[{"href":"https:\/\/totallubri.com.br\/index.php?rest_route=\/wp\/v2\/product\/3217","targetHints":{"allow":["GET"]}}],"collection":[{"href":"https:\/\/totallubri.com.br\/index.php?rest_route=\/wp\/v2\/product"}],"about":[{"href":"https:\/\/totallubri.com.br\/index.php?rest_route=\/wp\/v2\/types\/product"}],"replies":[{"embeddable":true,"href":"https:\/\/totallubri.com.br\/index.php?rest_route=%2Fwp%2Fv2%2Fcomments&post=3217"}],"wp:featuredmedia":[{"embeddable":true,"href":"https:\/\/totallubri.com.br\/index.php?rest_route=\/wp\/v2\/media\/3219"}],"wp:attachment":[{"href":"https:\/\/totallubri.com.br\/index.php?rest_route=%2Fwp%2Fv2%2Fmedia&parent=3217"}],"wp:term":[{"taxonomy":"product_brand","embeddable":true,"href":"https:\/\/totallubri.com.br\/index.php?rest_route=%2Fwp%2Fv2%2Fproduct_brand&post=3217"},{"taxonomy":"product_cat","embeddable":true,"href":"https:\/\/totallubri.com.br\/index.php?rest_route=%2Fwp%2Fv2%2Fproduct_cat&post=3217"},{"taxonomy":"product_tag","embeddable":true,"href":"https:\/\/totallubri.com.br\/index.php?rest_route=%2Fwp%2Fv2%2Fproduct_tag&post=3217"}],"curies":[{"name":"wp","href":"https:\/\/api.w.org\/{rel}","templated":true}]}}