{"id":3220,"date":"2016-12-22T14:48:01","date_gmt":"2016-12-22T16:48:01","guid":{"rendered":"http:\/\/totallubri.com.br\/wp\/?post_type=product&#038;p=3220"},"modified":"2025-04-29T14:24:32","modified_gmt":"2025-04-29T17:24:32","slug":"visor-digital-para-medidores-de-pulso-2180-v","status":"publish","type":"product","link":"https:\/\/totallubri.com.br\/?product=visor-digital-para-medidores-de-pulso-2180-v","title":{"rendered":"2180-V-Visor Digital para Medidores de Pulso \u2013 2180-V \u2013 Piusi"},"content":{"rendered":"<p>Produto com visor digital \u00e9 indicado para todos os medidores de pulso.<\/p>\n<p>Descri\u00e7\u00e3o:Visor Digital para Medidores de Pulso<br \/>\nEm alum\u00ednio, adapt\u00e1vel a todos os medidores de pulso, com conex\u00f5es el\u00e9tricas para medidores tipo contato seco.<\/p>\n<p>Peso: 612 g Medidas: (A) 90 mm x (L) 140 mm<\/p>\n","protected":false},"excerpt":{"rendered":"<p>Produto com visor digital \u00e9 indicado para todos os medidores de pulso. Descri\u00e7\u00e3o:Visor Digital para Medidores de Pulso Em alum\u00ednio, adapt\u00e1vel a todos os medidores de pulso, com conex\u00f5es el\u00e9tricas para medidores tipo contato seco. Peso: 612 g Medidas: (A) 90 mm x (L) 140 mm<\/p>\n","protected":false},"featured_media":3222,"comment_status":"open","ping_status":"closed","template":"","meta":{"_exactmetrics_skip_tracking":false,"_exactmetrics_sitenote_active":false,"_exactmetrics_sitenote_note":"","_exactmetrics_sitenote_category":0},"product_brand":[],"product_cat":[108],"product_tag":[],"class_list":{"0":"post-3220","1":"product","2":"type-product","3":"status-publish","4":"has-post-thumbnail","6":"product_cat-medidor-digital","8":"first","9":"instock","10":"shipping-taxable","11":"product-type-simple"},"_links":{"self":[{"href":"https:\/\/totallubri.com.br\/index.php?rest_route=\/wp\/v2\/product\/3220","targetHints":{"allow":["GET"]}}],"collection":[{"href":"https:\/\/totallubri.com.br\/index.php?rest_route=\/wp\/v2\/product"}],"about":[{"href":"https:\/\/totallubri.com.br\/index.php?rest_route=\/wp\/v2\/types\/product"}],"replies":[{"embeddable":true,"href":"https:\/\/totallubri.com.br\/index.php?rest_route=%2Fwp%2Fv2%2Fcomments&post=3220"}],"wp:featuredmedia":[{"embeddable":true,"href":"https:\/\/totallubri.com.br\/index.php?rest_route=\/wp\/v2\/media\/3222"}],"wp:attachment":[{"href":"https:\/\/totallubri.com.br\/index.php?rest_route=%2Fwp%2Fv2%2Fmedia&parent=3220"}],"wp:term":[{"taxonomy":"product_brand","embeddable":true,"href":"https:\/\/totallubri.com.br\/index.php?rest_route=%2Fwp%2Fv2%2Fproduct_brand&post=3220"},{"taxonomy":"product_cat","embeddable":true,"href":"https:\/\/totallubri.com.br\/index.php?rest_route=%2Fwp%2Fv2%2Fproduct_cat&post=3220"},{"taxonomy":"product_tag","embeddable":true,"href":"https:\/\/totallubri.com.br\/index.php?rest_route=%2Fwp%2Fv2%2Fproduct_tag&post=3220"}],"curies":[{"name":"wp","href":"https:\/\/api.w.org\/{rel}","templated":true}]}}