{"id":3221,"date":"2016-12-22T14:48:06","date_gmt":"2016-12-22T16:48:06","guid":{"rendered":"http:\/\/totallubri.com.br\/wp\/?post_type=product&#038;p=3221"},"modified":"2025-01-05T17:37:37","modified_gmt":"2025-01-05T20:37:37","slug":"tampa-9031-a-samoa","status":"publish","type":"product","link":"https:\/\/totallubri.com.br\/?product=tampa-9031-a-samoa","title":{"rendered":"Tampa-9031-A \u2013 Samoa"},"content":{"rendered":"<p>Necess\u00e1ria a utiliza\u00e7\u00e3o junto da Propulsora 9031\/9032\/9033\/ e 9036, para ter um bom desenvolvimento do equipamento.<\/p>\n<p>Descri\u00e7\u00e3o:<br \/>\nEm a\u00e7o, adapt\u00e1vel a tambores de graxa de 200 kg.<\/p>\n<p>Para propulsoras 9036 \/ 9031 \/ 9033 \/ 9032<\/p>\n<p>Peso: 4 kg . Medida: (\u00d8) 615 mm<\/p>\n","protected":false},"excerpt":{"rendered":"<p>Necess\u00e1ria a utiliza\u00e7\u00e3o junto da Propulsora 9031\/9032\/9033\/ e 9036, para ter um bom desenvolvimento do equipamento. Descri\u00e7\u00e3o: Em a\u00e7o, adapt\u00e1vel a tambores de graxa de 200 kg. Para propulsoras 9036 \/ 9031 \/ 9033 \/ 9032 Peso: 4 kg . Medida: (\u00d8) 615 mm<\/p>\n","protected":false},"featured_media":3223,"comment_status":"open","ping_status":"closed","template":"","meta":{"_exactmetrics_skip_tracking":false,"_exactmetrics_sitenote_active":false,"_exactmetrics_sitenote_note":"","_exactmetrics_sitenote_category":0},"product_brand":[],"product_cat":[112],"product_tag":[],"class_list":{"0":"post-3221","1":"product","2":"type-product","3":"status-publish","4":"has-post-thumbnail","6":"product_cat-propulsoras-especiais-e-alta-vazao-suportes-e-acessorios-para-propulsoras","8":"first","9":"instock","10":"shipping-taxable","11":"product-type-simple"},"_links":{"self":[{"href":"https:\/\/totallubri.com.br\/index.php?rest_route=\/wp\/v2\/product\/3221","targetHints":{"allow":["GET"]}}],"collection":[{"href":"https:\/\/totallubri.com.br\/index.php?rest_route=\/wp\/v2\/product"}],"about":[{"href":"https:\/\/totallubri.com.br\/index.php?rest_route=\/wp\/v2\/types\/product"}],"replies":[{"embeddable":true,"href":"https:\/\/totallubri.com.br\/index.php?rest_route=%2Fwp%2Fv2%2Fcomments&post=3221"}],"wp:featuredmedia":[{"embeddable":true,"href":"https:\/\/totallubri.com.br\/index.php?rest_route=\/wp\/v2\/media\/3223"}],"wp:attachment":[{"href":"https:\/\/totallubri.com.br\/index.php?rest_route=%2Fwp%2Fv2%2Fmedia&parent=3221"}],"wp:term":[{"taxonomy":"product_brand","embeddable":true,"href":"https:\/\/totallubri.com.br\/index.php?rest_route=%2Fwp%2Fv2%2Fproduct_brand&post=3221"},{"taxonomy":"product_cat","embeddable":true,"href":"https:\/\/totallubri.com.br\/index.php?rest_route=%2Fwp%2Fv2%2Fproduct_cat&post=3221"},{"taxonomy":"product_tag","embeddable":true,"href":"https:\/\/totallubri.com.br\/index.php?rest_route=%2Fwp%2Fv2%2Fproduct_tag&post=3221"}],"curies":[{"name":"wp","href":"https:\/\/api.w.org\/{rel}","templated":true}]}}