{"id":3224,"date":"2016-12-22T14:49:18","date_gmt":"2016-12-22T16:49:18","guid":{"rendered":"http:\/\/totallubri.com.br\/wp\/?post_type=product&#038;p=3224"},"modified":"2024-12-02T12:22:41","modified_gmt":"2024-12-02T15:22:41","slug":"tampa-9035-t-samoa","status":"publish","type":"product","link":"https:\/\/totallubri.com.br\/?product=tampa-9035-t-samoa","title":{"rendered":"Tampa &#8211; 9035-T &#8211; Samoa"},"content":{"rendered":"<p>Necess\u00e1ria a utiliza\u00e7\u00e3o junto da Propulsora 9030 e 9035, para ter um bom desenvolvimento do equipamento.<\/p>\n<p>Descri\u00e7\u00e3o:Tampa<br \/>\nEm a\u00e7o, adapt\u00e1vel a recipientes de graxa de 50 kg.<\/p>\n<p>Para propulsoras . 9030 \/ 9035<\/p>\n<p>Peso: 3 kg . Medida: (\u00d8) 360 mm<\/p>\n","protected":false},"excerpt":{"rendered":"<p>Necess\u00e1ria a utiliza\u00e7\u00e3o junto da Propulsora 9030 e 9035, para ter um bom desenvolvimento do equipamento. Descri\u00e7\u00e3o:Tampa Em a\u00e7o, adapt\u00e1vel a recipientes de graxa de 50 kg. Para propulsoras . 9030 \/ 9035 Peso: 3 kg . Medida: (\u00d8) 360 mm<\/p>\n","protected":false},"featured_media":3225,"comment_status":"open","ping_status":"closed","template":"","meta":{"_exactmetrics_skip_tracking":false,"_exactmetrics_sitenote_active":false,"_exactmetrics_sitenote_note":"","_exactmetrics_sitenote_category":0},"product_brand":[],"product_cat":[112],"product_tag":[],"class_list":{"0":"post-3224","1":"product","2":"type-product","3":"status-publish","4":"has-post-thumbnail","6":"product_cat-propulsoras-especiais-e-alta-vazao-suportes-e-acessorios-para-propulsoras","8":"first","9":"instock","10":"shipping-taxable","11":"product-type-simple"},"_links":{"self":[{"href":"https:\/\/totallubri.com.br\/index.php?rest_route=\/wp\/v2\/product\/3224","targetHints":{"allow":["GET"]}}],"collection":[{"href":"https:\/\/totallubri.com.br\/index.php?rest_route=\/wp\/v2\/product"}],"about":[{"href":"https:\/\/totallubri.com.br\/index.php?rest_route=\/wp\/v2\/types\/product"}],"replies":[{"embeddable":true,"href":"https:\/\/totallubri.com.br\/index.php?rest_route=%2Fwp%2Fv2%2Fcomments&post=3224"}],"wp:featuredmedia":[{"embeddable":true,"href":"https:\/\/totallubri.com.br\/index.php?rest_route=\/wp\/v2\/media\/3225"}],"wp:attachment":[{"href":"https:\/\/totallubri.com.br\/index.php?rest_route=%2Fwp%2Fv2%2Fmedia&parent=3224"}],"wp:term":[{"taxonomy":"product_brand","embeddable":true,"href":"https:\/\/totallubri.com.br\/index.php?rest_route=%2Fwp%2Fv2%2Fproduct_brand&post=3224"},{"taxonomy":"product_cat","embeddable":true,"href":"https:\/\/totallubri.com.br\/index.php?rest_route=%2Fwp%2Fv2%2Fproduct_cat&post=3224"},{"taxonomy":"product_tag","embeddable":true,"href":"https:\/\/totallubri.com.br\/index.php?rest_route=%2Fwp%2Fv2%2Fproduct_tag&post=3224"}],"curies":[{"name":"wp","href":"https:\/\/api.w.org\/{rel}","templated":true}]}}