{"id":3226,"date":"2016-12-22T14:50:19","date_gmt":"2016-12-22T16:50:19","guid":{"rendered":"http:\/\/totallubri.com.br\/wp\/?post_type=product&#038;p=3226"},"modified":"2025-01-05T17:35:09","modified_gmt":"2025-01-05T20:35:09","slug":"unidade-movel-pneumatica-9104-d-samoa","status":"publish","type":"product","link":"https:\/\/totallubri.com.br\/?product=unidade-movel-pneumatica-9104-d-samoa","title":{"rendered":"Unidade Movel Pneumatica &#8211; 9104-D &#8211; Samoa"},"content":{"rendered":"<p>Unidade M\u00f3vel Pneum\u00e1tica, ideal para utilizar na aplica\u00e7\u00e3o de graxa em locais com grandes extens\u00f5es e com v\u00e1rios locais diferentes para a lubrifica\u00e7\u00e3o.<\/p>\n<p>Descri\u00e7\u00e3o:Unidade Movel Pneumatica<br \/>\nEm a\u00e7o, para graxas NLGI 2, para tambores de 200 kg, com carrinho com rodas pneum\u00e1ticas, propulsora pneum\u00e1tica, tampa adapt\u00e1vel a tambor de 200 kg, filtro regulador de ar, conex\u00e3o girat\u00f3ria, mangueira e medidor digital com gatilho.<\/p>\n<p>Vaz\u00e3o livre . 600 g\/min<br \/>\nMangueira . 10 m \/ \u00f8 1\/4\u201d<br \/>\nMedidor . digital \/ com gatilho<br \/>\nEntrada de ar . \u00f8 1\/4\u201d BSP<\/p>\n<p>Peso: 41 kg . Medidas: (A) 1005 mm x (L) 875 mm<\/p>\n<p>OBS: Tambor n\u00e3o acompanha o produto<\/p>\n<p>OPCIONAL: 9104-DM<br \/>\nCarrinho com rodas maci\u00e7as<\/p>\n","protected":false},"excerpt":{"rendered":"<p>Unidade M\u00f3vel Pneum\u00e1tica, ideal para utilizar na aplica\u00e7\u00e3o de graxa em locais com grandes extens\u00f5es e com v\u00e1rios locais diferentes para a lubrifica\u00e7\u00e3o. Descri\u00e7\u00e3o:Unidade Movel Pneumatica Em a\u00e7o, para graxas NLGI 2, para tambores de 200 kg, com carrinho com rodas pneum\u00e1ticas, propulsora pneum\u00e1tica, tampa adapt\u00e1vel a tambor de 200 kg, filtro regulador de ar, [&hellip;]<\/p>\n","protected":false},"featured_media":3227,"comment_status":"open","ping_status":"closed","template":"","meta":{"_exactmetrics_skip_tracking":false,"_exactmetrics_sitenote_active":false,"_exactmetrics_sitenote_note":"","_exactmetrics_sitenote_category":0},"product_brand":[],"product_cat":[116],"product_tag":[],"class_list":{"0":"post-3226","1":"product","2":"type-product","3":"status-publish","4":"has-post-thumbnail","6":"product_cat-unidade-movel","8":"first","9":"instock","10":"shipping-taxable","11":"product-type-simple"},"_links":{"self":[{"href":"https:\/\/totallubri.com.br\/index.php?rest_route=\/wp\/v2\/product\/3226","targetHints":{"allow":["GET"]}}],"collection":[{"href":"https:\/\/totallubri.com.br\/index.php?rest_route=\/wp\/v2\/product"}],"about":[{"href":"https:\/\/totallubri.com.br\/index.php?rest_route=\/wp\/v2\/types\/product"}],"replies":[{"embeddable":true,"href":"https:\/\/totallubri.com.br\/index.php?rest_route=%2Fwp%2Fv2%2Fcomments&post=3226"}],"wp:featuredmedia":[{"embeddable":true,"href":"https:\/\/totallubri.com.br\/index.php?rest_route=\/wp\/v2\/media\/3227"}],"wp:attachment":[{"href":"https:\/\/totallubri.com.br\/index.php?rest_route=%2Fwp%2Fv2%2Fmedia&parent=3226"}],"wp:term":[{"taxonomy":"product_brand","embeddable":true,"href":"https:\/\/totallubri.com.br\/index.php?rest_route=%2Fwp%2Fv2%2Fproduct_brand&post=3226"},{"taxonomy":"product_cat","embeddable":true,"href":"https:\/\/totallubri.com.br\/index.php?rest_route=%2Fwp%2Fv2%2Fproduct_cat&post=3226"},{"taxonomy":"product_tag","embeddable":true,"href":"https:\/\/totallubri.com.br\/index.php?rest_route=%2Fwp%2Fv2%2Fproduct_tag&post=3226"}],"curies":[{"name":"wp","href":"https:\/\/api.w.org\/{rel}","templated":true}]}}