{"id":3243,"date":"2016-12-22T14:56:56","date_gmt":"2016-12-22T16:56:56","guid":{"rendered":"http:\/\/totallubri.com.br\/wp\/?post_type=product&#038;p=3243"},"modified":"2024-11-22T10:01:37","modified_gmt":"2024-11-22T13:01:37","slug":"bomba-manual-de-pistao-9009-ar-piusi","status":"publish","type":"product","link":"https:\/\/totallubri.com.br\/?product=bomba-manual-de-pistao-9009-ar-piusi","title":{"rendered":"Bomba Manual de Pist\u00e3o &#8211; 9009-AR &#8211; PIUSI"},"content":{"rendered":"<p>Indicada para a transfer\u00eancia de ARLA 32, solu\u00e7\u00e3o n\u00e3o inflam\u00e1vel, n\u00e3o t\u00f3xica, n\u00e3o perigosa e n\u00e3o explosiva e, portanto, muito segura. N\u00e3o \u00e9 nocivo ao meio ambiente , e atua nos sistemas de exaust\u00e3o como agente redutor de emiss\u00f5es de \u00f3xidos de nitrog\u00eanio (NOx)<\/p>\n<p>Descri\u00e7\u00e3o: Bomba Manual de Pist\u00e3o<br \/>\nEm acetal, b\u00e1sica, adapt\u00e1vel a tambores de 200 L, com tubo de suc\u00e7\u00e3o, para Arla 32.<\/p>\n<p>Sa\u00edda 3\/4&#8243;.<br \/>\nPeso: 1,5 Kg.<\/p>\n<p>Obs.: Mangueira e tambor n\u00e3o acompanham o equipamento.<\/p>\n","protected":false},"excerpt":{"rendered":"<p>Indicada para a transfer\u00eancia de ARLA 32, solu\u00e7\u00e3o n\u00e3o inflam\u00e1vel, n\u00e3o t\u00f3xica, n\u00e3o perigosa e n\u00e3o explosiva e, portanto, muito segura. N\u00e3o \u00e9 nocivo ao meio ambiente , e atua nos sistemas de exaust\u00e3o como agente redutor de emiss\u00f5es de \u00f3xidos de nitrog\u00eanio (NOx) Descri\u00e7\u00e3o: Bomba Manual de Pist\u00e3o Em acetal, b\u00e1sica, adapt\u00e1vel a tambores [&hellip;]<\/p>\n","protected":false},"featured_media":3244,"comment_status":"open","ping_status":"closed","template":"","meta":{"_exactmetrics_skip_tracking":false,"_exactmetrics_sitenote_active":false,"_exactmetrics_sitenote_note":"","_exactmetrics_sitenote_category":0},"product_brand":[],"product_cat":[99],"product_tag":[],"class_list":{"0":"post-3243","1":"product","2":"type-product","3":"status-publish","4":"has-post-thumbnail","6":"product_cat-bomba-manual-para-liquidos","8":"first","9":"instock","10":"shipping-taxable","11":"product-type-simple"},"_links":{"self":[{"href":"https:\/\/totallubri.com.br\/index.php?rest_route=\/wp\/v2\/product\/3243","targetHints":{"allow":["GET"]}}],"collection":[{"href":"https:\/\/totallubri.com.br\/index.php?rest_route=\/wp\/v2\/product"}],"about":[{"href":"https:\/\/totallubri.com.br\/index.php?rest_route=\/wp\/v2\/types\/product"}],"replies":[{"embeddable":true,"href":"https:\/\/totallubri.com.br\/index.php?rest_route=%2Fwp%2Fv2%2Fcomments&post=3243"}],"wp:featuredmedia":[{"embeddable":true,"href":"https:\/\/totallubri.com.br\/index.php?rest_route=\/wp\/v2\/media\/3244"}],"wp:attachment":[{"href":"https:\/\/totallubri.com.br\/index.php?rest_route=%2Fwp%2Fv2%2Fmedia&parent=3243"}],"wp:term":[{"taxonomy":"product_brand","embeddable":true,"href":"https:\/\/totallubri.com.br\/index.php?rest_route=%2Fwp%2Fv2%2Fproduct_brand&post=3243"},{"taxonomy":"product_cat","embeddable":true,"href":"https:\/\/totallubri.com.br\/index.php?rest_route=%2Fwp%2Fv2%2Fproduct_cat&post=3243"},{"taxonomy":"product_tag","embeddable":true,"href":"https:\/\/totallubri.com.br\/index.php?rest_route=%2Fwp%2Fv2%2Fproduct_tag&post=3243"}],"curies":[{"name":"wp","href":"https:\/\/api.w.org\/{rel}","templated":true}]}}