{"id":3245,"date":"2016-12-22T14:57:54","date_gmt":"2016-12-22T16:57:54","guid":{"rendered":"http:\/\/totallubri.com.br\/wp\/?post_type=product&#038;p=3245"},"modified":"2024-11-22T10:18:34","modified_gmt":"2024-11-22T13:18:34","slug":"bomba-manual-de-pistao-para-arla-32-9009-kar-piusi","status":"publish","type":"product","link":"https:\/\/totallubri.com.br\/?product=bomba-manual-de-pistao-para-arla-32-9009-kar-piusi","title":{"rendered":"Bomba Manual de Pistao para Arla 32 \u2013 9009-KAR \u2013 PIUSI"},"content":{"rendered":"<p>Indicada para a transfer\u00eancia de ARLA 32, solu\u00e7\u00e3o n\u00e3o inflam\u00e1vel, n\u00e3o t\u00f3xica, n\u00e3o perigosa e n\u00e3o explosiva e, portanto, muito segura. N\u00e3o \u00e9 nocivo ao meio ambiente , e atua nos sistemas de exaust\u00e3o como agente redutor de emiss\u00f5es de \u00f3xidos de nitrog\u00eanio (NOx)<\/p>\n<p>Descri\u00e7\u00e3o:Bomba Manual de Pistao<br \/>\nEm acetal, completa, adapt\u00e1vel a tambores de 200 L, com tubo de suc\u00e7\u00e3o, mangueira, ponteira, conex\u00f5es e 02 adaptadores para tambor, para Arla 32.<\/p>\n<p>Sa\u00edda 3\/4&#8242;<br \/>\nMangueira 3m\/ 3\/4&#8242;<br \/>\nPeso 3,4 kg<\/p>\n<p>Obs: Tambor n\u00e3o acompanha o equipamento.<\/p>\n","protected":false},"excerpt":{"rendered":"<p>Indicada para a transfer\u00eancia de ARLA 32, solu\u00e7\u00e3o n\u00e3o inflam\u00e1vel, n\u00e3o t\u00f3xica, n\u00e3o perigosa e n\u00e3o explosiva e, portanto, muito segura. N\u00e3o \u00e9 nocivo ao meio ambiente , e atua nos sistemas de exaust\u00e3o como agente redutor de emiss\u00f5es de \u00f3xidos de nitrog\u00eanio (NOx) Descri\u00e7\u00e3o:Bomba Manual de Pistao Em acetal, completa, adapt\u00e1vel a tambores de [&hellip;]<\/p>\n","protected":false},"featured_media":3247,"comment_status":"open","ping_status":"closed","template":"","meta":{"_exactmetrics_skip_tracking":false,"_exactmetrics_sitenote_active":false,"_exactmetrics_sitenote_note":"","_exactmetrics_sitenote_category":0},"product_brand":[],"product_cat":[99],"product_tag":[],"class_list":{"0":"post-3245","1":"product","2":"type-product","3":"status-publish","4":"has-post-thumbnail","6":"product_cat-bomba-manual-para-liquidos","8":"first","9":"instock","10":"shipping-taxable","11":"product-type-simple"},"_links":{"self":[{"href":"https:\/\/totallubri.com.br\/index.php?rest_route=\/wp\/v2\/product\/3245","targetHints":{"allow":["GET"]}}],"collection":[{"href":"https:\/\/totallubri.com.br\/index.php?rest_route=\/wp\/v2\/product"}],"about":[{"href":"https:\/\/totallubri.com.br\/index.php?rest_route=\/wp\/v2\/types\/product"}],"replies":[{"embeddable":true,"href":"https:\/\/totallubri.com.br\/index.php?rest_route=%2Fwp%2Fv2%2Fcomments&post=3245"}],"wp:featuredmedia":[{"embeddable":true,"href":"https:\/\/totallubri.com.br\/index.php?rest_route=\/wp\/v2\/media\/3247"}],"wp:attachment":[{"href":"https:\/\/totallubri.com.br\/index.php?rest_route=%2Fwp%2Fv2%2Fmedia&parent=3245"}],"wp:term":[{"taxonomy":"product_brand","embeddable":true,"href":"https:\/\/totallubri.com.br\/index.php?rest_route=%2Fwp%2Fv2%2Fproduct_brand&post=3245"},{"taxonomy":"product_cat","embeddable":true,"href":"https:\/\/totallubri.com.br\/index.php?rest_route=%2Fwp%2Fv2%2Fproduct_cat&post=3245"},{"taxonomy":"product_tag","embeddable":true,"href":"https:\/\/totallubri.com.br\/index.php?rest_route=%2Fwp%2Fv2%2Fproduct_tag&post=3245"}],"curies":[{"name":"wp","href":"https:\/\/api.w.org\/{rel}","templated":true}]}}