{"id":3246,"date":"2016-12-22T14:58:09","date_gmt":"2016-12-22T16:58:09","guid":{"rendered":"http:\/\/totallubri.com.br\/wp\/?post_type=product&#038;p=3246"},"modified":"2024-12-19T15:21:19","modified_gmt":"2024-12-19T18:21:19","slug":"amplificador-de-sinal-acm-9814-samoa","status":"publish","type":"product","link":"https:\/\/totallubri.com.br\/?product=amplificador-de-sinal-acm-9814-samoa","title":{"rendered":"Amplificador de sinal ACM &#8211; 9814 &#8211; Samoa"},"content":{"rendered":"<p>Descri\u00e7\u00e3o:Amplificador de sinal ACM<br \/>\nUsada na Central ACM, quando a<br \/>\nquantidade de eletrov\u00e1lvulas for superior<br \/>\n\u00e0 8 unidades.<br \/>\nTamb\u00e9m usado quando a dist\u00e2ncia entre<br \/>\nas eletrov\u00e1lvulas com a Central ACM for<br \/>\nmaior que 30 M.<\/p>\n<p>Peso 3,6 kg<br \/>\nMedidas (A) 280 mm x (L) 205 mm x (C) 60 mm<\/p>\n","protected":false},"excerpt":{"rendered":"<p>Descri\u00e7\u00e3o:Amplificador de sinal ACM Usada na Central ACM, quando a quantidade de eletrov\u00e1lvulas for superior \u00e0 8 unidades. Tamb\u00e9m usado quando a dist\u00e2ncia entre as eletrov\u00e1lvulas com a Central ACM for maior que 30 M. Peso 3,6 kg Medidas (A) 280 mm x (L) 205 mm x (C) 60 mm<\/p>\n","protected":false},"featured_media":3248,"comment_status":"open","ping_status":"closed","template":"","meta":{"_exactmetrics_skip_tracking":false,"_exactmetrics_sitenote_active":false,"_exactmetrics_sitenote_note":"","_exactmetrics_sitenote_category":0},"product_brand":[],"product_cat":[114],"product_tag":[],"class_list":{"0":"post-3246","1":"product","2":"type-product","3":"status-publish","4":"has-post-thumbnail","6":"product_cat-solucoes-para-abastecimento","8":"first","9":"instock","10":"shipping-taxable","11":"product-type-simple"},"_links":{"self":[{"href":"https:\/\/totallubri.com.br\/index.php?rest_route=\/wp\/v2\/product\/3246","targetHints":{"allow":["GET"]}}],"collection":[{"href":"https:\/\/totallubri.com.br\/index.php?rest_route=\/wp\/v2\/product"}],"about":[{"href":"https:\/\/totallubri.com.br\/index.php?rest_route=\/wp\/v2\/types\/product"}],"replies":[{"embeddable":true,"href":"https:\/\/totallubri.com.br\/index.php?rest_route=%2Fwp%2Fv2%2Fcomments&post=3246"}],"wp:featuredmedia":[{"embeddable":true,"href":"https:\/\/totallubri.com.br\/index.php?rest_route=\/wp\/v2\/media\/3248"}],"wp:attachment":[{"href":"https:\/\/totallubri.com.br\/index.php?rest_route=%2Fwp%2Fv2%2Fmedia&parent=3246"}],"wp:term":[{"taxonomy":"product_brand","embeddable":true,"href":"https:\/\/totallubri.com.br\/index.php?rest_route=%2Fwp%2Fv2%2Fproduct_brand&post=3246"},{"taxonomy":"product_cat","embeddable":true,"href":"https:\/\/totallubri.com.br\/index.php?rest_route=%2Fwp%2Fv2%2Fproduct_cat&post=3246"},{"taxonomy":"product_tag","embeddable":true,"href":"https:\/\/totallubri.com.br\/index.php?rest_route=%2Fwp%2Fv2%2Fproduct_tag&post=3246"}],"curies":[{"name":"wp","href":"https:\/\/api.w.org\/{rel}","templated":true}]}}