{"id":3249,"date":"2016-12-22T14:58:52","date_gmt":"2016-12-22T16:58:52","guid":{"rendered":"http:\/\/totallubri.com.br\/wp\/?post_type=product&#038;p=3249"},"modified":"2024-11-22T11:32:39","modified_gmt":"2024-11-22T14:32:39","slug":"bomba-manual-rotativa-9008-ar-piusi","status":"publish","type":"product","link":"https:\/\/totallubri.com.br\/?product=bomba-manual-rotativa-9008-ar-piusi","title":{"rendered":"Bomba Manual Rotativa- 9008-AR \u2013 PIUSI"},"content":{"rendered":"<p>Produto indicado para transfer\u00eancia de ARLA 32 ARLA que \u00e9 uma solu\u00e7\u00e3o n\u00e3o inflam\u00e1vel, n\u00e3o t\u00f3xica, n\u00e3o perigosa e n\u00e3o explosiva e, portanto, muito segura. N\u00e3o \u00e9 nocivo ao meio ambiente , e atua nos sistemas de exaust\u00e3o como agente redutor de emiss\u00f5es de \u00f3xidos de nitrog\u00eanio (NOx)<\/p>\n<p>Descri\u00e7\u00e3o:Bomba Manual Rotativa<br \/>\nEm acetal, b\u00e1sica, adapt\u00e1vel a tambores de 200 lts, com tubo de suc\u00e7\u00e3o.<br \/>\nSa\u00edda 1&#8243;<br \/>\nMangueira n\u00e3o acompanha<br \/>\nPeso: 1,8KG<br \/>\nObs: Tambor n\u00e3o acompanha o equipamento.<\/p>\n","protected":false},"excerpt":{"rendered":"<p>Produto indicado para transfer\u00eancia de ARLA 32 ARLA que \u00e9 uma solu\u00e7\u00e3o n\u00e3o inflam\u00e1vel, n\u00e3o t\u00f3xica, n\u00e3o perigosa e n\u00e3o explosiva e, portanto, muito segura. N\u00e3o \u00e9 nocivo ao meio ambiente , e atua nos sistemas de exaust\u00e3o como agente redutor de emiss\u00f5es de \u00f3xidos de nitrog\u00eanio (NOx) Descri\u00e7\u00e3o:Bomba Manual Rotativa Em acetal, b\u00e1sica, adapt\u00e1vel [&hellip;]<\/p>\n","protected":false},"featured_media":3251,"comment_status":"open","ping_status":"closed","template":"","meta":{"_exactmetrics_skip_tracking":false,"_exactmetrics_sitenote_active":false,"_exactmetrics_sitenote_note":"","_exactmetrics_sitenote_category":0},"product_brand":[],"product_cat":[99],"product_tag":[],"class_list":{"0":"post-3249","1":"product","2":"type-product","3":"status-publish","4":"has-post-thumbnail","6":"product_cat-bomba-manual-para-liquidos","8":"first","9":"instock","10":"shipping-taxable","11":"product-type-simple"},"_links":{"self":[{"href":"https:\/\/totallubri.com.br\/index.php?rest_route=\/wp\/v2\/product\/3249","targetHints":{"allow":["GET"]}}],"collection":[{"href":"https:\/\/totallubri.com.br\/index.php?rest_route=\/wp\/v2\/product"}],"about":[{"href":"https:\/\/totallubri.com.br\/index.php?rest_route=\/wp\/v2\/types\/product"}],"replies":[{"embeddable":true,"href":"https:\/\/totallubri.com.br\/index.php?rest_route=%2Fwp%2Fv2%2Fcomments&post=3249"}],"wp:featuredmedia":[{"embeddable":true,"href":"https:\/\/totallubri.com.br\/index.php?rest_route=\/wp\/v2\/media\/3251"}],"wp:attachment":[{"href":"https:\/\/totallubri.com.br\/index.php?rest_route=%2Fwp%2Fv2%2Fmedia&parent=3249"}],"wp:term":[{"taxonomy":"product_brand","embeddable":true,"href":"https:\/\/totallubri.com.br\/index.php?rest_route=%2Fwp%2Fv2%2Fproduct_brand&post=3249"},{"taxonomy":"product_cat","embeddable":true,"href":"https:\/\/totallubri.com.br\/index.php?rest_route=%2Fwp%2Fv2%2Fproduct_cat&post=3249"},{"taxonomy":"product_tag","embeddable":true,"href":"https:\/\/totallubri.com.br\/index.php?rest_route=%2Fwp%2Fv2%2Fproduct_tag&post=3249"}],"curies":[{"name":"wp","href":"https:\/\/api.w.org\/{rel}","templated":true}]}}