{"id":3250,"date":"2016-12-22T14:58:56","date_gmt":"2016-12-22T16:58:56","guid":{"rendered":"http:\/\/totallubri.com.br\/wp\/?post_type=product&#038;p=3250"},"modified":"2024-12-04T17:27:30","modified_gmt":"2024-12-04T20:27:30","slug":"bacia-quadrada-2038-lupus","status":"publish","type":"product","link":"https:\/\/totallubri.com.br\/?product=bacia-quadrada-2038-lupus","title":{"rendered":"Bacia Quadrada &#8211; 2038 &#8211; Lupus"},"content":{"rendered":"<p>C\u00f3d.: 2038<br \/>\nProduto: Bacia Quadrada<br \/>\nDescri\u00e7\u00e3o:<br \/>\nEm polipropileno.<\/p>\n<p>Capacidade 10 L<\/p>\n<p>Peso 489 g<br \/>\nMedidas (A) 125 mm x 365 mm<\/p>\n","protected":false},"excerpt":{"rendered":"<p>C\u00f3d.: 2038 Produto: Bacia Quadrada Descri\u00e7\u00e3o: Em polipropileno. Capacidade 10 L Peso 489 g Medidas (A) 125 mm x 365 mm<\/p>\n","protected":false},"featured_media":3252,"comment_status":"open","ping_status":"closed","template":"","meta":{"_exactmetrics_skip_tracking":false,"_exactmetrics_sitenote_active":false,"_exactmetrics_sitenote_note":"","_exactmetrics_sitenote_category":0},"product_brand":[],"product_cat":[58],"product_tag":[],"class_list":{"0":"post-3250","1":"product","2":"type-product","3":"status-publish","4":"has-post-thumbnail","6":"product_cat-linha-industrial","8":"first","9":"instock","10":"shipping-taxable","11":"product-type-simple"},"_links":{"self":[{"href":"https:\/\/totallubri.com.br\/index.php?rest_route=\/wp\/v2\/product\/3250","targetHints":{"allow":["GET"]}}],"collection":[{"href":"https:\/\/totallubri.com.br\/index.php?rest_route=\/wp\/v2\/product"}],"about":[{"href":"https:\/\/totallubri.com.br\/index.php?rest_route=\/wp\/v2\/types\/product"}],"replies":[{"embeddable":true,"href":"https:\/\/totallubri.com.br\/index.php?rest_route=%2Fwp%2Fv2%2Fcomments&post=3250"}],"wp:featuredmedia":[{"embeddable":true,"href":"https:\/\/totallubri.com.br\/index.php?rest_route=\/wp\/v2\/media\/3252"}],"wp:attachment":[{"href":"https:\/\/totallubri.com.br\/index.php?rest_route=%2Fwp%2Fv2%2Fmedia&parent=3250"}],"wp:term":[{"taxonomy":"product_brand","embeddable":true,"href":"https:\/\/totallubri.com.br\/index.php?rest_route=%2Fwp%2Fv2%2Fproduct_brand&post=3250"},{"taxonomy":"product_cat","embeddable":true,"href":"https:\/\/totallubri.com.br\/index.php?rest_route=%2Fwp%2Fv2%2Fproduct_cat&post=3250"},{"taxonomy":"product_tag","embeddable":true,"href":"https:\/\/totallubri.com.br\/index.php?rest_route=%2Fwp%2Fv2%2Fproduct_tag&post=3250"}],"curies":[{"name":"wp","href":"https:\/\/api.w.org\/{rel}","templated":true}]}}