{"id":3265,"date":"2016-12-22T15:01:44","date_gmt":"2016-12-22T17:01:44","guid":{"rendered":"http:\/\/totallubri.com.br\/wp\/?post_type=product&#038;p=3265"},"modified":"2024-11-25T22:56:21","modified_gmt":"2024-11-26T01:56:21","slug":"balde-graduado-2039-lupus","status":"publish","type":"product","link":"https:\/\/totallubri.com.br\/?product=balde-graduado-2039-lupus","title":{"rendered":"Balde Graduado &#8211; 2039 &#8211; Lupus"},"content":{"rendered":"<p>C\u00f3d.: 2039<br \/>\nProduto: Balde Graduado<br \/>\nDescri\u00e7\u00e3o:<br \/>\nEm polipropileno, transl\u00facido.<\/p>\n<p>Capacidade 11 L<\/p>\n<p>Peso 505 g<\/p>\n","protected":false},"excerpt":{"rendered":"<p>C\u00f3d.: 2039 Produto: Balde Graduado Descri\u00e7\u00e3o: Em polipropileno, transl\u00facido. Capacidade 11 L Peso 505 g<\/p>\n","protected":false},"featured_media":3266,"comment_status":"open","ping_status":"closed","template":"","meta":{"_exactmetrics_skip_tracking":false,"_exactmetrics_sitenote_active":false,"_exactmetrics_sitenote_note":"","_exactmetrics_sitenote_category":0},"product_brand":[],"product_cat":[102],"product_tag":[],"class_list":{"0":"post-3265","1":"product","2":"type-product","3":"status-publish","4":"has-post-thumbnail","6":"product_cat-equipamentos-para-analise-e-medicoes","8":"first","9":"instock","10":"shipping-taxable","11":"product-type-simple"},"_links":{"self":[{"href":"https:\/\/totallubri.com.br\/index.php?rest_route=\/wp\/v2\/product\/3265","targetHints":{"allow":["GET"]}}],"collection":[{"href":"https:\/\/totallubri.com.br\/index.php?rest_route=\/wp\/v2\/product"}],"about":[{"href":"https:\/\/totallubri.com.br\/index.php?rest_route=\/wp\/v2\/types\/product"}],"replies":[{"embeddable":true,"href":"https:\/\/totallubri.com.br\/index.php?rest_route=%2Fwp%2Fv2%2Fcomments&post=3265"}],"wp:featuredmedia":[{"embeddable":true,"href":"https:\/\/totallubri.com.br\/index.php?rest_route=\/wp\/v2\/media\/3266"}],"wp:attachment":[{"href":"https:\/\/totallubri.com.br\/index.php?rest_route=%2Fwp%2Fv2%2Fmedia&parent=3265"}],"wp:term":[{"taxonomy":"product_brand","embeddable":true,"href":"https:\/\/totallubri.com.br\/index.php?rest_route=%2Fwp%2Fv2%2Fproduct_brand&post=3265"},{"taxonomy":"product_cat","embeddable":true,"href":"https:\/\/totallubri.com.br\/index.php?rest_route=%2Fwp%2Fv2%2Fproduct_cat&post=3265"},{"taxonomy":"product_tag","embeddable":true,"href":"https:\/\/totallubri.com.br\/index.php?rest_route=%2Fwp%2Fv2%2Fproduct_tag&post=3265"}],"curies":[{"name":"wp","href":"https:\/\/api.w.org\/{rel}","templated":true}]}}