{"id":3270,"date":"2016-12-22T15:02:43","date_gmt":"2016-12-22T17:02:43","guid":{"rendered":"http:\/\/totallubri.com.br\/wp\/?post_type=product&#038;p=3270"},"modified":"2024-11-25T23:00:53","modified_gmt":"2024-11-26T02:00:53","slug":"balde-graduado-2046-lupus","status":"publish","type":"product","link":"https:\/\/totallubri.com.br\/?product=balde-graduado-2046-lupus","title":{"rendered":"Balde Graduado &#8211; 2046 &#8211; Lupus"},"content":{"rendered":"<p>C\u00f3d.: 2046<br \/>\nProduto: Balde Graduado<br \/>\nDescri\u00e7\u00e3o:<br \/>\nEm polipropileno, transl\u00facido.<\/p>\n<p>Capacidade 20 L<\/p>\n<p>Peso 654 g<\/p>\n","protected":false},"excerpt":{"rendered":"<p>C\u00f3d.: 2046 Produto: Balde Graduado Descri\u00e7\u00e3o: Em polipropileno, transl\u00facido. Capacidade 20 L Peso 654 g<\/p>\n","protected":false},"featured_media":3272,"comment_status":"open","ping_status":"closed","template":"","meta":{"_exactmetrics_skip_tracking":false,"_exactmetrics_sitenote_active":false,"_exactmetrics_sitenote_note":"","_exactmetrics_sitenote_category":0},"product_brand":[],"product_cat":[102],"product_tag":[],"class_list":{"0":"post-3270","1":"product","2":"type-product","3":"status-publish","4":"has-post-thumbnail","6":"product_cat-equipamentos-para-analise-e-medicoes","8":"first","9":"instock","10":"shipping-taxable","11":"product-type-simple"},"_links":{"self":[{"href":"https:\/\/totallubri.com.br\/index.php?rest_route=\/wp\/v2\/product\/3270","targetHints":{"allow":["GET"]}}],"collection":[{"href":"https:\/\/totallubri.com.br\/index.php?rest_route=\/wp\/v2\/product"}],"about":[{"href":"https:\/\/totallubri.com.br\/index.php?rest_route=\/wp\/v2\/types\/product"}],"replies":[{"embeddable":true,"href":"https:\/\/totallubri.com.br\/index.php?rest_route=%2Fwp%2Fv2%2Fcomments&post=3270"}],"wp:featuredmedia":[{"embeddable":true,"href":"https:\/\/totallubri.com.br\/index.php?rest_route=\/wp\/v2\/media\/3272"}],"wp:attachment":[{"href":"https:\/\/totallubri.com.br\/index.php?rest_route=%2Fwp%2Fv2%2Fmedia&parent=3270"}],"wp:term":[{"taxonomy":"product_brand","embeddable":true,"href":"https:\/\/totallubri.com.br\/index.php?rest_route=%2Fwp%2Fv2%2Fproduct_brand&post=3270"},{"taxonomy":"product_cat","embeddable":true,"href":"https:\/\/totallubri.com.br\/index.php?rest_route=%2Fwp%2Fv2%2Fproduct_cat&post=3270"},{"taxonomy":"product_tag","embeddable":true,"href":"https:\/\/totallubri.com.br\/index.php?rest_route=%2Fwp%2Fv2%2Fproduct_tag&post=3270"}],"curies":[{"name":"wp","href":"https:\/\/api.w.org\/{rel}","templated":true}]}}