{"id":3276,"date":"2016-12-22T15:03:45","date_gmt":"2016-12-22T17:03:45","guid":{"rendered":"http:\/\/totallubri.com.br\/wp\/?post_type=product&#038;p=3276"},"modified":"2024-12-02T13:28:21","modified_gmt":"2024-12-02T16:28:21","slug":"unidade-para-armazenamento-de-oleo-usado-ewo2500","status":"publish","type":"product","link":"https:\/\/totallubri.com.br\/?product=unidade-para-armazenamento-de-oleo-usado-ewo2500","title":{"rendered":"Unidade para Armazenamento de Oleo usado \u2013 EWO2500 -LUPUS"},"content":{"rendered":"<p>Descri\u00e7\u00e3o:Unidade para Armazenamento de Oleo usado<br \/>\nReservat\u00f3rio em polietileno, fabricado conforme norma ABNT NBR 15931, com parede dupla para prote\u00e7\u00e3o t\u00e9rmica e fun\u00e7\u00e3o de dique de conten\u00e7\u00e3o, v\u00e1lvula contra transbordo, sensor de n\u00edvel, funil especial para at\u00e9 20L com filtro peneira de metal, e tampa com bloqueio por chave.<\/p>\n<p>Capacidade 2.500 L<br \/>\nDreno 2&#8243;<\/p>\n<p>Peso 210 kg<br \/>\nMedidas (A) 1600 mm x (L) 2460 mm x (C) 1460 mm<\/p>\n","protected":false},"excerpt":{"rendered":"<p>Descri\u00e7\u00e3o:Unidade para Armazenamento de Oleo usado Reservat\u00f3rio em polietileno, fabricado conforme norma ABNT NBR 15931, com parede dupla para prote\u00e7\u00e3o t\u00e9rmica e fun\u00e7\u00e3o de dique de conten\u00e7\u00e3o, v\u00e1lvula contra transbordo, sensor de n\u00edvel, funil especial para at\u00e9 20L com filtro peneira de metal, e tampa com bloqueio por chave. Capacidade 2.500 L Dreno 2&#8243; Peso [&hellip;]<\/p>\n","protected":false},"featured_media":3279,"comment_status":"open","ping_status":"closed","template":"","meta":{"_exactmetrics_skip_tracking":false,"_exactmetrics_sitenote_active":false,"_exactmetrics_sitenote_note":"","_exactmetrics_sitenote_category":0},"product_brand":[],"product_cat":[113],"product_tag":[],"class_list":{"0":"post-3276","1":"product","2":"type-product","3":"status-publish","4":"has-post-thumbnail","6":"product_cat-reservatorio-ibc-e-sistema-de-armazenamento","8":"first","9":"instock","10":"shipping-taxable","11":"product-type-simple"},"_links":{"self":[{"href":"https:\/\/totallubri.com.br\/index.php?rest_route=\/wp\/v2\/product\/3276","targetHints":{"allow":["GET"]}}],"collection":[{"href":"https:\/\/totallubri.com.br\/index.php?rest_route=\/wp\/v2\/product"}],"about":[{"href":"https:\/\/totallubri.com.br\/index.php?rest_route=\/wp\/v2\/types\/product"}],"replies":[{"embeddable":true,"href":"https:\/\/totallubri.com.br\/index.php?rest_route=%2Fwp%2Fv2%2Fcomments&post=3276"}],"wp:featuredmedia":[{"embeddable":true,"href":"https:\/\/totallubri.com.br\/index.php?rest_route=\/wp\/v2\/media\/3279"}],"wp:attachment":[{"href":"https:\/\/totallubri.com.br\/index.php?rest_route=%2Fwp%2Fv2%2Fmedia&parent=3276"}],"wp:term":[{"taxonomy":"product_brand","embeddable":true,"href":"https:\/\/totallubri.com.br\/index.php?rest_route=%2Fwp%2Fv2%2Fproduct_brand&post=3276"},{"taxonomy":"product_cat","embeddable":true,"href":"https:\/\/totallubri.com.br\/index.php?rest_route=%2Fwp%2Fv2%2Fproduct_cat&post=3276"},{"taxonomy":"product_tag","embeddable":true,"href":"https:\/\/totallubri.com.br\/index.php?rest_route=%2Fwp%2Fv2%2Fproduct_tag&post=3276"}],"curies":[{"name":"wp","href":"https:\/\/api.w.org\/{rel}","templated":true}]}}