{"id":3280,"date":"2016-12-22T15:04:38","date_gmt":"2016-12-22T17:04:38","guid":{"rendered":"http:\/\/totallubri.com.br\/wp\/?post_type=product&#038;p=3280"},"modified":"2025-02-27T12:04:37","modified_gmt":"2025-02-27T15:04:37","slug":"bico-manual-2100p-a-piusi","status":"publish","type":"product","link":"https:\/\/totallubri.com.br\/?product=bico-manual-2100p-a-piusi","title":{"rendered":"Bico Manual \u2013 2100P-A \u2013 PIUSI"},"content":{"rendered":"<p>C\u00f3d.: 2100P-A<br \/>\nProduto: Bico Manual<br \/>\nDescri\u00e7\u00e3o:<br \/>\nEm polopropileno, para flu\u00eddo de limpa para-brisas.<\/p>\n<p>Press\u00e3o m\u00e1xima de opera\u00e7\u00e3o 350 PSI<br \/>\nEntrada e sa\u00edda 1\/2&#8243;<\/p>\n<p>Peso 0,29 grs<br \/>\nMedidas (A) 320 mm<\/p>\n","protected":false},"excerpt":{"rendered":"<p>C\u00f3d.: 2100P-A Produto: Bico Manual Descri\u00e7\u00e3o: Em polopropileno, para flu\u00eddo de limpa para-brisas. Press\u00e3o m\u00e1xima de opera\u00e7\u00e3o 350 PSI Entrada e sa\u00edda 1\/2&#8243; Peso 0,29 grs Medidas (A) 320 mm<\/p>\n","protected":false},"featured_media":14960,"comment_status":"open","ping_status":"closed","template":"","meta":{"_exactmetrics_skip_tracking":false,"_exactmetrics_sitenote_active":false,"_exactmetrics_sitenote_note":"","_exactmetrics_sitenote_category":0},"product_brand":[],"product_cat":[106],"product_tag":[],"class_list":{"0":"post-3280","1":"product","2":"type-product","3":"status-publish","4":"has-post-thumbnail","6":"product_cat-bico-de-abastecimento-para-combustiveis","8":"first","9":"instock","10":"shipping-taxable","11":"product-type-simple"},"_links":{"self":[{"href":"https:\/\/totallubri.com.br\/index.php?rest_route=\/wp\/v2\/product\/3280","targetHints":{"allow":["GET"]}}],"collection":[{"href":"https:\/\/totallubri.com.br\/index.php?rest_route=\/wp\/v2\/product"}],"about":[{"href":"https:\/\/totallubri.com.br\/index.php?rest_route=\/wp\/v2\/types\/product"}],"replies":[{"embeddable":true,"href":"https:\/\/totallubri.com.br\/index.php?rest_route=%2Fwp%2Fv2%2Fcomments&post=3280"}],"wp:featuredmedia":[{"embeddable":true,"href":"https:\/\/totallubri.com.br\/index.php?rest_route=\/wp\/v2\/media\/14960"}],"wp:attachment":[{"href":"https:\/\/totallubri.com.br\/index.php?rest_route=%2Fwp%2Fv2%2Fmedia&parent=3280"}],"wp:term":[{"taxonomy":"product_brand","embeddable":true,"href":"https:\/\/totallubri.com.br\/index.php?rest_route=%2Fwp%2Fv2%2Fproduct_brand&post=3280"},{"taxonomy":"product_cat","embeddable":true,"href":"https:\/\/totallubri.com.br\/index.php?rest_route=%2Fwp%2Fv2%2Fproduct_cat&post=3280"},{"taxonomy":"product_tag","embeddable":true,"href":"https:\/\/totallubri.com.br\/index.php?rest_route=%2Fwp%2Fv2%2Fproduct_tag&post=3280"}],"curies":[{"name":"wp","href":"https:\/\/api.w.org\/{rel}","templated":true}]}}