{"id":3282,"date":"2016-12-22T15:04:38","date_gmt":"2016-12-22T17:04:38","guid":{"rendered":"http:\/\/totallubri.com.br\/wp\/?post_type=product&#038;p=3282"},"modified":"2024-12-05T17:05:56","modified_gmt":"2024-12-05T20:05:56","slug":"valvula-antigotejante-1974-va","status":"publish","type":"product","link":"https:\/\/totallubri.com.br\/?product=valvula-antigotejante-1974-va","title":{"rendered":"V\u00e1lvula Antigotejante \u2013 1974-VA -LUPUS"},"content":{"rendered":"<p>Descri\u00e7\u00e3o:V\u00e1lvula Antigotejante<br \/>\nEm a\u00e7o, com bico antigotejante.<\/p>\n<p>Entrada 1\/4&#8243; NPT<br \/>\nPress\u00e3o m\u00e1xima de opera\u00e7\u00e3o 1.500 PSI<\/p>\n<p>Peso 170 g<br \/>\nMedidas 5\/8&#8243;<\/p>\n","protected":false},"excerpt":{"rendered":"<p>Descri\u00e7\u00e3o:V\u00e1lvula Antigotejante Em a\u00e7o, com bico antigotejante. Entrada 1\/4&#8243; NPT Press\u00e3o m\u00e1xima de opera\u00e7\u00e3o 1.500 PSI Peso 170 g Medidas 5\/8&#8243;<\/p>\n","protected":false},"featured_media":3284,"comment_status":"open","ping_status":"closed","template":"","meta":{"_exactmetrics_skip_tracking":false,"_exactmetrics_sitenote_active":false,"_exactmetrics_sitenote_note":"","_exactmetrics_sitenote_category":0},"product_brand":[],"product_cat":[114],"product_tag":[],"class_list":{"0":"post-3282","1":"product","2":"type-product","3":"status-publish","4":"has-post-thumbnail","6":"product_cat-solucoes-para-abastecimento","8":"first","9":"instock","10":"shipping-taxable","11":"product-type-simple"},"_links":{"self":[{"href":"https:\/\/totallubri.com.br\/index.php?rest_route=\/wp\/v2\/product\/3282","targetHints":{"allow":["GET"]}}],"collection":[{"href":"https:\/\/totallubri.com.br\/index.php?rest_route=\/wp\/v2\/product"}],"about":[{"href":"https:\/\/totallubri.com.br\/index.php?rest_route=\/wp\/v2\/types\/product"}],"replies":[{"embeddable":true,"href":"https:\/\/totallubri.com.br\/index.php?rest_route=%2Fwp%2Fv2%2Fcomments&post=3282"}],"wp:featuredmedia":[{"embeddable":true,"href":"https:\/\/totallubri.com.br\/index.php?rest_route=\/wp\/v2\/media\/3284"}],"wp:attachment":[{"href":"https:\/\/totallubri.com.br\/index.php?rest_route=%2Fwp%2Fv2%2Fmedia&parent=3282"}],"wp:term":[{"taxonomy":"product_brand","embeddable":true,"href":"https:\/\/totallubri.com.br\/index.php?rest_route=%2Fwp%2Fv2%2Fproduct_brand&post=3282"},{"taxonomy":"product_cat","embeddable":true,"href":"https:\/\/totallubri.com.br\/index.php?rest_route=%2Fwp%2Fv2%2Fproduct_cat&post=3282"},{"taxonomy":"product_tag","embeddable":true,"href":"https:\/\/totallubri.com.br\/index.php?rest_route=%2Fwp%2Fv2%2Fproduct_tag&post=3282"}],"curies":[{"name":"wp","href":"https:\/\/api.w.org\/{rel}","templated":true}]}}