{"id":3288,"date":"2016-12-22T15:06:45","date_gmt":"2016-12-22T17:06:45","guid":{"rendered":"http:\/\/totallubri.com.br\/wp\/?post_type=product&#038;p=3288"},"modified":"2024-12-19T15:17:58","modified_gmt":"2024-12-19T18:17:58","slug":"bomba-de-duplo-diafragma-9194-samoa","status":"publish","type":"product","link":"https:\/\/totallubri.com.br\/?product=bomba-de-duplo-diafragma-9194-samoa","title":{"rendered":"Bomba de Duplo Diafragma \u2013 9194 \u2013 Samoa"},"content":{"rendered":"<p>\u00c9 uma bomba de uso bem variado, pode ser utilizada em ind\u00fastrias, transportadoras, para transferir \u00d3leo Diesel de tanques ou m\u00e1quinas.<\/p>\n<p>Descri\u00e7\u00e3o:Bomba de Duplo Diafragma<br \/>\nEm alum\u00ednio, pneum\u00e1tica, com diafragma em hytrel e esferas em acetal, para \u00f3leo lubrificante, \u00f3leo usado, diesel e flu\u00eddos de arrefecimento.<\/p>\n<p>Vaz\u00e3o livre 50 L\/min<br \/>\nEntrada de ar 3\/8&#8243; BSP<br \/>\nPress\u00e3o de entrada de ar 45 a 100 PSI<br \/>\nConsumo de ar 10,5 pes\u00b3\/min<br \/>\nEntrada e sa\u00edda 1\/2&#8243; BSP<\/p>\n<p>Peso 3,5 kg<br \/>\nMedidas (A) 165 mm x (L) 160 mm<\/p>\n","protected":false},"excerpt":{"rendered":"<p>\u00c9 uma bomba de uso bem variado, pode ser utilizada em ind\u00fastrias, transportadoras, para transferir \u00d3leo Diesel de tanques ou m\u00e1quinas. Descri\u00e7\u00e3o:Bomba de Duplo Diafragma Em alum\u00ednio, pneum\u00e1tica, com diafragma em hytrel e esferas em acetal, para \u00f3leo lubrificante, \u00f3leo usado, diesel e flu\u00eddos de arrefecimento. Vaz\u00e3o livre 50 L\/min Entrada de ar 3\/8&#8243; BSP [&hellip;]<\/p>\n","protected":false},"featured_media":3291,"comment_status":"open","ping_status":"closed","template":"","meta":{"_exactmetrics_skip_tracking":false,"_exactmetrics_sitenote_active":false,"_exactmetrics_sitenote_note":"","_exactmetrics_sitenote_category":0},"product_brand":[],"product_cat":[95],"product_tag":[],"class_list":{"0":"post-3288","1":"product","2":"type-product","3":"status-publish","4":"has-post-thumbnail","6":"product_cat-bomba-diafragma-palhetas-e-engrenagens","8":"first","9":"instock","10":"shipping-taxable","11":"product-type-simple"},"_links":{"self":[{"href":"https:\/\/totallubri.com.br\/index.php?rest_route=\/wp\/v2\/product\/3288","targetHints":{"allow":["GET"]}}],"collection":[{"href":"https:\/\/totallubri.com.br\/index.php?rest_route=\/wp\/v2\/product"}],"about":[{"href":"https:\/\/totallubri.com.br\/index.php?rest_route=\/wp\/v2\/types\/product"}],"replies":[{"embeddable":true,"href":"https:\/\/totallubri.com.br\/index.php?rest_route=%2Fwp%2Fv2%2Fcomments&post=3288"}],"wp:featuredmedia":[{"embeddable":true,"href":"https:\/\/totallubri.com.br\/index.php?rest_route=\/wp\/v2\/media\/3291"}],"wp:attachment":[{"href":"https:\/\/totallubri.com.br\/index.php?rest_route=%2Fwp%2Fv2%2Fmedia&parent=3288"}],"wp:term":[{"taxonomy":"product_brand","embeddable":true,"href":"https:\/\/totallubri.com.br\/index.php?rest_route=%2Fwp%2Fv2%2Fproduct_brand&post=3288"},{"taxonomy":"product_cat","embeddable":true,"href":"https:\/\/totallubri.com.br\/index.php?rest_route=%2Fwp%2Fv2%2Fproduct_cat&post=3288"},{"taxonomy":"product_tag","embeddable":true,"href":"https:\/\/totallubri.com.br\/index.php?rest_route=%2Fwp%2Fv2%2Fproduct_tag&post=3288"}],"curies":[{"name":"wp","href":"https:\/\/api.w.org\/{rel}","templated":true}]}}