{"id":3290,"date":"2016-12-22T15:06:57","date_gmt":"2016-12-22T17:06:57","guid":{"rendered":"http:\/\/totallubri.com.br\/wp\/?post_type=product&#038;p=3290"},"modified":"2024-12-19T15:15:44","modified_gmt":"2024-12-19T18:15:44","slug":"valvula-antitransbordo-de-descarga-para-tanques-plasticos-9938","status":"publish","type":"product","link":"https:\/\/totallubri.com.br\/?product=valvula-antitransbordo-de-descarga-para-tanques-plasticos-9938","title":{"rendered":"Valvula Antitransbordo de Descarga para Tanques Plasticos -9938-LUPUS"},"content":{"rendered":"<p>Descri\u00e7\u00e3o:Valvula Antitransbordo de Descarga para Tanques Plasticos<br \/>\nV\u00e1lvula com mecanismo de reten\u00e7\u00e3o que interrompe o abastecimento do tanque quando atingido o n\u00edvel m\u00e1ximo.<br \/>\nPara aplica\u00e7\u00f5es em que o tanque \u00e9 abastecido por caminh\u00f5es que possuem bomba de descarga.<\/p>\n<p>Conex\u00e3o 60 mm<br \/>\ndiretamente adapt\u00e1vel ao tanque<br \/>\nVaz\u00e3o livre 35 a 600 L\/min<br \/>\nPress\u00e3o m\u00e1xima de opera\u00e7\u00e3o 2 a 87 PSI<\/p>\n<p>Peso 1,04 kg<br \/>\nMedida (A) 295 mm<\/p>\n","protected":false},"excerpt":{"rendered":"<p>Descri\u00e7\u00e3o:Valvula Antitransbordo de Descarga para Tanques Plasticos V\u00e1lvula com mecanismo de reten\u00e7\u00e3o que interrompe o abastecimento do tanque quando atingido o n\u00edvel m\u00e1ximo. Para aplica\u00e7\u00f5es em que o tanque \u00e9 abastecido por caminh\u00f5es que possuem bomba de descarga. Conex\u00e3o 60 mm diretamente adapt\u00e1vel ao tanque Vaz\u00e3o livre 35 a 600 L\/min Press\u00e3o m\u00e1xima de opera\u00e7\u00e3o [&hellip;]<\/p>\n","protected":false},"featured_media":3292,"comment_status":"open","ping_status":"closed","template":"","meta":{"_exactmetrics_skip_tracking":false,"_exactmetrics_sitenote_active":false,"_exactmetrics_sitenote_note":"","_exactmetrics_sitenote_category":0},"product_brand":[],"product_cat":[105],"product_tag":[],"class_list":{"0":"post-3290","1":"product","2":"type-product","3":"status-publish","4":"has-post-thumbnail","6":"product_cat-acessorios-para-ibc","8":"first","9":"instock","10":"shipping-taxable","11":"product-type-simple"},"_links":{"self":[{"href":"https:\/\/totallubri.com.br\/index.php?rest_route=\/wp\/v2\/product\/3290","targetHints":{"allow":["GET"]}}],"collection":[{"href":"https:\/\/totallubri.com.br\/index.php?rest_route=\/wp\/v2\/product"}],"about":[{"href":"https:\/\/totallubri.com.br\/index.php?rest_route=\/wp\/v2\/types\/product"}],"replies":[{"embeddable":true,"href":"https:\/\/totallubri.com.br\/index.php?rest_route=%2Fwp%2Fv2%2Fcomments&post=3290"}],"wp:featuredmedia":[{"embeddable":true,"href":"https:\/\/totallubri.com.br\/index.php?rest_route=\/wp\/v2\/media\/3292"}],"wp:attachment":[{"href":"https:\/\/totallubri.com.br\/index.php?rest_route=%2Fwp%2Fv2%2Fmedia&parent=3290"}],"wp:term":[{"taxonomy":"product_brand","embeddable":true,"href":"https:\/\/totallubri.com.br\/index.php?rest_route=%2Fwp%2Fv2%2Fproduct_brand&post=3290"},{"taxonomy":"product_cat","embeddable":true,"href":"https:\/\/totallubri.com.br\/index.php?rest_route=%2Fwp%2Fv2%2Fproduct_cat&post=3290"},{"taxonomy":"product_tag","embeddable":true,"href":"https:\/\/totallubri.com.br\/index.php?rest_route=%2Fwp%2Fv2%2Fproduct_tag&post=3290"}],"curies":[{"name":"wp","href":"https:\/\/api.w.org\/{rel}","templated":true}]}}