{"id":3293,"date":"2016-12-22T15:07:54","date_gmt":"2016-12-22T17:07:54","guid":{"rendered":"http:\/\/totallubri.com.br\/wp\/?post_type=product&#038;p=3293"},"modified":"2024-12-22T15:14:12","modified_gmt":"2024-12-22T18:14:12","slug":"bomba-de-duplo-diafragma-9195-samoa-2","status":"publish","type":"product","link":"https:\/\/totallubri.com.br\/?product=bomba-de-duplo-diafragma-9195-samoa-2","title":{"rendered":"Bomba de Duplo Diafragma 9195 \u2013 Samoa"},"content":{"rendered":"<p>Muito utilizada em ind\u00fastrias, transportadoras, para transferir flu\u00eddos de tanques ou m\u00e1quinas, de f\u00e1cil manuseio.<\/p>\n<p>Descri\u00e7\u00e3o:Bomba de Duplo Diafragma &#8211; 9195<br \/>\nEm n\u00edquel, revestida em alum\u00ednio, pneum\u00e1tica, com diafragma em hytrel e esferas em acetal, para \u00e1gua, flu\u00eddo de freio, flu\u00eddo de arrefecimento, produtos qu\u00edmicos e detergentes.<\/p>\n<p>Vaz\u00e3o livre 50 L\/min<br \/>\nEntrada de ar 3\/8&#8243;<br \/>\nPress\u00e3o de entrada de ar 45 a 100 PSI<br \/>\nConsumo de ar 10,5 pes\u00b3\/min<br \/>\nEntrada e sa\u00edda 1\/2&#8243; BSP<\/p>\n<p>Peso 3,5 kg<br \/>\nMedidas (A) 165 mm x (L) 160 mm<\/p>\n","protected":false},"excerpt":{"rendered":"<p>Muito utilizada em ind\u00fastrias, transportadoras, para transferir flu\u00eddos de tanques ou m\u00e1quinas, de f\u00e1cil manuseio. Descri\u00e7\u00e3o:Bomba de Duplo Diafragma &#8211; 9195 Em n\u00edquel, revestida em alum\u00ednio, pneum\u00e1tica, com diafragma em hytrel e esferas em acetal, para \u00e1gua, flu\u00eddo de freio, flu\u00eddo de arrefecimento, produtos qu\u00edmicos e detergentes. Vaz\u00e3o livre 50 L\/min Entrada de ar 3\/8&#8243; [&hellip;]<\/p>\n","protected":false},"featured_media":3295,"comment_status":"open","ping_status":"closed","template":"","meta":{"_exactmetrics_skip_tracking":false,"_exactmetrics_sitenote_active":false,"_exactmetrics_sitenote_note":"","_exactmetrics_sitenote_category":0},"product_brand":[],"product_cat":[95],"product_tag":[],"class_list":{"0":"post-3293","1":"product","2":"type-product","3":"status-publish","4":"has-post-thumbnail","6":"product_cat-bomba-diafragma-palhetas-e-engrenagens","8":"first","9":"instock","10":"shipping-taxable","11":"product-type-simple"},"_links":{"self":[{"href":"https:\/\/totallubri.com.br\/index.php?rest_route=\/wp\/v2\/product\/3293","targetHints":{"allow":["GET"]}}],"collection":[{"href":"https:\/\/totallubri.com.br\/index.php?rest_route=\/wp\/v2\/product"}],"about":[{"href":"https:\/\/totallubri.com.br\/index.php?rest_route=\/wp\/v2\/types\/product"}],"replies":[{"embeddable":true,"href":"https:\/\/totallubri.com.br\/index.php?rest_route=%2Fwp%2Fv2%2Fcomments&post=3293"}],"wp:featuredmedia":[{"embeddable":true,"href":"https:\/\/totallubri.com.br\/index.php?rest_route=\/wp\/v2\/media\/3295"}],"wp:attachment":[{"href":"https:\/\/totallubri.com.br\/index.php?rest_route=%2Fwp%2Fv2%2Fmedia&parent=3293"}],"wp:term":[{"taxonomy":"product_brand","embeddable":true,"href":"https:\/\/totallubri.com.br\/index.php?rest_route=%2Fwp%2Fv2%2Fproduct_brand&post=3293"},{"taxonomy":"product_cat","embeddable":true,"href":"https:\/\/totallubri.com.br\/index.php?rest_route=%2Fwp%2Fv2%2Fproduct_cat&post=3293"},{"taxonomy":"product_tag","embeddable":true,"href":"https:\/\/totallubri.com.br\/index.php?rest_route=%2Fwp%2Fv2%2Fproduct_tag&post=3293"}],"curies":[{"name":"wp","href":"https:\/\/api.w.org\/{rel}","templated":true}]}}