{"id":3314,"date":"2016-12-22T15:14:09","date_gmt":"2016-12-22T17:14:09","guid":{"rendered":"http:\/\/totallubri.com.br\/wp\/?post_type=product&#038;p=3314"},"modified":"2024-11-21T15:06:39","modified_gmt":"2024-11-21T18:06:39","slug":"bomba-de-transferencia-manual-9009-a-lupus","status":"publish","type":"product","link":"https:\/\/totallubri.com.br\/?product=bomba-de-transferencia-manual-9009-a-lupus","title":{"rendered":"Bomba de Transfer\u00eancia Manual &#8211; 9009-A &#8211; Lupus"},"content":{"rendered":"<p>C\u00f3d.: 9009-A<br \/>\nProduto: Bomba de Transfer\u00eancia Manual<br \/>\nDescri\u00e7\u00e3o:<br \/>\nEm polipropileno, adapt\u00e1vel a baldes de 20 L, para aguarr\u00e1s mineral, gasolina branca, querosene e \u00e1gua.<\/p>\n<p>Vaz\u00e3o livre . 125 ml\/ciclo<\/p>\n<p>Mangueira . n\u00e3o acompanha<\/p>\n<p>Peso: 300 g . Medidas: (A) 560 mm x (L) 55 mm<\/p>\n","protected":false},"excerpt":{"rendered":"<p>C\u00f3d.: 9009-A Produto: Bomba de Transfer\u00eancia Manual Descri\u00e7\u00e3o: Em polipropileno, adapt\u00e1vel a baldes de 20 L, para aguarr\u00e1s mineral, gasolina branca, querosene e \u00e1gua. Vaz\u00e3o livre . 125 ml\/ciclo Mangueira . n\u00e3o acompanha Peso: 300 g . Medidas: (A) 560 mm x (L) 55 mm<\/p>\n","protected":false},"featured_media":3318,"comment_status":"open","ping_status":"closed","template":"","meta":{"_exactmetrics_skip_tracking":false,"_exactmetrics_sitenote_active":false,"_exactmetrics_sitenote_note":"","_exactmetrics_sitenote_category":0},"product_brand":[],"product_cat":[99],"product_tag":[],"class_list":{"0":"post-3314","1":"product","2":"type-product","3":"status-publish","4":"has-post-thumbnail","6":"product_cat-bomba-manual-para-liquidos","8":"first","9":"instock","10":"shipping-taxable","11":"product-type-simple"},"_links":{"self":[{"href":"https:\/\/totallubri.com.br\/index.php?rest_route=\/wp\/v2\/product\/3314","targetHints":{"allow":["GET"]}}],"collection":[{"href":"https:\/\/totallubri.com.br\/index.php?rest_route=\/wp\/v2\/product"}],"about":[{"href":"https:\/\/totallubri.com.br\/index.php?rest_route=\/wp\/v2\/types\/product"}],"replies":[{"embeddable":true,"href":"https:\/\/totallubri.com.br\/index.php?rest_route=%2Fwp%2Fv2%2Fcomments&post=3314"}],"wp:featuredmedia":[{"embeddable":true,"href":"https:\/\/totallubri.com.br\/index.php?rest_route=\/wp\/v2\/media\/3318"}],"wp:attachment":[{"href":"https:\/\/totallubri.com.br\/index.php?rest_route=%2Fwp%2Fv2%2Fmedia&parent=3314"}],"wp:term":[{"taxonomy":"product_brand","embeddable":true,"href":"https:\/\/totallubri.com.br\/index.php?rest_route=%2Fwp%2Fv2%2Fproduct_brand&post=3314"},{"taxonomy":"product_cat","embeddable":true,"href":"https:\/\/totallubri.com.br\/index.php?rest_route=%2Fwp%2Fv2%2Fproduct_cat&post=3314"},{"taxonomy":"product_tag","embeddable":true,"href":"https:\/\/totallubri.com.br\/index.php?rest_route=%2Fwp%2Fv2%2Fproduct_tag&post=3314"}],"curies":[{"name":"wp","href":"https:\/\/api.w.org\/{rel}","templated":true}]}}