{"id":3350,"date":"2016-12-22T18:08:53","date_gmt":"2016-12-22T20:08:53","guid":{"rendered":"http:\/\/totallubri.com.br\/wp\/?post_type=product&#038;p=3350"},"modified":"2024-11-20T21:39:37","modified_gmt":"2024-11-21T00:39:37","slug":"bomba-de-palhetas-9165-lupus","status":"publish","type":"product","link":"https:\/\/totallubri.com.br\/?product=bomba-de-palhetas-9165-lupus","title":{"rendered":"Bomba de Palhetas &#8211; 9165 &#8211; Lupus"},"content":{"rendered":"<div class=\"tit_produto\"><strong>\u00a0<\/strong><\/div>\n<div class=\"cont_produto\">\n<p><strong>Descri\u00e7\u00e3o:<\/strong><\/p>\n<p align=\"left\">Carca\u00e7a em ferro nodular, com v\u00e1lvula by-pass, para l\u00edquidos de baixa e alta viscosidade.<\/p>\n<p align=\"left\"><span style=\"font-family: HelveticaNeue-LightCond; font-size: xx-small;\"><span style=\"font-size: small;\">Vaz\u00e3o livre . <\/span><\/span><b><span style=\"font-family: HelveticaNeue-Bold;\">300 a 500 L\/min<br \/>\n<\/span><\/b><span style=\"font-family: HelveticaNeue-LightCond;\">Alimenta\u00e7\u00e3o . <\/span><b><span style=\"font-family: HelveticaNeue-Bold;\">220 V<br \/>\n<\/span><\/b><span style=\"font-family: HelveticaNeue-LightCond;\">Press\u00e3o m\u00e1xima de opera\u00e7\u00e3o . <\/span><b><span style=\"font-family: HelveticaNeue-Bold;\">120 PSI<br \/>\n<\/span><\/b><span style=\"font-family: HelveticaNeue-LightCond;\">Entrada e sa\u00edda . <\/span><span style=\"font-family: HelveticaNeue-Light;\">\u00f8 <\/span><b><span style=\"font-family: HelveticaNeue-Bold;\">2 1\/2\u201d <\/span><\/b><span style=\"font-family: HelveticaNeue-UltraLight;\">\/ <\/span><b><span style=\"font-family: HelveticaNeue-Bold;\">flangeado<br \/>\n<\/span><\/b><span style=\"font-family: HelveticaNeue-LightCond;\">Sugest\u00e3o de motor . <\/span><b><span style=\"font-family: HelveticaNeue-Bold;\">5 cv <\/span><\/b><span style=\"font-family: HelveticaNeue-UltraLight;\">\/ <\/span><b><span style=\"font-family: HelveticaNeue-Bold;\">4 Kw<br \/>\nXIII p\u00f3los <\/span><\/b><span style=\"font-family: HelveticaNeue-UltraLight;\">\/ <\/span><b><span style=\"font-family: HelveticaNeue-Bold;\">600 RPM<br \/>\n<\/span><\/b><span style=\"font-family: HelveticaNeue-LightCond;\">Peso: 40 kg . Medidas: (A) 440 mm x (L) 380 mm<\/span><\/p>\n<\/div>\n","protected":false},"excerpt":{"rendered":"<p>\u00a0 Descri\u00e7\u00e3o: Carca\u00e7a em ferro nodular, com v\u00e1lvula by-pass, para l\u00edquidos de baixa e alta viscosidade. Vaz\u00e3o livre . 300 a 500 L\/min Alimenta\u00e7\u00e3o . 220 V Press\u00e3o m\u00e1xima de opera\u00e7\u00e3o . 120 PSI Entrada e sa\u00edda . \u00f8 2 1\/2\u201d \/ flangeado Sugest\u00e3o de motor . 5 cv \/ 4 Kw XIII p\u00f3los \/ [&hellip;]<\/p>\n","protected":false},"featured_media":3351,"comment_status":"open","ping_status":"closed","template":"","meta":{"_exactmetrics_skip_tracking":false,"_exactmetrics_sitenote_active":false,"_exactmetrics_sitenote_note":"","_exactmetrics_sitenote_category":0},"product_brand":[],"product_cat":[95],"product_tag":[],"class_list":{"0":"post-3350","1":"product","2":"type-product","3":"status-publish","4":"has-post-thumbnail","6":"product_cat-bomba-diafragma-palhetas-e-engrenagens","8":"first","9":"instock","10":"shipping-taxable","11":"product-type-simple"},"_links":{"self":[{"href":"https:\/\/totallubri.com.br\/index.php?rest_route=\/wp\/v2\/product\/3350","targetHints":{"allow":["GET"]}}],"collection":[{"href":"https:\/\/totallubri.com.br\/index.php?rest_route=\/wp\/v2\/product"}],"about":[{"href":"https:\/\/totallubri.com.br\/index.php?rest_route=\/wp\/v2\/types\/product"}],"replies":[{"embeddable":true,"href":"https:\/\/totallubri.com.br\/index.php?rest_route=%2Fwp%2Fv2%2Fcomments&post=3350"}],"wp:featuredmedia":[{"embeddable":true,"href":"https:\/\/totallubri.com.br\/index.php?rest_route=\/wp\/v2\/media\/3351"}],"wp:attachment":[{"href":"https:\/\/totallubri.com.br\/index.php?rest_route=%2Fwp%2Fv2%2Fmedia&parent=3350"}],"wp:term":[{"taxonomy":"product_brand","embeddable":true,"href":"https:\/\/totallubri.com.br\/index.php?rest_route=%2Fwp%2Fv2%2Fproduct_brand&post=3350"},{"taxonomy":"product_cat","embeddable":true,"href":"https:\/\/totallubri.com.br\/index.php?rest_route=%2Fwp%2Fv2%2Fproduct_cat&post=3350"},{"taxonomy":"product_tag","embeddable":true,"href":"https:\/\/totallubri.com.br\/index.php?rest_route=%2Fwp%2Fv2%2Fproduct_tag&post=3350"}],"curies":[{"name":"wp","href":"https:\/\/api.w.org\/{rel}","templated":true}]}}